{"id":9630,"date":"2025-09-03T19:24:27","date_gmt":"2025-09-03T17:24:27","guid":{"rendered":"https:\/\/galicia.wordcamp.org\/2025\/?page_id=9630"},"modified":"2025-09-03T19:24:27","modified_gmt":"2025-09-03T17:24:27","slug":"onde-aloxarse-en-pontevedra","status":"publish","type":"page","link":"https:\/\/galicia.wordcamp.org\/2025\/onde-aloxarse-en-pontevedra\/","title":{"rendered":"Ideas de aloxamento en Pontevedra"},"content":{"rendered":"\n<div class=\"wp-block-group has-global-padding is-layout-constrained wp-block-group-is-layout-constrained\" style=\"margin-bottom:48px;padding-top:48px;padding-bottom:48px\">\n<p class=\"has-text-align-center has-medium-font-size wp-block-paragraph\">Se es das persoas organizadas que marcan todo no calendario con meses de antelaci\u00f3n, seguramente xa tes o teu aloxamento reservado para a <strong>WordCamp Galicia 2025<\/strong> en Pontevedra.<\/p>\n\n\n\n<p class=\"has-text-align-center has-medium-font-size wp-block-paragraph\">Pero se es das que o deixan para \u00faltima hora, porque estiveches a mil cousas ou porque che vai m\u00e1is improvisar\u2026 non te preocupes! Aqu\u00ed deix\u00e1mosche algunhas ideas para atopar onde quedar esa fin de semana.<\/p>\n<\/div>\n\n\n\n<div class=\"wp-block-group alignfull is-layout-flow wp-container-core-group-is-layout-c2db5122 wp-block-group-is-layout-flow\" style=\"padding-right:0px;padding-left:0px\">\n<figure class=\"wp-block-image alignfull size-large\"><img loading=\"lazy\" decoding=\"async\" width=\"1024\" height=\"48\" src=\"https:\/\/galicia.wordcamp.org\/2025\/files\/2025\/05\/onda-color-claro-1024x48.png\" alt=\"\" class=\"wp-image-7882\" srcset=\"https:\/\/galicia.wordcamp.org\/2025\/files\/2025\/05\/onda-color-claro-1024x48.png 1024w, https:\/\/galicia.wordcamp.org\/2025\/files\/2025\/05\/onda-color-claro-300x14.png 300w, https:\/\/galicia.wordcamp.org\/2025\/files\/2025\/05\/onda-color-claro-768x36.png 768w, https:\/\/galicia.wordcamp.org\/2025\/files\/2025\/05\/onda-color-claro-500x23.png 500w, https:\/\/galicia.wordcamp.org\/2025\/files\/2025\/05\/onda-color-claro-1536x72.png 1536w, https:\/\/galicia.wordcamp.org\/2025\/files\/2025\/05\/onda-color-claro.png 1920w\" sizes=\"auto, (max-width: 1024px) 100vw, 1024px\" \/><\/figure>\n\n\n\n<div class=\"wp-block-group has-contrast-color has-base-2-background-color has-text-color has-background has-link-color wp-elements-dcadc6e048b475e17dba4a5203156e7e has-global-padding is-layout-constrained wp-container-core-group-is-layout-bd405055 wp-block-group-is-layout-constrained\" style=\"padding-top:0px;padding-bottom:80px\">\n<div class=\"wp-block-media-text is-stacked-on-mobile\" style=\"padding-top:24px;padding-bottom:24px;grid-template-columns:40% auto\"><figure class=\"wp-block-media-text__media\"><img loading=\"lazy\" decoding=\"async\" width=\"540\" height=\"395\" src=\"https:\/\/galicia.wordcamp.org\/2025\/files\/2025\/06\/Parador-Turismo-Pontevedra.webp\" alt=\"Parador-Turismo-Pontevedra\" class=\"wp-image-9620 size-full\" srcset=\"https:\/\/galicia.wordcamp.org\/2025\/files\/2025\/06\/Parador-Turismo-Pontevedra.webp 540w, https:\/\/galicia.wordcamp.org\/2025\/files\/2025\/06\/Parador-Turismo-Pontevedra-300x219.webp 300w, https:\/\/galicia.wordcamp.org\/2025\/files\/2025\/06\/Parador-Turismo-Pontevedra-410x300.webp 410w\" sizes=\"auto, (max-width: 540px) 100vw, 540px\" \/><\/figure><div class=\"wp-block-media-text__content\">\n<div class=\"wp-block-columns are-vertically-aligned-center is-layout-flex wp-container-core-columns-is-layout-da166788 wp-block-columns-is-layout-flex\">\n<div class=\"wp-block-column is-vertically-aligned-center is-layout-flow wp-block-column-is-layout-flow\" style=\"flex-basis:66.66%\">\n<h2 class=\"wp-block-heading has-accent-4-color has-text-color has-link-color has-large-font-size wp-elements-5e5eaf3c39397c4df77765150a13b66d\" style=\"line-height:1.2\">Hoteis, hostais e albergues para todos os gustos<\/h2>\n<\/div>\n<\/div>\n\n\n\n<p class=\"has-text-align-left has-medium-font-size wp-block-paragraph\"><strong>Pontevedra <\/strong>ten moitas opci\u00f3ns de aloxamento e para todos os petos: desde albergues frecuentados por peregrinos ata hoteis no centro con todas as comodidades. Incluso podes darte un capricho e durmir no parador da cidade.<\/p>\n\n\n\n<p class=\"wp-block-paragraph\">A\u00ednda que a WordCamp cel\u00e9brase no <strong>Campus Universitario<\/strong>, as distancias en Pontevedra son curtas, as\u00ed que podes buscar aloxamento en calquera zona (\u00a1o casco vello \u00e9 unha marabilla!) e moverte comodamente a p\u00e9. As\u00ed aproveitas para co\u00f1ecer mellor a cidade mentres vas e v\u00e9s das actividades.<\/p>\n<\/div><\/div>\n\n\n\n<div class=\"wp-block-media-text has-media-on-the-right is-stacked-on-mobile\" style=\"padding-top:24px;padding-bottom:24px;grid-template-columns:auto 40%\"><div class=\"wp-block-media-text__content\">\n<div class=\"wp-block-columns are-vertically-aligned-center is-layout-flex wp-container-core-columns-is-layout-da166788 wp-block-columns-is-layout-flex\">\n<div class=\"wp-block-column is-vertically-aligned-center is-layout-flow wp-block-column-is-layout-flow\" style=\"flex-basis:66.66%\">\n<h2 class=\"wp-block-heading has-accent-4-color has-text-color has-link-color has-large-font-size wp-elements-56a204c19ed1074d7e7cd6535c7d5249\" style=\"line-height:1.2\">Compartir aloxamento: m\u00e1is econ\u00f3mico e m\u00e1is divertido<\/h2>\n<\/div>\n<\/div>\n\n\n\n<p class=\"has-text-align-left has-medium-font-size wp-block-paragraph\">\u00bfV\u00e9s con m\u00e1is xente ou queres compartir gastos e experiencias?<br>Quizais un hotel non sexa o m\u00e1is axeitado. Plataformas como <a href=\"https:\/\/www.airbnb.es\/s\/Pontevedra\/homes?refinement_paths%5B%5D=%2Fhomes&amp;place_id=ChIJ16adM89xLw0R1DHkGzoWW20&amp;location_bb=QinOnMEJ0kNCKanwwQqjQg%3D%3D&amp;acp_id=1a389794-9f57-438b-a347-095338ecca90&amp;date_picker_type=calendar&amp;checkin=2025-10-03&amp;checkout=2025-10-05&amp;source=structured_search_input_header&amp;search_type=autocomplete_click\" data-type=\"link\" data-id=\"https:\/\/www.airbnb.es\/s\/Pontevedra\/homes?refinement_paths%5B%5D=%2Fhomes&amp;place_id=ChIJ16adM89xLw0R1DHkGzoWW20&amp;location_bb=QinOnMEJ0kNCKanwwQqjQg%3D%3D&amp;acp_id=1a389794-9f57-438b-a347-095338ecca90&amp;date_picker_type=calendar&amp;checkin=2025-10-03&amp;checkout=2025-10-05&amp;source=structured_search_input_header&amp;search_type=autocomplete_click\" target=\"_blank\" rel=\"noreferrer noopener\"><strong>Airbnb<\/strong><\/a> ou <a href=\"https:\/\/www.booking.com\/city\/es\/pontevedra.es.html\" data-type=\"link\" data-id=\"https:\/\/www.booking.com\/city\/es\/pontevedra.es.html\" target=\"_blank\" rel=\"noreferrer noopener\"><strong>Booking<\/strong> <\/a>te\u00f1en pisos e apartamentos que podes compartir con outras persoas asistentes \u00e1 WordCamp.<\/p>\n\n\n\n<p class=\"wp-block-paragraph\">E se queres quedar uns d\u00edas m\u00e1is ou combinar a viaxe cunha estancia de traballo remoto en plena natureza, b\u00f3talle un ollo a <strong>Anceu Coliving<\/strong>. \u00c9 un espazo colaborativo, ideal para co\u00f1ecer a outros n\u00f3mades dixitais. Ademais, colaboran connosco no do_action!<\/p>\n\n\n\n<p class=\"wp-block-paragraph\">\u00bfNada libre? \u00a1Pide sof\u00e1!<\/p>\n\n\n\n<p class=\"wp-block-paragraph\">\u00bfNon atopas nada libre? Pide sof\u00e1!<\/p>\n\n\n\n<p class=\"wp-block-paragraph\">E se todo falla\u2026 pensa nesas amizades que tes en Pontevedra ou arredores. Seguro que algu\u00e9n pode botarche unha man e ofrecerche un sof\u00e1 onde descansar despois dun d\u00eda intenso de charlas, networking e churrasco \ud83d\ude04<\/p>\n<\/div><figure class=\"wp-block-media-text__media\"><img loading=\"lazy\" decoding=\"async\" width=\"497\" height=\"339\" src=\"https:\/\/galicia.wordcamp.org\/2025\/files\/2025\/07\/compartir.png\" alt=\"\" class=\"wp-image-9701 size-full\" srcset=\"https:\/\/galicia.wordcamp.org\/2025\/files\/2025\/07\/compartir.png 497w, https:\/\/galicia.wordcamp.org\/2025\/files\/2025\/07\/compartir-300x205.png 300w, https:\/\/galicia.wordcamp.org\/2025\/files\/2025\/07\/compartir-440x300.png 440w\" sizes=\"auto, (max-width: 497px) 100vw, 497px\" \/><\/figure><\/div>\n\n\n\n<div class=\"wp-block-media-text is-stacked-on-mobile\" style=\"padding-top:24px;padding-bottom:24px;grid-template-columns:40% auto\"><figure class=\"wp-block-media-text__media\"><img loading=\"lazy\" decoding=\"async\" width=\"540\" height=\"395\" src=\"https:\/\/galicia.wordcamp.org\/2025\/files\/2025\/05\/eneko-patros.webp\" alt=\"Eneko Garrido\" class=\"wp-image-8061 size-full\" srcset=\"https:\/\/galicia.wordcamp.org\/2025\/files\/2025\/05\/eneko-patros.webp 540w, https:\/\/galicia.wordcamp.org\/2025\/files\/2025\/05\/eneko-patros-300x219.webp 300w, https:\/\/galicia.wordcamp.org\/2025\/files\/2025\/05\/eneko-patros-410x300.webp 410w\" sizes=\"auto, (max-width: 540px) 100vw, 540px\" \/><\/figure><div class=\"wp-block-media-text__content\">\n<div class=\"wp-block-columns are-vertically-aligned-center is-layout-flex wp-container-core-columns-is-layout-da166788 wp-block-columns-is-layout-flex\">\n<div class=\"wp-block-column is-vertically-aligned-center is-layout-flow wp-block-column-is-layout-flow\" style=\"flex-basis:66.66%\">\n<h2 class=\"wp-block-heading has-accent-4-color has-text-color has-link-color has-x-large-font-size wp-elements-c52b9df36099b46df6d2f2cda4732a60\" style=\"line-height:1.2\">Lembra<\/h2>\n<\/div>\n<\/div>\n\n\n\n<p class=\"has-text-align-left has-medium-font-size wp-block-paragraph\">Vas pasar m\u00e1is tempo na WordCamp que no aloxamento, as\u00ed que non te estreses se non atopas o sitio perfecto. O importante \u00e9 que ve\u00f1as e desfrutes do evento.<\/p>\n\n\n\n<p class=\"has-text-align-left has-medium-font-size wp-block-paragraph\">Xa non tes desculpa\u2026<\/p>\n\n\n\n<p class=\"has-text-align-left has-medium-font-size wp-block-paragraph\"><br><a href=\"https:\/\/galicia.wordcamp.org\/2025\/entradas\/\" data-type=\"page\" data-id=\"127\" target=\"_blank\" rel=\"noreferrer noopener\">\ud83d\udc49 <strong>Merca a t\u00faa entrada e v\u00e9monos do 3 ao 5 de outubro en Pontevedra.<\/strong><\/a><\/p>\n\n\n\n<p class=\"has-text-align-left has-medium-font-size wp-block-paragraph\"><br>\u00a1Vai ser inesquecible!<\/p>\n<\/div><\/div>\n<\/div>\n<\/div>\n\n\n\n<div class=\"wp-block-group alignfull has-accent-4-background-color has-background is-layout-flow wp-block-group-is-layout-flow\" style=\"margin-top:0px;margin-bottom:0px;padding-top:48px;padding-right:4%;padding-bottom:48px;padding-left:4%\">\n<h2 class=\"wp-block-heading has-text-align-center has-base-color has-text-color has-link-color wp-elements-034c07a236c6cdbe619050d4509152b8\">A\u00ednda non tes a t\u00faa entrada?\u00a0<\/h2>\n\n\n\n<p class=\"has-text-align-center has-base-2-color has-text-color has-link-color wp-elements-dbe7e8bb3729036ffcf7131ff8135db4 wp-block-paragraph\">Se queres acudir \u00e1s Conferencias e \u00f3 D\u00eda da Comunidade, non esquezas mercar a t\u00faa entrada<\/p>\n\n\n\n<div class=\"wp-block-buttons is-content-justification-center is-layout-flex wp-container-core-buttons-is-layout-ff57ccb5 wp-block-buttons-is-layout-flex\" style=\"margin-top:24px;margin-bottom:24px\">\n<div class=\"wp-block-button is-style-fill sombra-verde\"><a class=\"wp-block-button__link has-accent-4-color has-base-2-background-color has-text-color has-background has-link-color has-border-color wp-element-button\" href=\"https:\/\/galicia.wordcamp.org\/2025\/entradas\/\" style=\"border-color:#35ff69;border-radius:0px;padding-top:8px;padding-right:24px;padding-bottom:8px;padding-left:24px\">Mercar entrada<\/a><\/div>\n<\/div>\n<\/div>\n","protected":false},"excerpt":{"rendered":"<p>Se es das persoas organizadas que marcan todo no calendario con meses de antelaci\u00f3n, seguramente xa tes o teu aloxamento reservado para a WordCamp Galicia 2025 en Pontevedra. Pero se es das que o deixan para \u00faltima hora, porque estiveches a mil cousas ou porque che vai m\u00e1is improvisar\u2026 non te preocupes! Aqu\u00ed deix\u00e1mosche algunhas [&hellip;]<\/p>\n","protected":false},"author":18742608,"featured_media":0,"parent":0,"menu_order":0,"comment_status":"closed","ping_status":"closed","template":"page-gl","meta":{"_crdt_document":"","jetpack_post_was_ever_published":false,"footnotes":""},"class_list":["post-9630","page","type-page","status-publish","hentry"],"jetpack_sharing_enabled":true,"_links":{"self":[{"href":"https:\/\/galicia.wordcamp.org\/2025\/wp-json\/wp\/v2\/pages\/9630","targetHints":{"allow":["GET"]}}],"collection":[{"href":"https:\/\/galicia.wordcamp.org\/2025\/wp-json\/wp\/v2\/pages"}],"about":[{"href":"https:\/\/galicia.wordcamp.org\/2025\/wp-json\/wp\/v2\/types\/page"}],"author":[{"embeddable":true,"href":"https:\/\/galicia.wordcamp.org\/2025\/wp-json\/wp\/v2\/users\/18742608"}],"replies":[{"embeddable":true,"href":"https:\/\/galicia.wordcamp.org\/2025\/wp-json\/wp\/v2\/comments?post=9630"}],"version-history":[{"count":5,"href":"https:\/\/galicia.wordcamp.org\/2025\/wp-json\/wp\/v2\/pages\/9630\/revisions"}],"predecessor-version":[{"id":10585,"href":"https:\/\/galicia.wordcamp.org\/2025\/wp-json\/wp\/v2\/pages\/9630\/revisions\/10585"}],"wp:attachment":[{"href":"https:\/\/galicia.wordcamp.org\/2025\/wp-json\/wp\/v2\/media?parent=9630"}],"curies":[{"name":"wp","href":"https:\/\/api.w.org\/{rel}","templated":true}]}}