{"id":9510,"date":"2025-06-30T13:42:07","date_gmt":"2025-06-30T11:42:07","guid":{"rendered":"https:\/\/galicia.wordcamp.org\/2025\/?page_id=9510"},"modified":"2025-07-02T14:24:20","modified_gmt":"2025-07-02T12:24:20","slug":"como-llegar-wordcamp-galicia","status":"publish","type":"page","link":"https:\/\/galicia.wordcamp.org\/2025\/es\/como-llegar-wordcamp-galicia\/","title":{"rendered":"Te ayudamos a llegar a la WordCamp Galicia"},"content":{"rendered":"\n<div class=\"wp-block-group has-global-padding is-layout-constrained wp-block-group-is-layout-constrained\" style=\"margin-bottom:48px;padding-top:48px;padding-bottom:48px\">\n<p class=\"has-text-align-center has-medium-font-size wp-block-paragraph\" style=\"margin-top:40px;margin-bottom:40px\">La WordCamp Galicia se celebrar\u00e1 del 3\/5 de Octubre en la<strong> Facultad de  Comunicaci\u00f3n, en el Campos de Pontevedra<\/strong> de la Universidad de Vigo.\u00a0<\/p>\n\n\n\n<h2 class=\"wp-block-heading has-text-align-center has-accent-4-color has-text-color has-link-color wp-elements-45ec0c8c157c6e4e876a0ff584724100\">Mapa<\/h2>\n\n\n\n<div class=\"googlemaps\">\n\t\t\t\t<iframe loading=\"lazy\" width=\"650\" height=\"600\" frameborder=\"0\" scrolling=\"no\" marginheight=\"0\" marginwidth=\"0\"  src=\"https:\/\/www.google.com\/maps\/embed?pb=!1m14!1m8!1m3!1d5888.834365405078!2d-8.637876!3d42.440139!3m2!1i1024!2i768!4f13.1!3m3!1m2!1s0x0:0x9dd6bce210bb559!2sFacultade%20de%20Ciencias%20Sociais%20e%20da%20Comunicaci\u00f3n!5e0!3m2!1sen!2ses!4v1661413222371!5m2!1sen!2ses\"><\/iframe>\n\t\t\t<\/div>\n<\/div>\n\n\n\n<div class=\"wp-block-group alignfull is-layout-flow wp-container-core-group-is-layout-c2db5122 wp-block-group-is-layout-flow\" style=\"padding-right:0px;padding-left:0px\">\n<figure class=\"wp-block-image alignfull size-large\"><img loading=\"lazy\" decoding=\"async\" width=\"1024\" height=\"48\" src=\"https:\/\/galicia.wordcamp.org\/2025\/files\/2025\/05\/onda-color-claro-1024x48.png\" alt=\"\" class=\"wp-image-7882\" srcset=\"https:\/\/galicia.wordcamp.org\/2025\/files\/2025\/05\/onda-color-claro-1024x48.png 1024w, https:\/\/galicia.wordcamp.org\/2025\/files\/2025\/05\/onda-color-claro-300x14.png 300w, https:\/\/galicia.wordcamp.org\/2025\/files\/2025\/05\/onda-color-claro-768x36.png 768w, https:\/\/galicia.wordcamp.org\/2025\/files\/2025\/05\/onda-color-claro-500x23.png 500w, https:\/\/galicia.wordcamp.org\/2025\/files\/2025\/05\/onda-color-claro-1536x72.png 1536w, https:\/\/galicia.wordcamp.org\/2025\/files\/2025\/05\/onda-color-claro.png 1920w\" sizes=\"auto, (max-width: 1024px) 100vw, 1024px\" \/><\/figure>\n\n\n\n<div class=\"wp-block-group has-contrast-color has-base-2-background-color has-text-color has-background has-link-color wp-elements-87b8b5c14b642775baee2ed7ff47cb6a has-global-padding is-layout-constrained wp-container-core-group-is-layout-bd405055 wp-block-group-is-layout-constrained\" style=\"padding-top:0px;padding-bottom:80px\">\n<div class=\"wp-block-media-text is-stacked-on-mobile\" style=\"padding-top:24px;padding-bottom:24px;grid-template-columns:40% auto\"><figure class=\"wp-block-media-text__media\"><img loading=\"lazy\" decoding=\"async\" width=\"933\" height=\"1024\" src=\"https:\/\/galicia.wordcamp.org\/2025\/files\/2025\/06\/pontevedra-puntos-referencia-wordcamp-galicia-1.jpg\" alt=\"\" class=\"wp-image-9675 size-full\" srcset=\"https:\/\/galicia.wordcamp.org\/2025\/files\/2025\/06\/pontevedra-puntos-referencia-wordcamp-galicia-1.jpg 933w, https:\/\/galicia.wordcamp.org\/2025\/files\/2025\/06\/pontevedra-puntos-referencia-wordcamp-galicia-1-273x300.jpg 273w, https:\/\/galicia.wordcamp.org\/2025\/files\/2025\/06\/pontevedra-puntos-referencia-wordcamp-galicia-1-768x843.jpg 768w\" sizes=\"auto, (max-width: 933px) 100vw, 933px\" \/><\/figure><div class=\"wp-block-media-text__content\">\n<div class=\"wp-block-columns are-vertically-aligned-center is-layout-flex wp-container-core-columns-is-layout-da166788 wp-block-columns-is-layout-flex\">\n<div class=\"wp-block-column is-vertically-aligned-center is-layout-flow wp-block-column-is-layout-flow\" style=\"flex-basis:66.66%\">\n<h2 class=\"wp-block-heading has-accent-4-color has-text-color has-link-color has-x-large-font-size wp-elements-855966d428c6e45c269f6ca13fea63db\" style=\"line-height:1.2\">Pontevedra<\/h2>\n<\/div>\n<\/div>\n\n\n\n<p class=\"has-text-align-left has-medium-font-size wp-block-paragraph\"><strong>Si ya est\u00e1s en Pontevedra, la mejor manera de llegar a la WordCamp es andando<\/strong>, la ciudad es peque\u00f1a y f\u00e1cil de desplazarse en ella a pie.<\/p>\n\n\n\n<p class=\"has-text-align-left has-medium-font-size wp-block-paragraph\">En el mapa a continuaci\u00f3n, se\u00f1alamos los puntos m\u00e1s importantes:<\/p>\n\n\n\n<ul class=\"wp-block-list\">\n<li>Estaci\u00f3n de autobuses.<\/li>\n\n\n\n<li>Estaci\u00f3n de trenes RENFE.<\/li>\n\n\n\n<li>Casco antiguo, donde tendremos el After Party y comidas\/tapeo principal del viernes.<\/li>\n\n\n\n<li>Un punto muy conocido de la ciudad, la Iglesia de la Peregrina, que puedes usar como referencia.<\/li>\n<\/ul>\n<\/div><\/div>\n\n\n\n<div class=\"wp-block-media-text has-media-on-the-right is-stacked-on-mobile\" style=\"padding-top:24px;padding-bottom:24px;grid-template-columns:auto 40%\"><div class=\"wp-block-media-text__content\">\n<div class=\"wp-block-columns are-vertically-aligned-center is-layout-flex wp-container-core-columns-is-layout-da166788 wp-block-columns-is-layout-flex\">\n<div class=\"wp-block-column is-vertically-aligned-center is-layout-flow wp-block-column-is-layout-flow\" style=\"flex-basis:66.66%\">\n<h2 class=\"wp-block-heading has-accent-4-color has-text-color has-link-color has-x-large-font-size wp-elements-285f8cd1718adcdf887983d988ed1520\" style=\"line-height:1.2\">Metrominuto Pontevedra<\/h2>\n<\/div>\n<\/div>\n\n\n\n<p class=\"has-text-align-left has-medium-font-size wp-block-paragraph\">Con el siguiente mapa, creado por el Concello de Pontevedra, podr\u00e1s ver c\u00f3mo llegar desde varias partes de la ciudad y cu\u00e1nto tiempo tardar\u00e1s caminando.<\/p>\n\n\n\n<p class=\"wp-block-paragraph\">Es como un mapa de metro de una gran ciudad pero a estilo Gallego, &#8220;<strong>Caminante, no hay camino: se hace camino al andar.<\/strong>&#8220;.<\/p>\n\n\n\n<p class=\"wp-block-paragraph\">Si vienes en tu propio veh\u00edculo,&nbsp;<strong>en la zona de la Universidad hay aparcamiento de sobra para dejar el coche.&nbsp;<\/strong>No ser\u00e1 ning\u00fan problema.<\/p>\n<\/div><figure class=\"wp-block-media-text__media\"><img loading=\"lazy\" decoding=\"async\" width=\"693\" height=\"588\" src=\"https:\/\/galicia.wordcamp.org\/2025\/files\/2025\/06\/Metro_minuto-Pontevedra.png\" alt=\"\" class=\"wp-image-9530 size-full\" srcset=\"https:\/\/galicia.wordcamp.org\/2025\/files\/2025\/06\/Metro_minuto-Pontevedra.png 693w, https:\/\/galicia.wordcamp.org\/2025\/files\/2025\/06\/Metro_minuto-Pontevedra-300x255.png 300w, https:\/\/galicia.wordcamp.org\/2025\/files\/2025\/06\/Metro_minuto-Pontevedra-354x300.png 354w\" sizes=\"auto, (max-width: 693px) 100vw, 693px\" \/><\/figure><\/div>\n<\/div>\n<\/div>\n\n\n\n<div class=\"wp-block-group has-global-padding is-layout-constrained wp-block-group-is-layout-constrained\" style=\"margin-bottom:48px;padding-top:48px;padding-bottom:48px\">\n<h2 class=\"wp-block-heading has-text-align-center con-interrogante has-accent-4-color has-text-color has-link-color has-x-large-font-size wp-elements-e1b241247dafa36c41ae03ff80ecd4f7\"><strong>\u00bf<\/strong>C\u00f3mo llegar a Pontevedra?<\/h2>\n\n\n\n<p class=\"has-text-align-center has-medium-font-size wp-block-paragraph\">Te resolvemos las dudas de c\u00f3mo llegar&#8230;&nbsp;<\/p>\n\n\n\n<h3 class=\"wp-block-heading has-text-align-center has-accent-4-color has-text-color has-link-color wp-elements-9c82c53b6b7721132524085a61838cbe\" style=\"margin-top:40px;margin-bottom:24px\"><strong>POR CARRETERA<\/strong><\/h3>\n\n\n\n<p class=\"has-text-align-center has-medium-font-size wp-block-paragraph\">Pontevedra est\u00e1 comunicada por la Autopisat del Atr\u00e1ntico (AP-9) que vertebra la Galicia costera de norte a sur pasando por las ciudades m\u00e1s importantes de la comunidad.<\/p>\n\n\n\n<p class=\"has-text-align-center wp-block-paragraph\"><strong>Desde Portugal, la A3<\/strong>&nbsp;conecta ciudades portuguesas como Lisboa, Braga u Oporto con la AP-9 que llega a Pontevedra.<\/p>\n\n\n\n<p class=\"has-text-align-center wp-block-paragraph\">La&nbsp;<strong>autov\u00eda de las R\u00edas Baixas&nbsp;<\/strong>(A-52) comunica la ciudad con la meseta central y Madrid.<\/p>\n\n\n\n<h3 class=\"wp-block-heading has-text-align-center has-accent-4-color has-text-color has-link-color wp-elements-2f4272ae750d2769bcbdf4983dfff20d\" style=\"margin-top:40px;margin-bottom:24px\"><strong>EN AVI\u00d3N<\/strong><\/h3>\n\n\n\n<p class=\"has-text-align-center wp-block-paragraph\">Los dos aeropuertos m\u00e1s cercanos son el&nbsp;<a href=\"http:\/\/www.aena.es\/es\/aeropuerto-vigo\/index.html\"><strong>Aeropuerto de Vigo (VGO)<\/strong><\/a>&nbsp;(a 9 km de Vigo y a 28 km de Pontevedra) y el&nbsp;<a href=\"http:\/\/www.aena.es\/es\/aeropuerto-santiago\/index.html\"><strong>Aeropuerto de Santiago de Compostela<\/strong>&nbsp;(SCQ)<\/a>&nbsp;(a 10 km de Santiago y 64 km de Pontevedra).<\/p>\n\n\n\n<p class=\"has-text-align-center wp-block-paragraph\">Ambos tienen conexi\u00f3n con las principales ciudades del pa\u00eds a diario. Despu\u00e9s, puedes coger el coche para llegar r\u00e1pidamente a Pontevedra, o utilizar el<strong>&nbsp;autob\u00fas<\/strong>&nbsp;urbano, que lleva directamente a la estaci\u00f3n de&nbsp;<strong>tren<\/strong>&nbsp;correspondiente, y desplazarte en tren hasta Pontevedra (unos 20 minutos desde Vigo y unos 35 minutos desde Santiago).<\/p>\n\n\n\n<h3 class=\"wp-block-heading has-text-align-center has-accent-4-color has-text-color has-link-color wp-elements-c94fd14358adc2407bd4164f5abc6cfa\" style=\"margin-top:40px;margin-bottom:24px\"><strong>EN TREN<\/strong><\/h3>\n\n\n\n<p class=\"has-text-align-center wp-block-paragraph\">En la web de&nbsp;<a href=\"https:\/\/renfe.com\/\">Renfe<\/a>&nbsp;puedes consultar las conexiones directas que existen en tren hasta Pontevedra. Hay varias rutas diarias&nbsp;<strong>desde Madrid<\/strong>&nbsp;y conexiones desde Alicante y otras ciudades del sur y este de Espa\u00f1a. Adem\u00e1s, tienes trenes cada hora que conectan el&nbsp;<strong>Eje Atl\u00e1ntico entre Vigo y A Coru\u00f1a<\/strong>&nbsp;pasando por Pontevedra, Vilagarc\u00eda de Arousa y Santiago de Compostela.<\/p>\n\n\n\n<p class=\"has-text-align-center wp-block-paragraph\">El viaje desde Madrid dura entre 6 y 7 horas, \u00a1pero es una buena opci\u00f3n si necesitas trabajar o descansar de camino a la WordCamp!<\/p>\n\n\n\n<div class=\"wp-block-group has-base-2-background-color has-background has-global-padding is-layout-constrained wp-container-core-group-is-layout-27be8982 wp-block-group-is-layout-constrained\" style=\"border-radius:16px;padding-top:var(--wp--preset--spacing--20);padding-right:var(--wp--preset--spacing--30);padding-bottom:var(--wp--preset--spacing--20);padding-left:var(--wp--preset--spacing--30)\">\n<h4 class=\"wp-block-heading has-text-align-center has-base-2-background-color has-background has-medium-font-size\"><strong>Descuento del 5% en trenes Ave o Larga Distancia.<\/strong><\/h4>\n\n\n\n<p class=\"has-text-align-center has-medium-font-size wp-block-paragraph\"><br>Renfe hace un descuento del 5% en trenes Ave o Larga Distancia, desde el origen hasta destino, a los asistentes a la WordCamp que as\u00ed lo soliciten.<\/p>\n\n\n\n<hr class=\"wp-block-separator has-alpha-channel-opacity\" \/>\n\n\n\n<h4 class=\"wp-block-heading has-text-align-center has-base-2-background-color has-background has-medium-font-size\"><strong>Para conseguir el descuento, hay que seguir los siguientes pasos:<\/strong><\/h4>\n\n\n\n<p class=\"has-medium-font-size wp-block-paragraph\">Solicita el n\u00famero de autorizaci\u00f3n para disfrutar del descuento, para ello tienes que solicitarlo desde el formulario de <a href=\"https:\/\/galicia.wordcamp.org\/2025\/es\/contacto\/\" data-type=\"page\" data-id=\"3259\">contacto de WordCamp Galicia.<\/a> Te enviaremos el PDF que tiene el n\u00famero de autorizaci\u00f3n y que deber\u00e1s llevar durante tu viaje y ense\u00f1arlo si te lo solicita el personal de Renfe.<\/p>\n\n\n\n<p class=\"wp-block-paragraph\">Despu\u00e9s en la p\u00e1gina de RENFE.<\/p>\n\n\n\n<ul class=\"wp-block-list\">\n<li class=\"has-medium-font-size\">Seleccionar el tren que se desee marcando cualquiera de las opciones disponibles (B\u00e1sico, Elige, Elige Confort y Premiun).<\/li>\n<\/ul>\n\n\n\n<ul class=\"wp-block-list\">\n<li class=\"has-medium-font-size\">En el desplegable de tarifas, seleccionar la tarifa de Congresos\/Eventos.<\/li>\n\n\n\n<li class=\"has-medium-font-size\">Introducir el n\u00famero de autorizaci\u00f3n en la casilla que indica n\u00famero de autorizaci\u00f3n (no es v\u00e1lido para casilla c\u00f3digo descuento).<\/li>\n<\/ul>\n\n\n\n<p class=\"has-medium-font-size wp-block-paragraph\"><strong>Nota:<\/strong> puedes consultar en <a href=\"https:\/\/www.renfe.com\/es\/es\/viajar\/prepara-tu-viaje\/descuentos\/congresos-y-eventos\/tutorial\" target=\"_blank\" rel=\"noreferrer noopener\">este link c\u00f3mo comprar billetes con autorizaci\u00f3n de descuentos para Congresos y ferias<\/a>.<\/p>\n<\/div>\n\n\n\n<h3 class=\"wp-block-heading has-text-align-center has-accent-4-color has-text-color has-link-color wp-elements-15a3157e6871c59f004bc0464aef0c90\" style=\"margin-top:40px;margin-bottom:20px\"><strong>EN AUTOB\u00daS<\/strong><\/h3>\n\n\n\n<p class=\"has-text-align-center wp-block-paragraph\">Venir en autob\u00fas, no os vamos a enga\u00f1ar, es una alternativa para valientes.&nbsp;<strong>Desde Galicia<\/strong>&nbsp;no supone mayor problema y en la web de&nbsp;<a href=\"http:\/\/www.monbus.es\/\"><strong>Monbus<\/strong><\/a>&nbsp;encontrar\u00e1s muchas opciones para llegar hasta aqu\u00ed.<\/p>\n\n\n\n<p class=\"has-text-align-center wp-block-paragraph\">Si haces el&nbsp;<strong>viaje desde la cornisa cant\u00e1brica&nbsp;<\/strong>(Asturias, Cantabria, Pa\u00eds Vasco\u2026 hasta Irun) o desde Castilla y Le\u00f3n, puedes ver las opciones que ofrece&nbsp;<a href=\"https:\/\/www.alsa.es\/\"><strong>ALSA<\/strong><\/a>.<\/p>\n\n\n\n<p class=\"has-text-align-center wp-block-paragraph\">Y si quieres venir desde&nbsp;<strong>Madrid<\/strong>&nbsp;o m\u00e1s abajo, en la web de&nbsp;<a href=\"https:\/\/www.avanzabus.com\/\"><strong>Avanza<\/strong><\/a>&nbsp;encontrar\u00e1s los trayectos.<\/p>\n<\/div>\n\n\n\n<figure class=\"wp-block-image alignfull size-large\"><img loading=\"lazy\" decoding=\"async\" width=\"1024\" height=\"48\" src=\"https:\/\/galicia.wordcamp.org\/2025\/files\/2025\/05\/onda-color-claro-1024x48.png\" alt=\"\" class=\"wp-image-7882\" srcset=\"https:\/\/galicia.wordcamp.org\/2025\/files\/2025\/05\/onda-color-claro-1024x48.png 1024w, https:\/\/galicia.wordcamp.org\/2025\/files\/2025\/05\/onda-color-claro-300x14.png 300w, https:\/\/galicia.wordcamp.org\/2025\/files\/2025\/05\/onda-color-claro-768x36.png 768w, https:\/\/galicia.wordcamp.org\/2025\/files\/2025\/05\/onda-color-claro-500x23.png 500w, https:\/\/galicia.wordcamp.org\/2025\/files\/2025\/05\/onda-color-claro-1536x72.png 1536w, https:\/\/galicia.wordcamp.org\/2025\/files\/2025\/05\/onda-color-claro.png 1920w\" sizes=\"auto, (max-width: 1024px) 100vw, 1024px\" \/><\/figure>\n\n\n\n<div class=\"wp-block-group alignfull has-contrast-color has-base-2-background-color has-text-color has-background has-link-color wp-elements-8a9c839122a179b76dd3ad8bfc81488c has-global-padding is-layout-constrained wp-container-core-group-is-layout-b8260686 wp-block-group-is-layout-constrained\" style=\"margin-top:0px;margin-bottom:0px;padding-top:0px;padding-bottom:80px\">\n<div class=\"wp-block-media-text is-stacked-on-mobile\" style=\"padding-top:24px;padding-bottom:24px;grid-template-columns:40% auto\"><figure class=\"wp-block-media-text__media\"><img loading=\"lazy\" decoding=\"async\" width=\"540\" height=\"395\" src=\"https:\/\/galicia.wordcamp.org\/2025\/files\/2025\/05\/PontevedraWordCamp-2024-1.webp\" alt=\"\" class=\"wp-image-7911 size-full\" srcset=\"https:\/\/galicia.wordcamp.org\/2025\/files\/2025\/05\/PontevedraWordCamp-2024-1.webp 540w, https:\/\/galicia.wordcamp.org\/2025\/files\/2025\/05\/PontevedraWordCamp-2024-1-300x219.webp 300w, https:\/\/galicia.wordcamp.org\/2025\/files\/2025\/05\/PontevedraWordCamp-2024-1-410x300.webp 410w\" sizes=\"auto, (max-width: 540px) 100vw, 540px\" \/><\/figure><div class=\"wp-block-media-text__content\">\n<div class=\"wp-block-columns are-vertically-aligned-center is-layout-flex wp-container-core-columns-is-layout-da166788 wp-block-columns-is-layout-flex\">\n<div class=\"wp-block-column is-vertically-aligned-center is-layout-flow wp-block-column-is-layout-flow\" style=\"flex-basis:66.66%\">\n<h2 class=\"wp-block-heading has-accent-4-color has-text-color has-link-color has-x-large-font-size wp-elements-8cd161f8926ed10a3dba27e0cf8cd163\" style=\"line-height:1.2\">Viajar solo es un tost\u00f3n&#8230;<\/h2>\n<\/div>\n<\/div>\n\n\n\n<p class=\"has-text-align-left has-medium-font-size wp-block-paragraph\">Puedes coordinarte con otros asistentes al evento, para ello hemos creado un <strong><a href=\"https:\/\/t.me\/+rAflI0iJn4Y0YmFk\">grupo de Telegram<\/a><\/strong>, as\u00ed pod\u00e9is <strong>organizar estancias, vuelos, compartir transporte o lo que haga falta<\/strong>&#8230; Si lleg\u00e1is al mismo aeropuerto o estaci\u00f3n tambi\u00e9n pod\u00e9is despu\u00e9s compartir coche si alguien os va a recoger.<\/p>\n\n\n\n<p class=\"has-text-align-left has-medium-font-size wp-block-paragraph\">La gente de la comunidad WordPress es muy abierta y colaborativa, por lo que no tengas miedo a unirte, aunque no conozcas a nadie.<\/p>\n\n\n\n<p class=\"has-text-align-left has-medium-font-size wp-block-paragraph\">Grupo Telegram Asistentes WordCamp Galicia, <a href=\"https:\/\/t.me\/+rAflI0iJn4Y0YmFk\"><strong>aqu\u00ed<\/strong><\/a><\/p>\n<\/div><\/div>\n<\/div>\n","protected":false},"excerpt":{"rendered":"<p>La WordCamp Galicia se celebrar\u00e1 del 3\/5 de Octubre en la Facultad de Comunicaci\u00f3n, en el Campos de Pontevedra de la Universidad de Vigo.\u00a0 Mapa Pontevedra Si ya est\u00e1s en Pontevedra, la mejor manera de llegar a la WordCamp es andando, la ciudad es peque\u00f1a y f\u00e1cil de desplazarse en ella a pie. En el [&hellip;]<\/p>\n","protected":false},"author":18742608,"featured_media":9515,"parent":3269,"menu_order":0,"comment_status":"closed","ping_status":"closed","template":"page-es","meta":{"_crdt_document":"","jetpack_post_was_ever_published":false,"footnotes":""},"class_list":["post-9510","page","type-page","status-publish","has-post-thumbnail","hentry"],"jetpack_sharing_enabled":true,"_links":{"self":[{"href":"https:\/\/galicia.wordcamp.org\/2025\/wp-json\/wp\/v2\/pages\/9510","targetHints":{"allow":["GET"]}}],"collection":[{"href":"https:\/\/galicia.wordcamp.org\/2025\/wp-json\/wp\/v2\/pages"}],"about":[{"href":"https:\/\/galicia.wordcamp.org\/2025\/wp-json\/wp\/v2\/types\/page"}],"author":[{"embeddable":true,"href":"https:\/\/galicia.wordcamp.org\/2025\/wp-json\/wp\/v2\/users\/18742608"}],"replies":[{"embeddable":true,"href":"https:\/\/galicia.wordcamp.org\/2025\/wp-json\/wp\/v2\/comments?post=9510"}],"version-history":[{"count":24,"href":"https:\/\/galicia.wordcamp.org\/2025\/wp-json\/wp\/v2\/pages\/9510\/revisions"}],"predecessor-version":[{"id":9692,"href":"https:\/\/galicia.wordcamp.org\/2025\/wp-json\/wp\/v2\/pages\/9510\/revisions\/9692"}],"up":[{"embeddable":true,"href":"https:\/\/galicia.wordcamp.org\/2025\/wp-json\/wp\/v2\/pages\/3269"}],"wp:featuredmedia":[{"embeddable":true,"href":"https:\/\/galicia.wordcamp.org\/2025\/wp-json\/wp\/v2\/media\/9515"}],"wp:attachment":[{"href":"https:\/\/galicia.wordcamp.org\/2025\/wp-json\/wp\/v2\/media?parent=9510"}],"curies":[{"name":"wp","href":"https:\/\/api.w.org\/{rel}","templated":true}]}}