{"id":3337,"date":"2024-05-03T14:06:30","date_gmt":"2024-05-03T12:06:30","guid":{"rendered":"https:\/\/pontevedra.wordcamp.org\/2024\/?page_id=3337"},"modified":"2025-05-08T02:53:25","modified_gmt":"2025-05-08T00:53:25","slug":"noticias","status":"publish","type":"page","link":"https:\/\/galicia.wordcamp.org\/2025\/es\/noticias\/","title":{"rendered":"Noticias"},"content":{"rendered":"\n<div class=\"wp-block-group is-layout-flow wp-block-group-is-layout-flow\" style=\"padding-top:0px;padding-right:0px;padding-bottom:0px;padding-left:0px\">\n<div class=\"wp-block-query cl-news-pages is-layout-flow wp-block-query-is-layout-flow\"><ul class=\"columns-3 wp-block-post-template is-layout-grid wp-container-core-post-template-is-layout-3ff960a2 wp-block-post-template-is-layout-grid\"><li class=\"wp-block-post post-11343 post type-post status-publish format-standard has-post-thumbnail hentry category-blog\">\n\n<div class=\"wp-block-group has-global-padding is-layout-constrained wp-container-core-group-is-layout-bddd0ca9 wp-block-group-is-layout-constrained\" style=\"border-style:none;border-width:0px;border-top-left-radius:8px;border-top-right-radius:8px;border-bottom-left-radius:8px;border-bottom-right-radius:8px;min-height:360px;padding-top:0;padding-right:2%;padding-bottom:0;padding-left:2%\"><figure style=\"aspect-ratio:4\/3;\" class=\"wp-block-post-featured-image\"><a href=\"https:\/\/galicia.wordcamp.org\/2025\/videos-fotos-meetups-e-demais\/\" target=\"_self\"  ><img loading=\"lazy\" decoding=\"async\" width=\"1440\" height=\"960\" src=\"https:\/\/galicia.wordcamp.org\/2025\/files\/2025\/10\/Ata-logo-01.jpg\" class=\"attachment-post-thumbnail size-post-thumbnail wp-post-image\" alt=\"V\u00eddeos, fotos, MeetUps e dem\u00e1is&#8230;\" style=\"width:100%;height:100%;object-fit:contain;\" srcset=\"https:\/\/galicia.wordcamp.org\/2025\/files\/2025\/10\/Ata-logo-01.jpg 1440w, https:\/\/galicia.wordcamp.org\/2025\/files\/2025\/10\/Ata-logo-01-300x200.jpg 300w, https:\/\/galicia.wordcamp.org\/2025\/files\/2025\/10\/Ata-logo-01-1024x683.jpg 1024w, https:\/\/galicia.wordcamp.org\/2025\/files\/2025\/10\/Ata-logo-01-768x512.jpg 768w, https:\/\/galicia.wordcamp.org\/2025\/files\/2025\/10\/Ata-logo-01-450x300.jpg 450w\" sizes=\"auto, (max-width: 1440px) 100vw, 1440px\" \/><\/a><\/figure>\n\n<div style=\"line-height:1; padding-top:0;padding-bottom:0;margin-top:0;margin-bottom:0;\" class=\"wp-block-post-date\"><time datetime=\"2025-10-22T11:43:00+02:00\">22 Outubro, 2025<\/time><\/div>\n\n<h2 style=\"font-size:clamp(15.747px, 0.984rem + ((1vw - 3.2px) * 1.006), 24px);font-style:normal;font-weight:600; padding-top:0;padding-right:2%;padding-bottom:0;padding-left:2%;\" class=\"has-link-color wp-elements-0b5b87d92951c2d8f0820b20a64d6e19 wp-block-post-title has-text-color has-accent-4-color has-open-sans-font-family\"><a href=\"https:\/\/galicia.wordcamp.org\/2025\/videos-fotos-meetups-e-demais\/\" target=\"_self\" >V\u00eddeos, fotos, MeetUps e dem\u00e1is&#8230;<\/a><\/h2>\n\n<div style=\"padding-right:2%;padding-left:2%;padding-bottom:0%;\" class=\"has-link-color wp-elements-2e844922313706ba8b5cc4d3dbd998fd wp-block-post-excerpt has-text-color has-contrast-color\"><p class=\"wp-block-post-excerpt__excerpt\">Isto non \u00e9 un adeus\u2026 S\u00f3 un \u201cata logo!\u201d A WordCamp Galicia 2025 foi, unha vez m\u00e1is, esa chispa que precisabamos para desconectar do d\u00eda a d\u00eda e volver conectar&hellip;<\/p><p class=\"wp-block-post-excerpt__more-text\"><a class=\"wp-block-post-excerpt__more-link\" href=\"https:\/\/galicia.wordcamp.org\/2025\/videos-fotos-meetups-e-demais\/\"><strong>Ver la entrada<\/strong><\/a><\/p><\/div><\/div>\n\n<\/li><li class=\"wp-block-post post-11368 post type-post status-publish format-standard has-post-thumbnail hentry category-blog\">\n\n<div class=\"wp-block-group has-global-padding is-layout-constrained wp-container-core-group-is-layout-bddd0ca9 wp-block-group-is-layout-constrained\" style=\"border-style:none;border-width:0px;border-top-left-radius:8px;border-top-right-radius:8px;border-bottom-left-radius:8px;border-bottom-right-radius:8px;min-height:360px;padding-top:0;padding-right:2%;padding-bottom:0;padding-left:2%\"><figure style=\"aspect-ratio:4\/3;\" class=\"wp-block-post-featured-image\"><a href=\"https:\/\/galicia.wordcamp.org\/2025\/asi-foi-wordcamp-galicia\/\" target=\"_self\"  ><img loading=\"lazy\" decoding=\"async\" width=\"1440\" height=\"960\" src=\"https:\/\/galicia.wordcamp.org\/2025\/files\/2025\/10\/RESUMEN-WORDCAMP-GALICIA-012.jpg\" class=\"attachment-post-thumbnail size-post-thumbnail wp-post-image\" alt=\"As\u00ed foi WordCamp Galicia\" style=\"width:100%;height:100%;object-fit:contain;\" srcset=\"https:\/\/galicia.wordcamp.org\/2025\/files\/2025\/10\/RESUMEN-WORDCAMP-GALICIA-012.jpg 1440w, https:\/\/galicia.wordcamp.org\/2025\/files\/2025\/10\/RESUMEN-WORDCAMP-GALICIA-012-300x200.jpg 300w, https:\/\/galicia.wordcamp.org\/2025\/files\/2025\/10\/RESUMEN-WORDCAMP-GALICIA-012-1024x683.jpg 1024w, https:\/\/galicia.wordcamp.org\/2025\/files\/2025\/10\/RESUMEN-WORDCAMP-GALICIA-012-768x512.jpg 768w, https:\/\/galicia.wordcamp.org\/2025\/files\/2025\/10\/RESUMEN-WORDCAMP-GALICIA-012-450x300.jpg 450w\" sizes=\"auto, (max-width: 1440px) 100vw, 1440px\" \/><\/a><\/figure>\n\n<div style=\"line-height:1; padding-top:0;padding-bottom:0;margin-top:0;margin-bottom:0;\" class=\"wp-block-post-date\"><time datetime=\"2025-10-17T08:12:38+02:00\">17 Outubro, 2025<\/time><\/div>\n\n<h2 style=\"font-size:clamp(15.747px, 0.984rem + ((1vw - 3.2px) * 1.006), 24px);font-style:normal;font-weight:600; padding-top:0;padding-right:2%;padding-bottom:0;padding-left:2%;\" class=\"has-link-color wp-elements-0b5b87d92951c2d8f0820b20a64d6e19 wp-block-post-title has-text-color has-accent-4-color has-open-sans-font-family\"><a href=\"https:\/\/galicia.wordcamp.org\/2025\/asi-foi-wordcamp-galicia\/\" target=\"_self\" >As\u00ed foi WordCamp Galicia<\/a><\/h2>\n\n<div style=\"padding-right:2%;padding-left:2%;padding-bottom:0%;\" class=\"has-link-color wp-elements-2e844922313706ba8b5cc4d3dbd998fd wp-block-post-excerpt has-text-color has-contrast-color\"><p class=\"wp-block-post-excerpt__excerpt\">Vaia fin de semana o da primeira WordCamp Galicia! Tres d\u00edas xuntos, e s\u00f3 podemos dicir unha cousa: WordPress \u00e9 unha comunidade incrible! Non paramos quietos nin un segundo: aprendendo&hellip;<\/p><p class=\"wp-block-post-excerpt__more-text\"><a class=\"wp-block-post-excerpt__more-link\" href=\"https:\/\/galicia.wordcamp.org\/2025\/asi-foi-wordcamp-galicia\/\"><strong>Ver la entrada<\/strong><\/a><\/p><\/div><\/div>\n\n<\/li><li class=\"wp-block-post post-11333 post type-post status-publish format-standard has-post-thumbnail hentry category-blog\">\n\n<div class=\"wp-block-group has-global-padding is-layout-constrained wp-container-core-group-is-layout-bddd0ca9 wp-block-group-is-layout-constrained\" style=\"border-style:none;border-width:0px;border-top-left-radius:8px;border-top-right-radius:8px;border-bottom-left-radius:8px;border-bottom-right-radius:8px;min-height:360px;padding-top:0;padding-right:2%;padding-bottom:0;padding-left:2%\"><figure style=\"aspect-ratio:4\/3;\" class=\"wp-block-post-featured-image\"><a href=\"https:\/\/galicia.wordcamp.org\/2025\/grazas\/\" target=\"_self\"  ><img loading=\"lazy\" decoding=\"async\" width=\"1440\" height=\"960\" src=\"https:\/\/galicia.wordcamp.org\/2025\/files\/2025\/10\/GRAZAS-01.jpg\" class=\"attachment-post-thumbnail size-post-thumbnail wp-post-image\" alt=\"Grazas\" style=\"width:100%;height:100%;object-fit:contain;\" srcset=\"https:\/\/galicia.wordcamp.org\/2025\/files\/2025\/10\/GRAZAS-01.jpg 1440w, https:\/\/galicia.wordcamp.org\/2025\/files\/2025\/10\/GRAZAS-01-300x200.jpg 300w, https:\/\/galicia.wordcamp.org\/2025\/files\/2025\/10\/GRAZAS-01-1024x683.jpg 1024w, https:\/\/galicia.wordcamp.org\/2025\/files\/2025\/10\/GRAZAS-01-768x512.jpg 768w, https:\/\/galicia.wordcamp.org\/2025\/files\/2025\/10\/GRAZAS-01-450x300.jpg 450w\" sizes=\"auto, (max-width: 1440px) 100vw, 1440px\" \/><\/a><\/figure>\n\n<div style=\"line-height:1; padding-top:0;padding-bottom:0;margin-top:0;margin-bottom:0;\" class=\"wp-block-post-date\"><time datetime=\"2025-10-10T10:32:02+02:00\">10 Outubro, 2025<\/time><\/div>\n\n<h2 style=\"font-size:clamp(15.747px, 0.984rem + ((1vw - 3.2px) * 1.006), 24px);font-style:normal;font-weight:600; padding-top:0;padding-right:2%;padding-bottom:0;padding-left:2%;\" class=\"has-link-color wp-elements-0b5b87d92951c2d8f0820b20a64d6e19 wp-block-post-title has-text-color has-accent-4-color has-open-sans-font-family\"><a href=\"https:\/\/galicia.wordcamp.org\/2025\/grazas\/\" target=\"_self\" >Grazas<\/a><\/h2>\n\n<div style=\"padding-right:2%;padding-left:2%;padding-bottom:0%;\" class=\"has-link-color wp-elements-2e844922313706ba8b5cc4d3dbd998fd wp-block-post-excerpt has-text-color has-contrast-color\"><p class=\"wp-block-post-excerpt__excerpt\">Moitas\u00a0GRAZAS!\u00a0a todos os asistentes, relatores e voluntarios por facer de WordCamp Galicia 2025 algo inesquecible. A edici\u00f3n 2025 de WordCamp Galicia foi un \u00e9xito absoluto e todo \u00e9 grazas a&hellip;<\/p><p class=\"wp-block-post-excerpt__more-text\"><a class=\"wp-block-post-excerpt__more-link\" href=\"https:\/\/galicia.wordcamp.org\/2025\/grazas\/\"><strong>Ver la entrada<\/strong><\/a><\/p><\/div><\/div>\n\n<\/li><li class=\"wp-block-post post-11113 post type-post status-publish format-standard has-post-thumbnail hentry category-blog\">\n\n<div class=\"wp-block-group has-global-padding is-layout-constrained wp-container-core-group-is-layout-bddd0ca9 wp-block-group-is-layout-constrained\" style=\"border-style:none;border-width:0px;border-top-left-radius:8px;border-top-right-radius:8px;border-bottom-left-radius:8px;border-bottom-right-radius:8px;min-height:360px;padding-top:0;padding-right:2%;padding-bottom:0;padding-left:2%\"><figure style=\"aspect-ratio:4\/3;\" class=\"wp-block-post-featured-image\"><a href=\"https:\/\/galicia.wordcamp.org\/2025\/todo-o-que-tes-que-saber-antes-de-vir-a-wordcamp-galicia-2025\/\" target=\"_self\"  ><img loading=\"lazy\" decoding=\"async\" width=\"1440\" height=\"960\" src=\"https:\/\/galicia.wordcamp.org\/2025\/files\/2025\/09\/Info-importante-01.jpg\" class=\"attachment-post-thumbnail size-post-thumbnail wp-post-image\" alt=\"Todo o que tes que saber antes de vir \u00e1 WordCamp Galicia 2025\" style=\"width:100%;height:100%;object-fit:contain;\" srcset=\"https:\/\/galicia.wordcamp.org\/2025\/files\/2025\/09\/Info-importante-01.jpg 1440w, https:\/\/galicia.wordcamp.org\/2025\/files\/2025\/09\/Info-importante-01-300x200.jpg 300w, https:\/\/galicia.wordcamp.org\/2025\/files\/2025\/09\/Info-importante-01-1024x683.jpg 1024w, https:\/\/galicia.wordcamp.org\/2025\/files\/2025\/09\/Info-importante-01-768x512.jpg 768w, https:\/\/galicia.wordcamp.org\/2025\/files\/2025\/09\/Info-importante-01-450x300.jpg 450w\" sizes=\"auto, (max-width: 1440px) 100vw, 1440px\" \/><\/a><\/figure>\n\n<div style=\"line-height:1; padding-top:0;padding-bottom:0;margin-top:0;margin-bottom:0;\" class=\"wp-block-post-date\"><time datetime=\"2025-09-29T22:20:07+02:00\">29 Setembro, 2025<\/time><\/div>\n\n<h2 style=\"font-size:clamp(15.747px, 0.984rem + ((1vw - 3.2px) * 1.006), 24px);font-style:normal;font-weight:600; padding-top:0;padding-right:2%;padding-bottom:0;padding-left:2%;\" class=\"has-link-color wp-elements-0b5b87d92951c2d8f0820b20a64d6e19 wp-block-post-title has-text-color has-accent-4-color has-open-sans-font-family\"><a href=\"https:\/\/galicia.wordcamp.org\/2025\/todo-o-que-tes-que-saber-antes-de-vir-a-wordcamp-galicia-2025\/\" target=\"_self\" >Todo o que tes que saber antes de vir \u00e1 WordCamp Galicia 2025<\/a><\/h2>\n\n<div style=\"padding-right:2%;padding-left:2%;padding-bottom:0%;\" class=\"has-link-color wp-elements-2e844922313706ba8b5cc4d3dbd998fd wp-block-post-excerpt has-text-color has-contrast-color\"><p class=\"wp-block-post-excerpt__excerpt\">Se est\u00e1s aqu\u00ed \u00e9 porque v\u00e9s \u00e1 WordCamp Galicia. Ou polo menos est\u00e1s a darlle voltas. As\u00ed que imos ao gran con todo o imprescindible para que non perdas nada&hellip;<\/p><p class=\"wp-block-post-excerpt__more-text\"><a class=\"wp-block-post-excerpt__more-link\" href=\"https:\/\/galicia.wordcamp.org\/2025\/todo-o-que-tes-que-saber-antes-de-vir-a-wordcamp-galicia-2025\/\"><strong>Ver la entrada<\/strong><\/a><\/p><\/div><\/div>\n\n<\/li><li class=\"wp-block-post post-11060 post type-post status-publish format-standard has-post-thumbnail hentry category-blog\">\n\n<div class=\"wp-block-group has-global-padding is-layout-constrained wp-container-core-group-is-layout-bddd0ca9 wp-block-group-is-layout-constrained\" style=\"border-style:none;border-width:0px;border-top-left-radius:8px;border-top-right-radius:8px;border-bottom-left-radius:8px;border-bottom-right-radius:8px;min-height:360px;padding-top:0;padding-right:2%;padding-bottom:0;padding-left:2%\"><figure style=\"aspect-ratio:4\/3;\" class=\"wp-block-post-featured-image\"><a href=\"https:\/\/galicia.wordcamp.org\/2025\/wordcamp-galicia-nos-medios\/\" target=\"_self\"  ><img loading=\"lazy\" decoding=\"async\" width=\"1440\" height=\"960\" src=\"https:\/\/galicia.wordcamp.org\/2025\/files\/2025\/09\/Prensa-01.jpg\" class=\"attachment-post-thumbnail size-post-thumbnail wp-post-image\" alt=\"WordCamp Galicia nos medios\" style=\"width:100%;height:100%;object-fit:contain;\" srcset=\"https:\/\/galicia.wordcamp.org\/2025\/files\/2025\/09\/Prensa-01.jpg 1440w, https:\/\/galicia.wordcamp.org\/2025\/files\/2025\/09\/Prensa-01-300x200.jpg 300w, https:\/\/galicia.wordcamp.org\/2025\/files\/2025\/09\/Prensa-01-1024x683.jpg 1024w, https:\/\/galicia.wordcamp.org\/2025\/files\/2025\/09\/Prensa-01-768x512.jpg 768w, https:\/\/galicia.wordcamp.org\/2025\/files\/2025\/09\/Prensa-01-450x300.jpg 450w\" sizes=\"auto, (max-width: 1440px) 100vw, 1440px\" \/><\/a><\/figure>\n\n<div style=\"line-height:1; padding-top:0;padding-bottom:0;margin-top:0;margin-bottom:0;\" class=\"wp-block-post-date\"><time datetime=\"2025-09-26T11:33:51+02:00\">26 Setembro, 2025<\/time><\/div>\n\n<h2 style=\"font-size:clamp(15.747px, 0.984rem + ((1vw - 3.2px) * 1.006), 24px);font-style:normal;font-weight:600; padding-top:0;padding-right:2%;padding-bottom:0;padding-left:2%;\" class=\"has-link-color wp-elements-0b5b87d92951c2d8f0820b20a64d6e19 wp-block-post-title has-text-color has-accent-4-color has-open-sans-font-family\"><a href=\"https:\/\/galicia.wordcamp.org\/2025\/wordcamp-galicia-nos-medios\/\" target=\"_self\" >WordCamp Galicia nos medios<\/a><\/h2>\n\n<div style=\"padding-right:2%;padding-left:2%;padding-bottom:0%;\" class=\"has-link-color wp-elements-2e844922313706ba8b5cc4d3dbd998fd wp-block-post-excerpt has-text-color has-contrast-color\"><p class=\"wp-block-post-excerpt__excerpt\">O pasado martes celebramos unha rolda de prensa na hist\u00f3rica Casa das Camp\u00e1s de Pontevedra para presentar a WordCamp Galicia 2025. Nela participaron a decana Emma Torres-Romay (Facultade de Comunicaci\u00f3n)&hellip;<\/p><p class=\"wp-block-post-excerpt__more-text\"><a class=\"wp-block-post-excerpt__more-link\" href=\"https:\/\/galicia.wordcamp.org\/2025\/wordcamp-galicia-nos-medios\/\"><strong>Ver la entrada<\/strong><\/a><\/p><\/div><\/div>\n\n<\/li><li class=\"wp-block-post post-10856 post type-post status-publish format-standard has-post-thumbnail hentry category-blog\">\n\n<div class=\"wp-block-group has-global-padding is-layout-constrained wp-container-core-group-is-layout-bddd0ca9 wp-block-group-is-layout-constrained\" style=\"border-style:none;border-width:0px;border-top-left-radius:8px;border-top-right-radius:8px;border-bottom-left-radius:8px;border-bottom-right-radius:8px;min-height:360px;padding-top:0;padding-right:2%;padding-bottom:0;padding-left:2%\"><figure style=\"aspect-ratio:4\/3;\" class=\"wp-block-post-featured-image\"><a href=\"https:\/\/galicia.wordcamp.org\/2025\/desconto-exclusivo-para-a-universidade-de-vigo\/\" target=\"_self\"  ><img loading=\"lazy\" decoding=\"async\" width=\"1440\" height=\"960\" src=\"https:\/\/galicia.wordcamp.org\/2025\/files\/2025\/09\/descuento-01.jpg\" class=\"attachment-post-thumbnail size-post-thumbnail wp-post-image\" alt=\"Desconto exclusivo para a Universidade de Vigo\" style=\"width:100%;height:100%;object-fit:contain;\" srcset=\"https:\/\/galicia.wordcamp.org\/2025\/files\/2025\/09\/descuento-01.jpg 1440w, https:\/\/galicia.wordcamp.org\/2025\/files\/2025\/09\/descuento-01-300x200.jpg 300w, https:\/\/galicia.wordcamp.org\/2025\/files\/2025\/09\/descuento-01-1024x683.jpg 1024w, https:\/\/galicia.wordcamp.org\/2025\/files\/2025\/09\/descuento-01-768x512.jpg 768w, https:\/\/galicia.wordcamp.org\/2025\/files\/2025\/09\/descuento-01-450x300.jpg 450w\" sizes=\"auto, (max-width: 1440px) 100vw, 1440px\" \/><\/a><\/figure>\n\n<div style=\"line-height:1; padding-top:0;padding-bottom:0;margin-top:0;margin-bottom:0;\" class=\"wp-block-post-date\"><time datetime=\"2025-09-16T13:56:59+02:00\">16 Setembro, 2025<\/time><\/div>\n\n<h2 style=\"font-size:clamp(15.747px, 0.984rem + ((1vw - 3.2px) * 1.006), 24px);font-style:normal;font-weight:600; padding-top:0;padding-right:2%;padding-bottom:0;padding-left:2%;\" class=\"has-link-color wp-elements-0b5b87d92951c2d8f0820b20a64d6e19 wp-block-post-title has-text-color has-accent-4-color has-open-sans-font-family\"><a href=\"https:\/\/galicia.wordcamp.org\/2025\/desconto-exclusivo-para-a-universidade-de-vigo\/\" target=\"_self\" >Desconto exclusivo para a Universidade de Vigo<\/a><\/h2>\n\n<div style=\"padding-right:2%;padding-left:2%;padding-bottom:0%;\" class=\"has-link-color wp-elements-2e844922313706ba8b5cc4d3dbd998fd wp-block-post-excerpt has-text-color has-contrast-color\"><p class=\"wp-block-post-excerpt__excerpt\">Se es estudante ou profe na Universidade de Vigo\u2026 \u00a1Esta oportunidade \u00e9 para ti! Se che interesa o mundo dixital, o desenvolvemento web, WordPress, a tecnolox\u00eda, a IA, o dese\u00f1o&hellip;<\/p><p class=\"wp-block-post-excerpt__more-text\"><a class=\"wp-block-post-excerpt__more-link\" href=\"https:\/\/galicia.wordcamp.org\/2025\/desconto-exclusivo-para-a-universidade-de-vigo\/\"><strong>Ver la entrada<\/strong><\/a><\/p><\/div><\/div>\n\n<\/li><\/ul>\n\n<nav class=\"wp-block-query-pagination is-content-justification-center is-layout-flex wp-container-core-query-pagination-is-layout-b29d4327 wp-block-query-pagination-is-layout-flex\" aria-label=\"Paxinaci\u00f3n\">\n\n\n<div class=\"wp-block-query-pagination-numbers\"><span aria-current=\"page\" class=\"page-numbers current\">1<\/span>\n<a class=\"page-numbers\" href=\"?query-47-page=2\">2<\/a>\n<a class=\"page-numbers\" href=\"?query-47-page=3\">3<\/a>\n<a class=\"page-numbers\" href=\"?query-47-page=4\">4<\/a><\/div>\n\n<a href=\"\/2025\/wp-json\/wp\/v2\/pages\/3337?query-47-page=2\" class=\"wp-block-query-pagination-next\">P\u00e1gina siguiente<span class='wp-block-query-pagination-next-arrow is-arrow-arrow' aria-hidden='true'>\u2192<\/span><\/a>\n<\/nav><\/div>\n<\/div>\n","protected":false},"excerpt":{"rendered":"","protected":false},"author":17330482,"featured_media":0,"parent":3269,"menu_order":0,"comment_status":"closed","ping_status":"closed","template":"page-es","meta":{"_crdt_document":"","jetpack_post_was_ever_published":false,"footnotes":""},"class_list":["post-3337","page","type-page","status-publish","hentry"],"jetpack_sharing_enabled":true,"_links":{"self":[{"href":"https:\/\/galicia.wordcamp.org\/2025\/wp-json\/wp\/v2\/pages\/3337","targetHints":{"allow":["GET"]}}],"collection":[{"href":"https:\/\/galicia.wordcamp.org\/2025\/wp-json\/wp\/v2\/pages"}],"about":[{"href":"https:\/\/galicia.wordcamp.org\/2025\/wp-json\/wp\/v2\/types\/page"}],"author":[{"embeddable":true,"href":"https:\/\/galicia.wordcamp.org\/2025\/wp-json\/wp\/v2\/users\/17330482"}],"replies":[{"embeddable":true,"href":"https:\/\/galicia.wordcamp.org\/2025\/wp-json\/wp\/v2\/comments?post=3337"}],"version-history":[{"count":1,"href":"https:\/\/galicia.wordcamp.org\/2025\/wp-json\/wp\/v2\/pages\/3337\/revisions"}],"predecessor-version":[{"id":7738,"href":"https:\/\/galicia.wordcamp.org\/2025\/wp-json\/wp\/v2\/pages\/3337\/revisions\/7738"}],"up":[{"embeddable":true,"href":"https:\/\/galicia.wordcamp.org\/2025\/wp-json\/wp\/v2\/pages\/3269"}],"wp:attachment":[{"href":"https:\/\/galicia.wordcamp.org\/2025\/wp-json\/wp\/v2\/media?parent=3337"}],"curies":[{"name":"wp","href":"https:\/\/api.w.org\/{rel}","templated":true}]}}