{"id":3291,"date":"2024-05-03T11:23:22","date_gmt":"2024-05-03T09:23:22","guid":{"rendered":"https:\/\/pontevedra.wordcamp.org\/2024\/?page_id=3291"},"modified":"2025-06-03T10:58:56","modified_gmt":"2025-06-03T08:58:56","slug":"taller-y-do_action","status":"publish","type":"page","link":"https:\/\/galicia.wordcamp.org\/2025\/es\/taller-y-do_action\/","title":{"rendered":"Taller y do_action hackathon"},"content":{"rendered":"\n<div class=\"wp-block-group has-global-padding is-layout-constrained wp-block-group-is-layout-constrained\" style=\"margin-bottom:0px;padding-top:48px;padding-bottom:48px\">\n<h2 class=\"wp-block-heading has-text-align-center has-accent-4-color has-text-color has-link-color has-x-large-font-size wp-elements-629bfe84ea008d108cfdfa06fc0f128a\">Viernes, 03 de Octubre<\/h2>\n\n\n\n<p class=\"has-text-align-center has-medium-font-size wp-block-paragraph\">Llevamos unos a\u00f1os organizando estas actividades previas a la WordCamp con las que atraer a gente nueva a nuestra Comunidad. Pensamos que es un modo de mostrar las posibilidades de esta\u00a0<a href=\"https:\/\/gl.wordpress.org\/\" target=\"_blank\" rel=\"noreferrer noopener\">herramienta<\/a>, y hacerles comprender que non son cosas s\u00f3lo de frikis.<\/p>\n\n\n\n<p class=\"has-text-align-center has-medium-font-size wp-block-paragraph\">Por eso, coordinamos\u00a0<strong>dos actividades distintas<\/strong>\u00a0en un mismo d\u00eda y lugar, en el que juntar a principiantes, usuarios y profesionales de WordPress.<\/p>\n\n\n\n<p class=\"has-text-align-center has-medium-font-size wp-block-paragraph\">Nos decidimos por este formato porque queremos ser un grupo abierto en el que cualquiera tenga su lugar, y formar parte de la sociedad pontevedresa. Crear sinergias con otros grupos, colaborando con buenas causas y luchar contra la brecha digital.<\/p>\n<\/div>\n\n\n\n<div class=\"wp-block-group alignfull is-layout-flow wp-container-core-group-is-layout-c2db5122 wp-block-group-is-layout-flow\" style=\"padding-right:0px;padding-left:0px\">\n<figure class=\"wp-block-image alignfull size-large\"><img loading=\"lazy\" decoding=\"async\" width=\"1024\" height=\"48\" src=\"https:\/\/galicia.wordcamp.org\/2025\/files\/2025\/05\/onda-color-claro-1024x48.png\" alt=\"\" class=\"wp-image-7882\" srcset=\"https:\/\/galicia.wordcamp.org\/2025\/files\/2025\/05\/onda-color-claro-1024x48.png 1024w, https:\/\/galicia.wordcamp.org\/2025\/files\/2025\/05\/onda-color-claro-300x14.png 300w, https:\/\/galicia.wordcamp.org\/2025\/files\/2025\/05\/onda-color-claro-768x36.png 768w, https:\/\/galicia.wordcamp.org\/2025\/files\/2025\/05\/onda-color-claro-500x23.png 500w, https:\/\/galicia.wordcamp.org\/2025\/files\/2025\/05\/onda-color-claro-1536x72.png 1536w, https:\/\/galicia.wordcamp.org\/2025\/files\/2025\/05\/onda-color-claro.png 1920w\" sizes=\"auto, (max-width: 1024px) 100vw, 1024px\" \/><\/figure>\n\n\n\n<div class=\"wp-block-group has-base-2-background-color has-background has-global-padding is-layout-constrained wp-container-core-group-is-layout-cdf2922d wp-block-group-is-layout-constrained\" style=\"padding-top:0px;padding-bottom:0px\">\n<div class=\"wp-block-media-text has-media-on-the-right is-stacked-on-mobile\" style=\"padding-top:24px;padding-bottom:24px;grid-template-columns:auto 40%\"><div class=\"wp-block-media-text__content\">\n<h2 class=\"wp-block-heading has-text-align-left has-accent-4-color has-text-color has-link-color has-x-large-font-size wp-elements-8207479e95fb8e0fb8ecec259fda5dea\">Taller te\u00f3rico\/pr\u00e1ctico de iniciaci\u00f3n a WordPress<\/h2>\n\n\n\n<p class=\"has-medium-font-size wp-block-paragraph\">Esta actividad est\u00e1 pensada para cualquiera que le interese descubrir c\u00f3mo va eso de crear webs. Que siempre haya querido ter unha web pero que tenga pereza, o que le parezca demasiado complicado para hacerlo por su cuenta.<\/p>\n\n\n\n<p class=\"has-medium-font-size wp-block-paragraph\">De la mano de un\/a gran profesional, te adentrar\u00e1s en el mundo de WordPress y\u00a0<strong>descubrir\u00e1s lo simple y r\u00e1pido que es crear una web con este gestor.<\/strong><\/p>\n<\/div><figure class=\"wp-block-media-text__media\"><img loading=\"lazy\" decoding=\"async\" width=\"497\" height=\"478\" src=\"https:\/\/galicia.wordcamp.org\/2025\/files\/2025\/05\/SantiagoRodriguez-TallerWordPress.webp\" alt=\"Santiago Rodriguez\" class=\"wp-image-7936 size-full\" srcset=\"https:\/\/galicia.wordcamp.org\/2025\/files\/2025\/05\/SantiagoRodriguez-TallerWordPress.webp 497w, https:\/\/galicia.wordcamp.org\/2025\/files\/2025\/05\/SantiagoRodriguez-TallerWordPress-300x289.webp 300w, https:\/\/galicia.wordcamp.org\/2025\/files\/2025\/05\/SantiagoRodriguez-TallerWordPress-312x300.webp 312w\" sizes=\"auto, (max-width: 497px) 100vw, 497px\" \/><\/figure><\/div>\n\n\n\n<div class=\"wp-block-media-text is-stacked-on-mobile\" style=\"padding-top:24px;padding-bottom:24px;grid-template-columns:40% auto\"><figure class=\"wp-block-media-text__media\"><img loading=\"lazy\" decoding=\"async\" width=\"540\" height=\"395\" src=\"https:\/\/galicia.wordcamp.org\/2025\/files\/2025\/05\/Nilo-DoAction.webp\" alt=\"Nilo V\u00e9lez\" class=\"wp-image-7939 size-full\" srcset=\"https:\/\/galicia.wordcamp.org\/2025\/files\/2025\/05\/Nilo-DoAction.webp 540w, https:\/\/galicia.wordcamp.org\/2025\/files\/2025\/05\/Nilo-DoAction-300x219.webp 300w, https:\/\/galicia.wordcamp.org\/2025\/files\/2025\/05\/Nilo-DoAction-410x300.webp 410w\" sizes=\"auto, (max-width: 540px) 100vw, 540px\" \/><\/figure><div class=\"wp-block-media-text__content\">\n<h2 class=\"wp-block-heading has-text-align-left has-accent-4-color has-text-color has-link-color has-x-large-font-size wp-elements-869df7e0effc611086b6a14db068ed1b\">do_action hackathon<\/h2>\n\n\n\n<p class=\"has-medium-font-size wp-block-paragraph\">do_action, simplemente es la forma que tiene la Comunidad de WordPress de nombrar a un <strong>evento en el que nos reunimos para planificar y crear el sitio web de unas organizaciones sin \u00e1nimo de lucro de \u00e1mbito local en un s\u00f3lo d\u00eda.<\/strong><\/p>\n\n\n\n<p class=\"has-medium-font-size wp-block-paragraph\">Gracias a los participantes del taller de iniciaci\u00f3n, a cualquiera que quiera participar, y a la Comunidad de WordPress, conseguiremos <strong>mejorar la visibilidad e presencia digital de estas asociaciones<\/strong> para ayudar a que sus proyectos tengan un mayor alcance.<\/p>\n<\/div><\/div>\n\n\n\n<div style=\"height:40px\" aria-hidden=\"true\" class=\"wp-block-spacer\"><\/div>\n<\/div>\n<\/div>\n\n\n\n<div class=\"wp-block-group has-global-padding is-layout-constrained wp-block-group-is-layout-constrained\" style=\"margin-top:80px;margin-bottom:80px\">\n<figure class=\"wp-block-image aligncenter size-full\"><img loading=\"lazy\" decoding=\"async\" width=\"300\" height=\"60\" src=\"https:\/\/galicia.wordcamp.org\/2025\/files\/2025\/06\/Ouro-2.webp\" alt=\"MUY IMPORTANTE\" class=\"wp-image-8789\" \/><\/figure>\n\n\n\n<p class=\"has-text-align-center wp-block-paragraph\">Tanto el\u00a0<strong>Taller de Iniciaci\u00f3n como el do_action son GRATIS e independientes de la celebraci\u00f3n de la WordCamp<\/strong>\u00a0al d\u00eda siguiente.<\/p>\n\n\n\n<p class=\"has-text-align-center wp-block-paragraph\">An\u00edmate a participar y ser parte de nuestra comunidad!<\/p>\n\n\n\n<div class=\"wp-block-buttons is-content-justification-center is-layout-flex wp-container-core-buttons-is-layout-0aa01211 wp-block-buttons-is-layout-flex\">\n<div class=\"wp-block-button is-style-fill sombra-verde\"><a class=\"wp-block-button__link has-base-color has-accent-4-background-color has-text-color has-background has-link-color has-border-color wp-element-button\" href=\"https:\/\/galicia.wordcamp.org\/2025\/es\/participar-taller-do_action\/\" style=\"border-color:#35ff69;border-radius:0px;padding-top:8px;padding-right:24px;padding-bottom:8px;padding-left:24px\">Participar<\/a><\/div>\n<\/div>\n<\/div>\n\n\n\n<h2 class=\"wp-block-heading alignfull has-text-align-center has-accent-4-color has-base-background-color has-text-color has-background has-link-color has-x-large-font-size wp-elements-6e04a0d3781dd82602a4202aece247c2\" style=\"padding-top:40px;padding-right:0;padding-bottom:40px;padding-left:0\">Patrocinadores del taller y do_action<\/h2>\n\n\n\n<div class=\"wp-block-columns are-vertically-aligned-center is-layout-flex wp-container-core-columns-is-layout-3a88641f wp-block-columns-is-layout-flex\">\n<div class=\"wp-block-column is-vertically-aligned-center is-layout-flow wp-block-column-is-layout-flow\" style=\"flex-basis:300px\">\n<figure class=\"wp-block-image size-full is-resized\"><img loading=\"lazy\" decoding=\"async\" width=\"360\" height=\"120\" src=\"https:\/\/galicia.wordcamp.org\/2025\/files\/2025\/04\/Rectangle.webp\" alt=\"\" class=\"wp-image-8210\" style=\"object-fit:contain;width:300px;height:138px\" srcset=\"https:\/\/galicia.wordcamp.org\/2025\/files\/2025\/04\/Rectangle.webp 360w, https:\/\/galicia.wordcamp.org\/2025\/files\/2025\/04\/Rectangle-300x100.webp 300w\" sizes=\"auto, (max-width: 360px) 100vw, 360px\" \/><\/figure>\n<\/div>\n\n\n\n<div class=\"wp-block-column is-vertically-aligned-center is-layout-flow wp-block-column-is-layout-flow\" style=\"flex-basis:300px\">\n<figure class=\"wp-block-image size-full is-resized\"><img loading=\"lazy\" decoding=\"async\" width=\"360\" height=\"120\" src=\"https:\/\/galicia.wordcamp.org\/2025\/files\/2025\/04\/Rectangle.webp\" alt=\"\" class=\"wp-image-8210\" style=\"object-fit:contain;width:300px;height:138px\" srcset=\"https:\/\/galicia.wordcamp.org\/2025\/files\/2025\/04\/Rectangle.webp 360w, https:\/\/galicia.wordcamp.org\/2025\/files\/2025\/04\/Rectangle-300x100.webp 300w\" sizes=\"auto, (max-width: 360px) 100vw, 360px\" \/><\/figure>\n<\/div>\n\n\n\n<div class=\"wp-block-column is-vertically-aligned-center is-layout-flow wp-block-column-is-layout-flow\" style=\"flex-basis:300px\">\n<figure class=\"wp-block-image size-full is-resized\"><img loading=\"lazy\" decoding=\"async\" width=\"360\" height=\"120\" src=\"https:\/\/galicia.wordcamp.org\/2025\/files\/2025\/04\/Rectangle.webp\" alt=\"\" class=\"wp-image-8210\" style=\"object-fit:contain;width:300px;height:138px\" srcset=\"https:\/\/galicia.wordcamp.org\/2025\/files\/2025\/04\/Rectangle.webp 360w, https:\/\/galicia.wordcamp.org\/2025\/files\/2025\/04\/Rectangle-300x100.webp 300w\" sizes=\"auto, (max-width: 360px) 100vw, 360px\" \/><\/figure>\n<\/div>\n<\/div>\n\n\n\n<div style=\"height:50px\" aria-hidden=\"true\" class=\"wp-block-spacer\"><\/div>\n\n\n\n<div class=\"wp-block-group alignfull has-accent-4-background-color has-background is-layout-flow wp-block-group-is-layout-flow\" style=\"margin-top:0px;margin-bottom:0px;padding-top:48px;padding-right:4%;padding-bottom:48px;padding-left:4%\">\n<h2 class=\"wp-block-heading has-text-align-center con-interrogante has-base-color has-text-color has-link-color wp-elements-0c31c2ad1cf3092f0d1ba2a5d0a74449\"><span class=\"inv-question-mark\"><strong>\u00bf<\/strong><\/span>A\u00fan no tienes tu entrada?&nbsp;<\/h2>\n\n\n\n<p class=\"has-text-align-center has-base-2-color has-text-color has-link-color wp-elements-a3d200dfc231a1bde71da91109507270 wp-block-paragraph\">Si quieres acudir a las Conferencias y al D\u00eda de la Comunidad, no te olvides de comprar tu entrada<\/p>\n\n\n\n<div class=\"wp-block-buttons is-content-justification-center is-layout-flex wp-container-core-buttons-is-layout-ff57ccb5 wp-block-buttons-is-layout-flex\" style=\"margin-top:24px;margin-bottom:24px\">\n<div class=\"wp-block-button is-style-fill sombra-verde\"><a class=\"wp-block-button__link has-accent-4-color has-base-2-background-color has-text-color has-background has-link-color has-border-color wp-element-button\" href=\"https:\/\/galicia.wordcamp.org\/2025\/es\/entradas\/\" style=\"border-color:#35ff69;border-radius:0px;padding-top:8px;padding-right:24px;padding-bottom:8px;padding-left:24px\">Comprar entrada<\/a><\/div>\n<\/div>\n<\/div>\n","protected":false},"excerpt":{"rendered":"<p>Explicaci\u00f3n e informaci\u00f3n sobre el taller de iniciaci\u00f3n a WordPress y del do_action hackathon<\/p>\n","protected":false},"author":17330482,"featured_media":3062,"parent":3269,"menu_order":0,"comment_status":"closed","ping_status":"closed","template":"page-es","meta":{"_crdt_document":"","jetpack_post_was_ever_published":false,"footnotes":""},"class_list":["post-3291","page","type-page","status-publish","has-post-thumbnail","hentry"],"jetpack_sharing_enabled":true,"_links":{"self":[{"href":"https:\/\/galicia.wordcamp.org\/2025\/wp-json\/wp\/v2\/pages\/3291","targetHints":{"allow":["GET"]}}],"collection":[{"href":"https:\/\/galicia.wordcamp.org\/2025\/wp-json\/wp\/v2\/pages"}],"about":[{"href":"https:\/\/galicia.wordcamp.org\/2025\/wp-json\/wp\/v2\/types\/page"}],"author":[{"embeddable":true,"href":"https:\/\/galicia.wordcamp.org\/2025\/wp-json\/wp\/v2\/users\/17330482"}],"replies":[{"embeddable":true,"href":"https:\/\/galicia.wordcamp.org\/2025\/wp-json\/wp\/v2\/comments?post=3291"}],"version-history":[{"count":36,"href":"https:\/\/galicia.wordcamp.org\/2025\/wp-json\/wp\/v2\/pages\/3291\/revisions"}],"predecessor-version":[{"id":8790,"href":"https:\/\/galicia.wordcamp.org\/2025\/wp-json\/wp\/v2\/pages\/3291\/revisions\/8790"}],"up":[{"embeddable":true,"href":"https:\/\/galicia.wordcamp.org\/2025\/wp-json\/wp\/v2\/pages\/3269"}],"wp:featuredmedia":[{"embeddable":true,"href":"https:\/\/galicia.wordcamp.org\/2025\/wp-json\/wp\/v2\/media\/3062"}],"wp:attachment":[{"href":"https:\/\/galicia.wordcamp.org\/2025\/wp-json\/wp\/v2\/media?parent=3291"}],"curies":[{"name":"wp","href":"https:\/\/api.w.org\/{rel}","templated":true}]}}