{"id":3283,"date":"2024-05-03T11:14:34","date_gmt":"2024-05-03T09:14:34","guid":{"rendered":"https:\/\/pontevedra.wordcamp.org\/2024\/?page_id=3283"},"modified":"2025-07-16T13:34:51","modified_gmt":"2025-07-16T11:34:51","slug":"participar-como-voluntario","status":"publish","type":"page","link":"https:\/\/galicia.wordcamp.org\/2025\/es\/participar-como-voluntario\/","title":{"rendered":"Participar como voluntario"},"content":{"rendered":"\n<div class=\"wp-block-group has-global-padding is-layout-constrained wp-block-group-is-layout-constrained\" style=\"margin-bottom:0px;padding-top:48px;padding-bottom:48px\">\n<h2 class=\"wp-block-heading has-text-align-center has-accent-4-color has-text-color has-link-color has-x-large-font-size wp-elements-4e3e956ed2260be27e403e2aafad2bfc\" style=\"line-height:1.2\">\u00a1Forma parte de la organizaci\u00f3n!<\/h2>\n\n\n\n<p class=\"has-text-align-center has-medium-font-size wp-block-paragraph\">Una <em>WordCamp<\/em> <strong>s\u00f3lo es posible gracias al trabajo e ilusi\u00f3n de personas voluntarias<\/strong>.<\/p>\n\n\n\n<p class=\"has-text-align-center has-medium-font-size wp-block-paragraph\">Ni las personas que colaboramos en el equipo de organizaci\u00f3n, en el equipo de voluntarios ni los propios ponentes obtenemos ninguna retribuci\u00f3n econ\u00f3mica, pero \u00a1esto no quiere decir que no ganemos nada!<\/p>\n\n\n\n<p class=\"has-text-align-center has-medium-font-size wp-block-paragraph\">Ver el resultado de nuestro esfuerzo, el fruto de nuestro trabajo y c\u00f3mo todos los participantes llevan un buen recuerdo, <strong>es una experiencia inolvidable<\/strong>, una recompensa, una sensaci\u00f3n de satisfacci\u00f3n y de crecimiento personal incalculable.<\/p>\n\n\n\n<p class=\"has-text-align-center wp-block-paragraph\" style=\"font-size:clamp(14px, 0.875rem + ((1vw - 3.2px) * 0.732), 20px);\">En <strong><em>WordCamp Galicia <\/em><\/strong>queremos que compartas esa experiencia con nosotros.<\/p>\n<\/div>\n\n\n\n<div class=\"wp-block-group alignfull is-layout-flow wp-container-core-group-is-layout-c2db5122 wp-block-group-is-layout-flow\" style=\"padding-right:0px;padding-left:0px\">\n<figure class=\"wp-block-image alignfull size-large\"><img loading=\"lazy\" decoding=\"async\" width=\"1024\" height=\"48\" src=\"https:\/\/galicia.wordcamp.org\/2025\/files\/2025\/05\/onda-color-claro-1024x48.png\" alt=\"\" class=\"wp-image-7882\" srcset=\"https:\/\/galicia.wordcamp.org\/2025\/files\/2025\/05\/onda-color-claro-1024x48.png 1024w, https:\/\/galicia.wordcamp.org\/2025\/files\/2025\/05\/onda-color-claro-300x14.png 300w, https:\/\/galicia.wordcamp.org\/2025\/files\/2025\/05\/onda-color-claro-768x36.png 768w, https:\/\/galicia.wordcamp.org\/2025\/files\/2025\/05\/onda-color-claro-500x23.png 500w, https:\/\/galicia.wordcamp.org\/2025\/files\/2025\/05\/onda-color-claro-1536x72.png 1536w, https:\/\/galicia.wordcamp.org\/2025\/files\/2025\/05\/onda-color-claro.png 1920w\" sizes=\"auto, (max-width: 1024px) 100vw, 1024px\" \/><\/figure>\n\n\n\n<div class=\"wp-block-group has-base-2-background-color has-background has-global-padding is-layout-constrained wp-container-core-group-is-layout-feb6854e wp-block-group-is-layout-constrained\" style=\"padding-top:0px;padding-bottom:48px\">\n<div class=\"wp-block-media-text is-stacked-on-mobile\" style=\"padding-top:24px;padding-bottom:24px;grid-template-columns:40% auto\"><figure class=\"wp-block-media-text__media\"><img loading=\"lazy\" decoding=\"async\" width=\"540\" height=\"395\" src=\"https:\/\/galicia.wordcamp.org\/2025\/files\/2025\/05\/nilo-Voluntarios.webp\" alt=\"\" class=\"wp-image-8546 size-full\" srcset=\"https:\/\/galicia.wordcamp.org\/2025\/files\/2025\/05\/nilo-Voluntarios.webp 540w, https:\/\/galicia.wordcamp.org\/2025\/files\/2025\/05\/nilo-Voluntarios-300x219.webp 300w, https:\/\/galicia.wordcamp.org\/2025\/files\/2025\/05\/nilo-Voluntarios-410x300.webp 410w\" sizes=\"auto, (max-width: 540px) 100vw, 540px\" \/><\/figure><div class=\"wp-block-media-text__content\">\n<h2 class=\"wp-block-heading has-text-align-left has-accent-4-color has-text-color has-link-color has-love-ya-like-a-sister-font-family has-x-large-font-size wp-elements-b5a321ec6f3e31eab8d80844aeb3b723\">\u00a1Buscamos personas como t\u00fa!<\/h2>\n\n\n\n<p class=\"has-medium-font-size wp-block-paragraph\">Buscamos personas que deseen compartir un poco de su tiempo para lograr que la WordCamp Galicia 2025 alcance el mismo \u00e9xito que en las ediciones anteriores.<\/p>\n\n\n\n<p class=\"has-medium-font-size wp-block-paragraph\">Si quieres participar formando parte del equipo de voluntariado de <strong>WordCamp Galicia 2025<\/strong>, lo \u00fanico que necesitas es tener ganas e involucrarte con la comunidad de WordPress.<\/p>\n<\/div><\/div>\n\n\n\n<div class=\"wp-block-media-text has-media-on-the-right is-stacked-on-mobile\" style=\"padding-top:24px;padding-bottom:24px;grid-template-columns:auto 40%\"><div class=\"wp-block-media-text__content\">\n<p class=\"has-medium-font-size wp-block-paragraph\">Ser voluntario en la WordCamp de Galicia, te convierte en una pieza esencial para su \u00e9xito.<\/p>\n\n\n\n<p class=\"has-medium-font-size wp-block-paragraph\">Compartes el tiempo y la experiencia con el equipo de organizaci\u00f3n y los ponentes. Conoces y hablas con visitantes de todos los lugares.<\/p>\n\n\n\n<p class=\"has-medium-font-size wp-block-paragraph\">Adem\u00e1s, recibes una <strong>camiseta exclusiva<\/strong> para voluntarios y nuestra caracter\u00edstica <strong><em>bata galega<\/em><\/strong>, una prenda que pocos tienen, \u00a1pero muchos desean!<\/p>\n\n\n\n<p class=\"has-medium-font-size wp-block-paragraph\">Como miembro del equipo de voluntarios, la <strong>entrada es gratis<\/strong>, incluida la comida del evento, y <strong>podr\u00e1s disfrutar de la invitaci\u00f3n a la cena de ponentes, organizaci\u00f3n y voluntarios<\/strong>.<\/p>\n<\/div><figure class=\"wp-block-media-text__media\"><img loading=\"lazy\" decoding=\"async\" width=\"540\" height=\"395\" src=\"https:\/\/galicia.wordcamp.org\/2025\/files\/2025\/05\/paco-voluntarios.webp\" alt=\"paco-voluntarios\" class=\"wp-image-8548 size-full\" srcset=\"https:\/\/galicia.wordcamp.org\/2025\/files\/2025\/05\/paco-voluntarios.webp 540w, https:\/\/galicia.wordcamp.org\/2025\/files\/2025\/05\/paco-voluntarios-300x219.webp 300w, https:\/\/galicia.wordcamp.org\/2025\/files\/2025\/05\/paco-voluntarios-410x300.webp 410w\" sizes=\"auto, (max-width: 540px) 100vw, 540px\" \/><\/figure><\/div>\n\n\n\n<div class=\"wp-block-media-text is-stacked-on-mobile\" style=\"padding-top:24px;padding-bottom:24px;grid-template-columns:40% auto\"><figure class=\"wp-block-media-text__media\"><img loading=\"lazy\" decoding=\"async\" width=\"497\" height=\"478\" src=\"https:\/\/galicia.wordcamp.org\/2025\/files\/2025\/05\/eneko-voluntarios.webp\" alt=\"eneko-voluntarios\" class=\"wp-image-8545 size-full\" srcset=\"https:\/\/galicia.wordcamp.org\/2025\/files\/2025\/05\/eneko-voluntarios.webp 497w, https:\/\/galicia.wordcamp.org\/2025\/files\/2025\/05\/eneko-voluntarios-300x289.webp 300w, https:\/\/galicia.wordcamp.org\/2025\/files\/2025\/05\/eneko-voluntarios-312x300.webp 312w\" sizes=\"auto, (max-width: 497px) 100vw, 497px\" \/><\/figure><div class=\"wp-block-media-text__content\">\n<h2 class=\"wp-block-heading con-interrogante has-accent-4-color has-text-color has-link-color has-x-large-font-size wp-elements-23d6b059fe350a88e0659b3c6ee8b7e7\"><strong>\u00bf<\/strong>En qu\u00e9 podr\u00edas colaborar?<\/h2>\n\n\n\n<p class=\"has-medium-font-size wp-block-paragraph\">Como parte del equipo de voluntarios, <strong>te asignaremos tareas<\/strong> de forma que puedas disfrutar, lo mejor posible, de las actividades que te interesen del evento.<\/p>\n\n\n\n<p class=\"has-medium-font-size wp-block-paragraph\">A\u00fan con todo, durante el d\u00eda surgen situaciones no planificadas o imprevistos en los que tu ayuda ser\u00e1 esencial. Por eso, <strong>que seas una persona resolutiva y proactiva es algo que te agradeceremos mucho<\/strong>.<\/p>\n<\/div><\/div>\n\n\n\n<div class=\"wp-block-media-text has-media-on-the-right is-stacked-on-mobile\" style=\"padding-top:24px;padding-bottom:24px;grid-template-columns:auto 40%\"><div class=\"wp-block-media-text__content\">\n<p class=\"has-medium-font-size wp-block-paragraph\">Hay muchas tareas en las que puedes colaborar y que suponen una gran ayuda. Algunas como:<\/p>\n\n\n\n<ul class=\"wp-block-list\">\n<li class=\"has-medium-font-size\"><strong>Recibir en el registro<\/strong> a asistentes para darles la bienvenida y entregarles las acreditaciones, las camisetas, el pack de bienvenida\u2026<\/li>\n\n\n\n<li class=\"has-medium-font-size\"><strong>Supervisar y colaborar<\/strong> en las horas de caf\u00e9 y comida para que no falte de nada.<\/li>\n\n\n\n<li class=\"has-medium-font-size\"><strong>Asistir<\/strong> a los ponentes y patrocinadores cuando lo necesiten y ayudar a los asistentes a ubicarse.<\/li>\n\n\n\n<li class=\"has-medium-font-size\">Llevar el control de los tiempos en las sesiones o mover los micr\u00f3fonos entre los asistentes durante los turnos de preguntas.<\/li>\n<\/ul>\n<\/div><figure class=\"wp-block-media-text__media\"><img loading=\"lazy\" decoding=\"async\" width=\"540\" height=\"395\" src=\"https:\/\/galicia.wordcamp.org\/2025\/files\/2025\/05\/nilo-voluntarios1.webp\" alt=\"nilo-voluntarios1\" class=\"wp-image-8549 size-full\" srcset=\"https:\/\/galicia.wordcamp.org\/2025\/files\/2025\/05\/nilo-voluntarios1.webp 540w, https:\/\/galicia.wordcamp.org\/2025\/files\/2025\/05\/nilo-voluntarios1-300x219.webp 300w, https:\/\/galicia.wordcamp.org\/2025\/files\/2025\/05\/nilo-voluntarios1-410x300.webp 410w\" sizes=\"auto, (max-width: 540px) 100vw, 540px\" \/><\/figure><\/div>\n\n\n\n<div class=\"wp-block-group has-global-padding is-layout-constrained wp-block-group-is-layout-constrained\" style=\"margin-bottom:48px;padding-top:40px\">\n<figure class=\"wp-block-image aligncenter size-full\"><img loading=\"lazy\" decoding=\"async\" width=\"300\" height=\"60\" src=\"https:\/\/galicia.wordcamp.org\/2025\/files\/2025\/06\/Ouro-2.webp\" alt=\"MUY IMPORTANTE\" class=\"wp-image-8789\" \/><\/figure>\n\n\n\n<p class=\"has-text-align-center wp-block-paragraph\" style=\"font-size:clamp(14px, 0.875rem + ((1vw - 3.2px) * 0.732), 20px);\"><strong>Ser\u00eda genial si pudi\u00e9ramos contar contigo en Galicia desde el viernes, 3 de octubre por la tarde.<\/strong> As\u00ed, podr\u00e1s ir conociendo el lugar del evento, al resto del equipo y podremos hacer alg\u00fan ajuste en las tareas en caso de ser necesario.<\/p>\n<\/div>\n<\/div>\n\n\n\n<div class=\"wp-block-group has-global-padding is-layout-constrained wp-block-group-is-layout-constrained\">\n<div class=\"wp-block-group alignfull has-global-padding is-layout-constrained wp-container-core-group-is-layout-8dd6050c wp-block-group-is-layout-constrained\" id=\"solicitud-voluntarios\" style=\"padding-top:80px;padding-right:0;padding-bottom:80px;padding-left:0\">\n<div class=\"wp-block-group has-global-padding is-layout-constrained wp-container-core-group-is-layout-05c69bcc wp-block-group-is-layout-constrained\">\n<h2 class=\"wp-block-heading has-text-align-center has-accent-4-color has-text-color has-link-color has-love-ya-like-a-sister-font-family has-x-large-font-size wp-elements-3212119315ede0da17a83ca415da7911\">Plazo de inscripci\u00f3n cerrado<\/h2>\n\n\n\n<p class=\"has-text-align-center wp-block-paragraph\">El responsable del voluntariado de la WordCamp Pontevedra est\u00e1 analizando todas las candidaturas recibidas para poder seleccionar a las personas que formar\u00e1n parte de la organizaci\u00f3n de este ano.<\/p>\n\n\n\n<p class=\"has-text-align-center wp-block-paragraph\"><strong>Ten paciencia, mantente atento almail<\/strong>, y en cuanto podamos, te haremos saber si fuiste seleccionado o no.<\/p>\n\n\n\n<p class=\"has-text-align-center has-medium-font-size wp-block-paragraph\">Para cualquier duda, m\u00e1ndanos un correo a <a href=\"mailto:galicia@wordcamp.org\">galicia@wordcamp.org<\/a>, o usa el <a href=\"https:\/\/galicia.wordcamp.org\/2025\/es\/contacto\/\" data-type=\"page\" data-id=\"3259\">formulario de contacto<\/a>.<\/p>\n<\/div>\n<\/div>\n<\/div>\n\n\n\n<div class=\"wp-block-group alignfull has-accent-4-background-color has-background has-medium-font-size has-global-padding is-layout-constrained wp-container-core-group-is-layout-6402915b wp-block-group-is-layout-constrained\" style=\"margin-top:0px;margin-bottom:0px;padding-top:64px;padding-bottom:64px\">\n<h2 class=\"wp-block-heading has-text-align-center has-base-color has-text-color has-x-large-font-size\" style=\"margin-top:-10px\">Suscr\u00edbete a nuestro blog<\/h2>\n\n\n\n<div class=\"wp-block-group has-global-padding is-layout-constrained wp-container-core-group-is-layout-eceafd14 wp-block-group-is-layout-constrained\" style=\"padding-right:2%;padding-left:2%\">\n<p class=\"has-text-align-center has-base-color has-text-color has-link-color has-medium-font-size wp-elements-2e9fd8228f009e7f8334d5cb12d0daf6 wp-block-paragraph\">Inscr\u00edbete en la lista de prioridades y te avisaremos a medida que se acerque el evento, con aviso previo, actualizaciones de blog, pr\u00f3ximas actividades y todo lo dem\u00e1s que necesites saber.<\/p>\n<\/div>\n\n\n<div class=\"wp-block-jetpack-subscriptions__supports-newline suscripciones is-style-split wp-block-jetpack-subscriptions\">\n\t\t<div>\n\t\t\t<div>\n\t\t\t\t<div>\n\t\t\t\t\t<p style=\"width: 25%;max-width: 100%;\">\n\t\t\t\t\t\t<a href=\"https:\/\/galicia.wordcamp.org\/2025\/?post_type=page&#038;p=3283\" style=\"width: calc(100% - 10px);font-size: 22px;padding: 8px 12px 8px 12px;margin: 0; margin-left: 10px;border-color: base;border-radius: 0px;border-width: 0px; text-decoration: none; white-space: nowrap; margin-left: 0\"><strong>Suscribirse<\/strong><\/a>\n\t\t\t\t\t<\/p>\n\t\t\t\t<\/div>\n\t\t\t<\/div>\n\t\t<\/div>\n\t<\/div><\/div>\n<\/div>\n","protected":false},"excerpt":{"rendered":"<p>Informaci\u00f3n que debes saber para poder participar como voluntario en la WordCamp Pontevedra 2024<\/p>\n","protected":false},"author":17330482,"featured_media":2711,"parent":3269,"menu_order":0,"comment_status":"closed","ping_status":"closed","template":"page-es","meta":{"_crdt_document":"","jetpack_post_was_ever_published":false,"footnotes":""},"class_list":["post-3283","page","type-page","status-publish","has-post-thumbnail","hentry"],"jetpack_sharing_enabled":true,"_links":{"self":[{"href":"https:\/\/galicia.wordcamp.org\/2025\/wp-json\/wp\/v2\/pages\/3283","targetHints":{"allow":["GET"]}}],"collection":[{"href":"https:\/\/galicia.wordcamp.org\/2025\/wp-json\/wp\/v2\/pages"}],"about":[{"href":"https:\/\/galicia.wordcamp.org\/2025\/wp-json\/wp\/v2\/types\/page"}],"author":[{"embeddable":true,"href":"https:\/\/galicia.wordcamp.org\/2025\/wp-json\/wp\/v2\/users\/17330482"}],"replies":[{"embeddable":true,"href":"https:\/\/galicia.wordcamp.org\/2025\/wp-json\/wp\/v2\/comments?post=3283"}],"version-history":[{"count":15,"href":"https:\/\/galicia.wordcamp.org\/2025\/wp-json\/wp\/v2\/pages\/3283\/revisions"}],"predecessor-version":[{"id":9748,"href":"https:\/\/galicia.wordcamp.org\/2025\/wp-json\/wp\/v2\/pages\/3283\/revisions\/9748"}],"up":[{"embeddable":true,"href":"https:\/\/galicia.wordcamp.org\/2025\/wp-json\/wp\/v2\/pages\/3269"}],"wp:featuredmedia":[{"embeddable":true,"href":"https:\/\/galicia.wordcamp.org\/2025\/wp-json\/wp\/v2\/media\/2711"}],"wp:attachment":[{"href":"https:\/\/galicia.wordcamp.org\/2025\/wp-json\/wp\/v2\/media?parent=3283"}],"curies":[{"name":"wp","href":"https:\/\/api.w.org\/{rel}","templated":true}]}}