{"id":3264,"date":"2024-05-03T10:59:51","date_gmt":"2024-05-03T08:59:51","guid":{"rendered":"https:\/\/pontevedra.wordcamp.org\/2024\/?page_id=3264"},"modified":"2025-10-06T14:26:34","modified_gmt":"2025-10-06T12:26:34","slug":"entradas","status":"publish","type":"page","link":"https:\/\/galicia.wordcamp.org\/2025\/es\/entradas\/","title":{"rendered":"Entradas"},"content":{"rendered":"\n<div class=\"wp-block-group has-global-padding is-layout-constrained wp-block-group-is-layout-constrained\" style=\"margin-bottom:48px;padding-top:48px;padding-bottom:48px\">\n<h2 class=\"wp-block-heading has-text-align-center has-accent-4-color has-text-color has-link-color wp-elements-c4465436373e46c016c6b716ae00cee2\">\u00a1Hazte con tu entrada!<\/h2>\n\n\n\n<p class=\"has-text-align-center has-medium-font-size wp-block-paragraph\">Con tu entrada adem\u00e1s de <strong>colaborar con los gastos<\/strong> del evento estar\u00e1s <strong>apoyando el <em>open source<\/em><\/strong>. Un precio muy reducido para que sea accesible para cualquiera, gracias por supuesto, a nuestros <a href=\"https:\/\/galicia.wordcamp.org\/2025\/es\/patrocinios\/\" data-type=\"page\" data-id=\"10\">patrocinadores<\/a> y sus aportaciones para que esto sea posible.<\/p>\n\n\n\n<p class=\"has-text-align-center has-medium-font-size wp-block-paragraph\">Compra tu entrada y no te pierdas un evento \u00fanico en el que vivir una experiencia enriquecedora tanto a nivel profesional como personal.<\/p>\n\n\n\n<p class=\"has-text-align-center has-medium-font-size wp-block-paragraph\">\u00a1Te esperamos, para aprender, compartir y divertirnos juntos!<\/p>\n<\/div>\n\n\n\n<div class=\"wp-block-group alignfull is-layout-flow wp-container-core-group-is-layout-854ef404 wp-block-group-is-layout-flow\" style=\"margin-bottom:48px;padding-right:0px;padding-left:0px\">\n<figure class=\"wp-block-image alignfull size-large\"><img loading=\"lazy\" decoding=\"async\" width=\"1024\" height=\"48\" src=\"https:\/\/galicia.wordcamp.org\/2025\/files\/2025\/05\/onda-color-claro-1024x48.png\" alt=\"\" class=\"wp-image-7882\" srcset=\"https:\/\/galicia.wordcamp.org\/2025\/files\/2025\/05\/onda-color-claro-1024x48.png 1024w, https:\/\/galicia.wordcamp.org\/2025\/files\/2025\/05\/onda-color-claro-300x14.png 300w, https:\/\/galicia.wordcamp.org\/2025\/files\/2025\/05\/onda-color-claro-768x36.png 768w, https:\/\/galicia.wordcamp.org\/2025\/files\/2025\/05\/onda-color-claro-500x23.png 500w, https:\/\/galicia.wordcamp.org\/2025\/files\/2025\/05\/onda-color-claro-1536x72.png 1536w, https:\/\/galicia.wordcamp.org\/2025\/files\/2025\/05\/onda-color-claro.png 1920w\" sizes=\"auto, (max-width: 1024px) 100vw, 1024px\" \/><\/figure>\n\n\n\n<div class=\"wp-block-group has-base-2-background-color has-background has-global-padding is-layout-constrained wp-container-core-group-is-layout-cdf2922d wp-block-group-is-layout-constrained\" style=\"padding-top:0px;padding-bottom:0px\">\n<div class=\"wp-block-media-text has-media-on-the-right is-stacked-on-mobile\" style=\"padding-top:24px;padding-bottom:24px;grid-template-columns:auto 40%\"><div class=\"wp-block-media-text__content\">\n<h2 class=\"wp-block-heading has-text-align-left con-interrogante has-accent-4-color has-text-color has-link-color has-large-font-size wp-elements-7c1fdc2438a0e0b5f716bc045a7e0860\"><strong>\u00bf<\/strong>Qu\u00e9 incluye mi entrada?<\/h2>\n\n\n\n<p class=\"has-text-align-left has-medium-font-size wp-block-paragraph\">La entrada da&nbsp;<strong>acceso a todas las actividades<\/strong>&nbsp;de los d\u00edas&nbsp;<strong>4 y 5 de octubre<\/strong>.<\/p>\n\n\n\n<p class=\"has-text-align-left has-medium-font-size wp-block-paragraph\">Por un lado, a las&nbsp;<strong><a href=\"https:\/\/galicia.wordcamp.org\/2025\/es\/conferencias\/\" data-type=\"page\" data-id=\"2025\">conferencias<\/a><\/strong>&nbsp;del s\u00e1bado y, por otro, al&nbsp;<strong><a href=\"https:\/\/galicia.wordcamp.org\/2025\/es\/dia-comunidad\/\" data-type=\"page\" data-id=\"3261\">D\u00eda de la Comunidad<\/a><\/strong>&nbsp;o&nbsp;<em>Contributor day<\/em>, el domingo.<\/p>\n\n\n\n<p class=\"has-text-align-left has-medium-font-size wp-block-paragraph\">Est\u00e1n incluidas <strong>todas las comidas de estos d\u00edas.<\/strong>&nbsp;El almuerzo del s\u00e1bado y del domingo. As\u00ed como <strong>caf\u00e9 \/ infusiones\/ agua<\/strong>&nbsp;durante las pausas del evento, que se realizar\u00e1n por la ma\u00f1ana y por la tarde. \u00a1Y el <strong>pulpo<\/strong> al finalizar las conferencias del s\u00e1bado!<\/p>\n<\/div><figure class=\"wp-block-media-text__media\"><img loading=\"lazy\" decoding=\"async\" width=\"497\" height=\"478\" src=\"https:\/\/galicia.wordcamp.org\/2025\/files\/2025\/06\/paco-entradas2.webp\" alt=\"Paco Marchante entradas\" class=\"wp-image-8984 size-full\" srcset=\"https:\/\/galicia.wordcamp.org\/2025\/files\/2025\/06\/paco-entradas2.webp 497w, https:\/\/galicia.wordcamp.org\/2025\/files\/2025\/06\/paco-entradas2-300x289.webp 300w, https:\/\/galicia.wordcamp.org\/2025\/files\/2025\/06\/paco-entradas2-312x300.webp 312w\" sizes=\"auto, (max-width: 497px) 100vw, 497px\" \/><\/figure><\/div>\n\n\n\n<div class=\"wp-block-media-text is-stacked-on-mobile\" style=\"padding-top:24px;padding-bottom:24px;grid-template-columns:40% auto\"><figure class=\"wp-block-media-text__media\"><img loading=\"lazy\" decoding=\"async\" width=\"540\" height=\"395\" src=\"https:\/\/galicia.wordcamp.org\/2025\/files\/2025\/06\/paco-entradas.webp\" alt=\"paco marchante entradas\" class=\"wp-image-8982 size-full\" srcset=\"https:\/\/galicia.wordcamp.org\/2025\/files\/2025\/06\/paco-entradas.webp 540w, https:\/\/galicia.wordcamp.org\/2025\/files\/2025\/06\/paco-entradas-300x219.webp 300w, https:\/\/galicia.wordcamp.org\/2025\/files\/2025\/06\/paco-entradas-410x300.webp 410w\" sizes=\"auto, (max-width: 540px) 100vw, 540px\" \/><\/figure><div class=\"wp-block-media-text__content\">\n<p class=\"has-text-align-left has-medium-font-size wp-block-paragraph\">Tambi\u00e9n podr\u00e1s acudir a la&nbsp;<em><strong>after party<\/strong><\/em>&nbsp;(o&nbsp;<em>festa rachada<\/em>), el s\u00e1bado por la noche, donde tomar algo de forma m\u00e1s distendida con otros asistentes al evento.<\/p>\n\n\n\n<p class=\"has-text-align-left has-medium-font-size wp-block-paragraph\">Adem\u00e1s, incluye una acreditaci\u00f3n personalizada&#8230; \u00a1y alguna sorpresa m\u00e1s!<\/p>\n\n\n\n<p class=\"has-text-align-left has-medium-font-size wp-block-paragraph\">Y si quieres, puedes a\u00f1adir el <strong>pack de bienvenida<\/strong> (camiseta conmemorativa y bolsa de algod\u00f3n reciclado) para utilizar durante el evento o guardar de recuerdo.<\/p>\n<\/div><\/div>\n\n\n\n<div class=\"wp-block-group has-global-padding is-layout-constrained wp-block-group-is-layout-constrained\" style=\"padding-bottom:48px\">\n<p class=\"has-text-align-center wp-block-paragraph\" style=\"font-size:clamp(14px, 0.875rem + ((1vw - 3.2px) * 0.732), 20px);\"><strong>IMPORTANTE:<\/strong> La <strong>inscripci\u00f3n a las actividades del viernes 3<\/strong>, es diferente a la entrada general. Esa actividad es GRATIS y puedes inscribirte en el siguiente enlace: <a href=\"https:\/\/galicia.wordcamp.org\/2025\/es\/taller-y-do_action\/\" data-type=\"page\" data-id=\"3291\"><strong>Taller de WordPress y <em>do_action<\/em><\/strong><\/a>.<\/p>\n<\/div>\n<\/div>\n<\/div>\n\n\n\n<div class=\"wp-block-group has-global-padding is-layout-constrained wp-container-core-group-is-layout-6a899360 wp-block-group-is-layout-constrained\" style=\"padding-top:48px;padding-bottom:48px\">\n<h2 class=\"wp-block-heading has-text-align-left has-accent-4-color has-text-color has-link-color wp-elements-ff550c315794e4f6f1c67b65676195b0\"><strong>OJO:<\/strong> Antes de comprar tu entrada<\/h2>\n\n\n\n<ul class=\"wp-block-list is-style-checkmark-list\">\n<li class=\"has-medium-font-size\"><strong>\u00bfEres estudiante o profesor de la\u00a0<\/strong><a href=\"https:\/\/www.uvigo.gal\/es\" target=\"_blank\" rel=\"noreferrer noopener\">Universidad de Vigo<\/a>?\u00a0Tenemos un\u00a0<strong>descuento del 60 %<\/strong>\u00a0para las primeras 55 entradas de personas de esta comunidad que lo acrediten, quedando el precio de la entrada en\u00a0<strong>12\u20ac<\/strong>.\u00a0<a href=\"https:\/\/galicia.wordcamp.org\/2025\/es\/contacto\/\" data-type=\"page\" data-id=\"17\">Contacta con nosotros<\/a>\u00a0para que generemos tu <strong>cup\u00f3n personalizado<\/strong>. Solo tienes que enviarnos tus datos y una acreditaci\u00f3n de que formas parte de la comunidad universitaria.<\/li>\n\n\n\n<li class=\"has-medium-font-size\">\u00bfQuieres optar a ser&nbsp;<strong>ponente<\/strong>,&nbsp;<strong>voluntario&nbsp;<\/strong>o&nbsp;<strong>patrocinador<\/strong>? No compres a\u00fan tu entrada. Si resultas seleccionado, la&nbsp;<strong>asistencia ser\u00e1 gratuita para ti<\/strong>.<\/li>\n\n\n\n<li class=\"has-medium-font-size\">Los <strong>menores no necesitan comprar entrada<\/strong>. Pero si necesitas utilizar el <strong><a href=\"https:\/\/galicia.wordcamp.org\/2025\/es\/ludoteca\/\" data-type=\"page\" data-id=\"3273\">servicio de ludoteca<\/a><\/strong>, reserva tu plaza cuanto antes.<\/li>\n\n\n\n<li class=\"has-medium-font-size\">Utilizamos el sistema&nbsp;<a href=\"https:\/\/es.gravatar.com\/\" target=\"_blank\" rel=\"noreferrer noopener\">Gravatar<\/a>&nbsp;para mostrar la foto o avatar de los asistentes en la p\u00e1gina de asistentes. Si quieres que tu foto aparezca en el listado e en tu acreditaci\u00f3n personalizada, basta con crear una cuenta y asignarle tu avatar o foto al correo electr\u00f3nico que utilizar\u00e1s para comprar tu entrada.<\/li>\n\n\n\n<li class=\"has-medium-font-size\"><strong>AUTORIZACI\u00d3N<\/strong>: Por el bien de la comunidad y con fines de promoci\u00f3n, habr\u00e1 voluntarios y\/o fot\u00f3grafos profesionales en la WordCamp Galicia 2025. Al acudir al evento autorizas la utilizaci\u00f3n de tu imagen si apareces en fotos o v\u00eddeos que se puedan tomar que muestren tu participaci\u00f3n en la WordCamp.<\/li>\n<\/ul>\n<\/div>\n\n\n<a href=\"https:\/\/galicia.wordcamp.org\/2025\/es\/entradas\/\">Please view this page in a browser to purchase or manage tickets.<\/a>\n","protected":false},"excerpt":{"rendered":"<p>Informaci\u00f3n y acceso a la compra de entradas de la WordCamp Pontevedra 2024<\/p>\n","protected":false},"author":17330482,"featured_media":2776,"parent":3269,"menu_order":0,"comment_status":"closed","ping_status":"closed","template":"page-es","meta":{"_crdt_document":"","jetpack_post_was_ever_published":false,"footnotes":""},"class_list":["post-3264","page","type-page","status-publish","has-post-thumbnail","hentry"],"jetpack_sharing_enabled":true,"_links":{"self":[{"href":"https:\/\/galicia.wordcamp.org\/2025\/wp-json\/wp\/v2\/pages\/3264","targetHints":{"allow":["GET"]}}],"collection":[{"href":"https:\/\/galicia.wordcamp.org\/2025\/wp-json\/wp\/v2\/pages"}],"about":[{"href":"https:\/\/galicia.wordcamp.org\/2025\/wp-json\/wp\/v2\/types\/page"}],"author":[{"embeddable":true,"href":"https:\/\/galicia.wordcamp.org\/2025\/wp-json\/wp\/v2\/users\/17330482"}],"replies":[{"embeddable":true,"href":"https:\/\/galicia.wordcamp.org\/2025\/wp-json\/wp\/v2\/comments?post=3264"}],"version-history":[{"count":6,"href":"https:\/\/galicia.wordcamp.org\/2025\/wp-json\/wp\/v2\/pages\/3264\/revisions"}],"predecessor-version":[{"id":9011,"href":"https:\/\/galicia.wordcamp.org\/2025\/wp-json\/wp\/v2\/pages\/3264\/revisions\/9011"}],"up":[{"embeddable":true,"href":"https:\/\/galicia.wordcamp.org\/2025\/wp-json\/wp\/v2\/pages\/3269"}],"wp:featuredmedia":[{"embeddable":true,"href":"https:\/\/galicia.wordcamp.org\/2025\/wp-json\/wp\/v2\/media\/2776"}],"wp:attachment":[{"href":"https:\/\/galicia.wordcamp.org\/2025\/wp-json\/wp\/v2\/media?parent=3264"}],"curies":[{"name":"wp","href":"https:\/\/api.w.org\/{rel}","templated":true}]}}