{"id":3261,"date":"2024-05-03T10:57:26","date_gmt":"2024-05-03T08:57:26","guid":{"rendered":"https:\/\/pontevedra.wordcamp.org\/2024\/?page_id=3261"},"modified":"2025-06-03T11:06:44","modified_gmt":"2025-06-03T09:06:44","slug":"dia-comunidad","status":"publish","type":"page","link":"https:\/\/galicia.wordcamp.org\/2025\/es\/dia-comunidad\/","title":{"rendered":"D\u00eda de la Comunidad"},"content":{"rendered":"\n<div class=\"wp-block-group has-global-padding is-layout-constrained wp-block-group-is-layout-constrained\" style=\"margin-bottom:48px;padding-top:48px;padding-bottom:48px\">\n<h2 class=\"wp-block-heading has-text-align-center has-accent-4-color has-text-color has-link-color has-x-large-font-size wp-elements-dfb53384b0fbdc7bd24ded865e3630b3\">Domingo, 5 de Octubre<\/h2>\n\n\n\n<p class=\"has-text-align-center has-medium-font-size wp-block-paragraph\">WordPress es una herramienta gratuita y de c\u00f3digo abierto que permite que <strong>cualquier persona participe en su creaci\u00f3n y mejora<\/strong> o en cualquier parte del ecosistema que la rodea.<\/p>\n\n\n\n<p class=\"has-text-align-center has-medium-font-size wp-block-paragraph\">En este d\u00eda, las personas que disfrutan ayudando al proyecto de WordPress se re\u00fanen en persona para <strong>trabajar juntas y mostrar a otros c\u00f3mo pueden colaborar.<\/strong><\/p>\n\n\n\n<p class=\"has-text-align-center has-medium-font-size wp-block-paragraph\">Existen mesas de trabajo tem\u00e1ticas lideradas por personas ampliamente reconocidas por su aporte a los diferentes equipos, que hacen posible que WordPress sea una herramienta l\u00edder en el desarrollo web, y t\u00fa decides a qu\u00e9 equipo te quieres unir.<\/p>\n<\/div>\n\n\n\n<div class=\"wp-block-group alignfull is-layout-flow wp-container-core-group-is-layout-658bc77b wp-block-group-is-layout-flow\" style=\"margin-top:0px;margin-bottom:0px;padding-right:0px;padding-left:0px\">\n<figure class=\"wp-block-image alignfull size-large\"><img loading=\"lazy\" decoding=\"async\" width=\"1024\" height=\"48\" src=\"https:\/\/galicia.wordcamp.org\/2025\/files\/2025\/05\/onda-color-claro-1024x48.png\" alt=\"\" class=\"wp-image-7882\" srcset=\"https:\/\/galicia.wordcamp.org\/2025\/files\/2025\/05\/onda-color-claro-1024x48.png 1024w, https:\/\/galicia.wordcamp.org\/2025\/files\/2025\/05\/onda-color-claro-300x14.png 300w, https:\/\/galicia.wordcamp.org\/2025\/files\/2025\/05\/onda-color-claro-768x36.png 768w, https:\/\/galicia.wordcamp.org\/2025\/files\/2025\/05\/onda-color-claro-500x23.png 500w, https:\/\/galicia.wordcamp.org\/2025\/files\/2025\/05\/onda-color-claro-1536x72.png 1536w, https:\/\/galicia.wordcamp.org\/2025\/files\/2025\/05\/onda-color-claro.png 1920w\" sizes=\"auto, (max-width: 1024px) 100vw, 1024px\" \/><\/figure>\n\n\n\n<div class=\"wp-block-group has-base-2-background-color has-background has-global-padding is-layout-constrained wp-container-core-group-is-layout-855d4ca9 wp-block-group-is-layout-constrained\" style=\"margin-top:0px;margin-bottom:0px;padding-top:0px;padding-bottom:0px\">\n<div class=\"wp-block-media-text is-stacked-on-mobile has-accent-4-color has-text-color has-link-color has-medium-font-size wp-elements-a8d762045c8cd4f0defb6c9b61eae5c8\" style=\"padding-top:24px;padding-bottom:24px;grid-template-columns:40% auto\"><figure class=\"wp-block-media-text__media\"><img loading=\"lazy\" decoding=\"async\" width=\"497\" height=\"478\" src=\"https:\/\/galicia.wordcamp.org\/2025\/files\/2025\/05\/SantiagoRodriguez-ContributorDay2.webp\" alt=\"Santiago Rodr\u00edguez\" class=\"wp-image-8044 size-full\" srcset=\"https:\/\/galicia.wordcamp.org\/2025\/files\/2025\/05\/SantiagoRodriguez-ContributorDay2.webp 497w, https:\/\/galicia.wordcamp.org\/2025\/files\/2025\/05\/SantiagoRodriguez-ContributorDay2-300x289.webp 300w, https:\/\/galicia.wordcamp.org\/2025\/files\/2025\/05\/SantiagoRodriguez-ContributorDay2-312x300.webp 312w\" sizes=\"auto, (max-width: 497px) 100vw, 497px\" \/><\/figure><div class=\"wp-block-media-text__content\">\n<h2 class=\"wp-block-heading has-text-align-left has-accent-4-color has-text-color has-link-color has-x-large-font-size wp-elements-fe4b675a884ef86d3a9621f7a3d43bd6\">\u00a1Ay\u00fadanos a hacer WordPress a\u00fan mejor!<\/h2>\n\n\n\n<p class=\"has-medium-font-size wp-block-paragraph\">Tu asistencia es un gran aporte a la Comunidad independientemente de tu perfil. <strong>Probablemente sepas c\u00f3mo hacer muchas cosas<\/strong> que pueden ayudar a mejorar el dise\u00f1o, la accesibilidad o la seguridad de WordPress.<\/p>\n\n\n\n<p class=\"has-medium-font-size wp-block-paragraph\">Puedes <strong>traducir<\/strong> plugins o el tema que tanto te guste, pero que no est\u00e9 disponible en tu idioma.<\/p>\n\n\n\n<p class=\"has-medium-font-size wp-block-paragraph\">Quiz\u00e1s prefieras ayudar a otros usuarios a <strong>resolver sus dudas<\/strong> en los foros de soporte de la Comunidad.<\/p>\n\n\n\n<p class=\"has-medium-font-size wp-block-paragraph\">O quieres saber qu\u00e9 hacer para <strong>liderar la formaci\u00f3n de un grupo<\/strong> de WordPress en tu localidad.<\/p>\n\n\n\n<p class=\"has-medium-font-size wp-block-paragraph\">Tambi\u00e9n puedes <strong>colaborar en la mesa de WordPress.TV<\/strong> para que las sesiones de WordCamp est\u00e9n disponibles para todos en un tiempo r\u00e9cord.<\/p>\n<\/div><\/div>\n\n\n\n<div class=\"wp-block-media-text has-media-on-the-right is-stacked-on-mobile has-accent-4-color has-text-color has-link-color has-medium-font-size wp-elements-80c8889c8578032f3ba6b110868ce2bf\" style=\"padding-top:24px;padding-bottom:24px;grid-template-columns:auto 40%\"><div class=\"wp-block-media-text__content\">\n<h2 class=\"wp-block-heading has-text-align-left has-accent-4-color has-text-color has-link-color has-x-large-font-size wp-elements-cdde556d236bfd953474448101bee634\">Mesas de trabajo<\/h2>\n\n\n\n<p class=\"has-medium-font-size wp-block-paragraph\">Si a\u00fan no est\u00e1s seguro de a qu\u00e9 mesa quieres unirte, puedes navegar por varias y quedarte en la que m\u00e1s te guste. En principio tendremos lo siguiente:<\/p>\n\n\n\n<div class=\"wp-block-group is-nowrap is-layout-flex wp-container-core-group-is-layout-0351fb30 wp-block-group-is-layout-flex\">\n<ul class=\"wp-block-list\">\n<li class=\"has-medium-font-size\">Traducciones (ES, GL y PT)<\/li>\n\n\n\n<li class=\"has-medium-font-size\">Dise\u00f1o<\/li>\n\n\n\n<li class=\"has-medium-font-size\">WordPress.TV<\/li>\n\n\n\n<li class=\"has-medium-font-size\">Sostenibilidad<\/li>\n<\/ul>\n\n\n\n<ul class=\"wp-block-list\">\n<li class=\"has-medium-font-size\">Accesibilidad<\/li>\n\n\n\n<li class=\"has-medium-font-size\">Soporte<\/li>\n\n\n\n<li class=\"has-medium-font-size\">Marketing<\/li>\n\n\n\n<li class=\"has-medium-font-size\">Comunidad<\/li>\n<\/ul>\n<\/div>\n<\/div><figure class=\"wp-block-media-text__media\"><img loading=\"lazy\" decoding=\"async\" width=\"540\" height=\"395\" src=\"https:\/\/galicia.wordcamp.org\/2025\/files\/2025\/05\/SantiagoRodriguez-ContributorDayMesas.webp\" alt=\"Santiago Rodr\u00edguez\" class=\"wp-image-8050 size-full\" srcset=\"https:\/\/galicia.wordcamp.org\/2025\/files\/2025\/05\/SantiagoRodriguez-ContributorDayMesas.webp 540w, https:\/\/galicia.wordcamp.org\/2025\/files\/2025\/05\/SantiagoRodriguez-ContributorDayMesas-300x219.webp 300w, https:\/\/galicia.wordcamp.org\/2025\/files\/2025\/05\/SantiagoRodriguez-ContributorDayMesas-410x300.webp 410w\" sizes=\"auto, (max-width: 540px) 100vw, 540px\" \/><\/figure><\/div>\n\n\n\n<div class=\"wp-block-media-text is-stacked-on-mobile has-accent-4-color has-text-color has-link-color has-medium-font-size wp-elements-f1dc94dfe68319425528106f3165aa03\" style=\"padding-top:24px;padding-bottom:80px;grid-template-columns:40% auto\"><figure class=\"wp-block-media-text__media\"><img loading=\"lazy\" decoding=\"async\" width=\"497\" height=\"478\" src=\"https:\/\/galicia.wordcamp.org\/2025\/files\/2025\/05\/SantiagoRodriguez-ContributorDayParticipa.webp\" alt=\"Santiago Rodr\u00edguez\" class=\"wp-image-8052 size-full\" srcset=\"https:\/\/galicia.wordcamp.org\/2025\/files\/2025\/05\/SantiagoRodriguez-ContributorDayParticipa.webp 497w, https:\/\/galicia.wordcamp.org\/2025\/files\/2025\/05\/SantiagoRodriguez-ContributorDayParticipa-300x289.webp 300w, https:\/\/galicia.wordcamp.org\/2025\/files\/2025\/05\/SantiagoRodriguez-ContributorDayParticipa-312x300.webp 312w\" sizes=\"auto, (max-width: 497px) 100vw, 497px\" \/><\/figure><div class=\"wp-block-media-text__content\">\n<h2 class=\"wp-block-heading con-interrogante has-accent-4-color has-text-color has-link-color has-x-large-font-size wp-elements-024297cfb4a563be4eb172f8c8776180\"><strong>\u00bf<\/strong>Que se necesita para participar?&nbsp;<\/h2>\n\n\n\n<p class=\"has-medium-font-size wp-block-paragraph\">Lo principal es que tengas<strong> curiosidad y ganas<\/strong>. Despu\u00e9s de todo lo vivido en los d\u00edas anteriores, seguramente, tambi\u00e9n necesitar\u00e1s un poco de fuerza de voluntad para levantarte de la cama y atenderte.<\/p>\n\n\n\n<p class=\"wp-block-paragraph\">Pero si decides venir lo ideal es que traigas tu <strong>port\u00e1til<\/strong> o tablet, pero no es un requisito imprescindible. Muchas veces, una opini\u00f3n es mucho m\u00e1s valiosa que cualquier tecnolog\u00eda.<\/p>\n\n\n\n<p class=\"wp-block-paragraph\">Lo que necesitar\u00e1s es una <strong>cuenta de Slack<\/strong>. Slack es la plataforma de comunicaci\u00f3n que utilizan los grupos de trabajo de la Comunidad WordPress para organizarse.<\/p>\n\n\n\n<p class=\"wp-block-paragraph\">Aqu\u00ed hay una <strong>gu\u00eda para crear su cuenta de Slack<\/strong> y unirse a la comunidad de WordPress.<\/p>\n\n\n\n<div class=\"wp-block-buttons is-content-justification-left is-layout-flex wp-container-core-buttons-is-layout-827f161b wp-block-buttons-is-layout-flex\" style=\"margin-top:16px;margin-bottom:16px\">\n<div class=\"wp-block-button is-style-fill sombra-verde\"><a class=\"wp-block-button__link has-base-color has-accent-4-background-color has-text-color has-background has-link-color has-border-color wp-element-button\" href=\"https:\/\/es.wordpress.org\/team\/handbook\/equipo\/chat\/#creacion-de-una-cuenta\" style=\"border-color:#35ff69;border-radius:0px;padding-top:8px;padding-right:24px;padding-bottom:8px;padding-left:24px\">Ver a gu\u00eda<\/a><\/div>\n<\/div>\n<\/div><\/div>\n<\/div>\n<\/div>\n\n\n\n<div class=\"wp-block-group alignfull has-global-padding is-layout-constrained wp-block-group-is-layout-constrained\" style=\"margin-top:0px;margin-bottom:0px\">\n<div class=\"wp-block-group alignfull has-accent-4-background-color has-background is-layout-flow wp-block-group-is-layout-flow\" style=\"margin-top:0px;margin-bottom:0px;padding-top:48px;padding-right:4%;padding-bottom:48px;padding-left:4%\">\n<h2 class=\"wp-block-heading has-text-align-center con-interrogante has-base-color has-text-color has-link-color wp-elements-0c31c2ad1cf3092f0d1ba2a5d0a74449\"><span class=\"inv-question-mark\"><strong>\u00bf<\/strong><\/span>A\u00fan no tienes tu entrada?&nbsp;<\/h2>\n\n\n\n<p class=\"has-text-align-center has-base-2-color has-text-color has-link-color wp-elements-a3d200dfc231a1bde71da91109507270 wp-block-paragraph\">Si quieres acudir a las Conferencias y al D\u00eda de la Comunidad, no te olvides de comprar tu entrada<\/p>\n\n\n\n<div class=\"wp-block-buttons is-content-justification-center is-layout-flex wp-container-core-buttons-is-layout-ff57ccb5 wp-block-buttons-is-layout-flex\" style=\"margin-top:24px;margin-bottom:24px\">\n<div class=\"wp-block-button is-style-fill sombra-verde\"><a class=\"wp-block-button__link has-accent-4-color has-base-2-background-color has-text-color has-background has-link-color has-border-color wp-element-button\" href=\"https:\/\/galicia.wordcamp.org\/2025\/es\/entradas\/\" style=\"border-color:#35ff69;border-radius:0px;padding-top:8px;padding-right:24px;padding-bottom:8px;padding-left:24px\">Comprar entrada<\/a><\/div>\n<\/div>\n<\/div>\n<\/div>\n","protected":false},"excerpt":{"rendered":"<p>Explicaci\u00f3n e informaci\u00f3n de inter\u00e9s sobre el D\u00eda de la Comunidad de WordPress en la WordCamp Pontevedra 2024<\/p>\n","protected":false},"author":18742608,"featured_media":2635,"parent":3269,"menu_order":0,"comment_status":"closed","ping_status":"closed","template":"page-es","meta":{"_crdt_document":"","jetpack_post_was_ever_published":false,"footnotes":""},"class_list":["post-3261","page","type-page","status-publish","has-post-thumbnail","hentry"],"jetpack_sharing_enabled":true,"_links":{"self":[{"href":"https:\/\/galicia.wordcamp.org\/2025\/wp-json\/wp\/v2\/pages\/3261","targetHints":{"allow":["GET"]}}],"collection":[{"href":"https:\/\/galicia.wordcamp.org\/2025\/wp-json\/wp\/v2\/pages"}],"about":[{"href":"https:\/\/galicia.wordcamp.org\/2025\/wp-json\/wp\/v2\/types\/page"}],"author":[{"embeddable":true,"href":"https:\/\/galicia.wordcamp.org\/2025\/wp-json\/wp\/v2\/users\/18742608"}],"replies":[{"embeddable":true,"href":"https:\/\/galicia.wordcamp.org\/2025\/wp-json\/wp\/v2\/comments?post=3261"}],"version-history":[{"count":12,"href":"https:\/\/galicia.wordcamp.org\/2025\/wp-json\/wp\/v2\/pages\/3261\/revisions"}],"predecessor-version":[{"id":8798,"href":"https:\/\/galicia.wordcamp.org\/2025\/wp-json\/wp\/v2\/pages\/3261\/revisions\/8798"}],"up":[{"embeddable":true,"href":"https:\/\/galicia.wordcamp.org\/2025\/wp-json\/wp\/v2\/pages\/3269"}],"wp:featuredmedia":[{"embeddable":true,"href":"https:\/\/galicia.wordcamp.org\/2025\/wp-json\/wp\/v2\/media\/2635"}],"wp:attachment":[{"href":"https:\/\/galicia.wordcamp.org\/2025\/wp-json\/wp\/v2\/media?parent=3261"}],"curies":[{"name":"wp","href":"https:\/\/api.w.org\/{rel}","templated":true}]}}