{"id":3257,"date":"2024-05-03T10:54:25","date_gmt":"2024-05-03T08:54:25","guid":{"rendered":"https:\/\/pontevedra.wordcamp.org\/2024\/?page_id=3257"},"modified":"2025-06-03T11:01:41","modified_gmt":"2025-06-03T09:01:41","slug":"conferencias","status":"publish","type":"page","link":"https:\/\/galicia.wordcamp.org\/2025\/es\/conferencias\/","title":{"rendered":"Conferencias"},"content":{"rendered":"\n<div class=\"wp-block-group has-global-padding is-layout-constrained wp-block-group-is-layout-constrained\" style=\"margin-bottom:48px;padding-top:48px;padding-bottom:48px\">\n<h2 class=\"wp-block-heading has-text-align-center has-accent-4-color has-text-color has-link-color has-x-large-font-size wp-elements-68388ac0001152c1a24898df7da27eed\">S\u00e1bado, 4 de Octubre<\/h2>\n\n\n\n<p class=\"has-text-align-center has-medium-font-size wp-block-paragraph\">En este d\u00eda habr\u00e1 dos salas donde podr\u00e1s asistir a diferentes conferencias, talleres y formatos experimentales. Con <strong>m\u00e1s de 20 ponentes<\/strong> que cubrir\u00e1n todos los temas posibles relacionados con el mundo de las p\u00e1ginas web y el emprendimiento. Y diferentes niveles, para que tanto principiantes como expertos aprendan y disfruten.<\/p>\n\n\n\n<p class=\"has-text-align-center has-medium-font-size wp-block-paragraph\">Este a\u00f1o nos propusimos realizar <strong>diferentes actividades relacionadas con WordPress y el aprendizaje<\/strong>. Tocando \u00e1reas como el negocio digital, el comercio electr\u00f3nico, la marca personal, las redes sociales, el <em>copywrtiting<\/em>, el desarrollo web, el dise\u00f1o UX\/UI, la accesibilidad, el marketing y las ventas, el SEO, la seguridad, el WPO, los aspectos legales\u2026<\/p>\n\n\n\n<p class=\"has-text-align-center has-medium-font-size wp-block-paragraph\">Conferencias din\u00e1micas, lo m\u00e1s pr\u00e1cticas posibles con las que los asistentes acaban con muchas ganas de probar cosas nuevas.<strong> Ponentes con ideas innovadoras<\/strong>, historias que inspiren a otros o quiz\u00e1s <strong>consejos pr\u00e1cticos<\/strong> que podamos aplicar a nuestros proyectos.<\/p>\n\n\n\n<p class=\"has-text-align-center has-medium-font-size wp-block-paragraph\">Si quieres participar como ponente, presta atenci\u00f3n a la Llamada de Ponentes que realizaremos.<\/p>\n\n\n\n<div class=\"wp-block-buttons is-content-justification-center is-layout-flex wp-container-core-buttons-is-layout-8fae996f wp-block-buttons-is-layout-flex\" style=\"margin-top:24px;margin-bottom:24px;padding-top:24px\">\n<div class=\"wp-block-button is-style-fill sombra-verde\"><a class=\"wp-block-button__link has-base-color has-accent-4-background-color has-text-color has-background has-link-color has-border-color wp-element-button\" href=\"https:\/\/galicia.wordcamp.org\/2025\/es\/participar-como-ponente\/\" style=\"border-color:#35ff69;border-radius:0px;padding-top:8px;padding-right:24px;padding-bottom:8px;padding-left:24px\">Participar como ponente<\/a><\/div>\n<\/div>\n<\/div>\n\n\n\n<div class=\"wp-block-group alignfull is-layout-flow wp-container-core-group-is-layout-c2db5122 wp-block-group-is-layout-flow\" style=\"padding-right:0px;padding-left:0px\">\n<figure class=\"wp-block-image alignfull size-large\"><img loading=\"lazy\" decoding=\"async\" width=\"1024\" height=\"48\" src=\"https:\/\/galicia.wordcamp.org\/2025\/files\/2025\/05\/onda-color-claro-1024x48.png\" alt=\"\" class=\"wp-image-7882\" srcset=\"https:\/\/galicia.wordcamp.org\/2025\/files\/2025\/05\/onda-color-claro-1024x48.png 1024w, https:\/\/galicia.wordcamp.org\/2025\/files\/2025\/05\/onda-color-claro-300x14.png 300w, https:\/\/galicia.wordcamp.org\/2025\/files\/2025\/05\/onda-color-claro-768x36.png 768w, https:\/\/galicia.wordcamp.org\/2025\/files\/2025\/05\/onda-color-claro-500x23.png 500w, https:\/\/galicia.wordcamp.org\/2025\/files\/2025\/05\/onda-color-claro-1536x72.png 1536w, https:\/\/galicia.wordcamp.org\/2025\/files\/2025\/05\/onda-color-claro.png 1920w\" sizes=\"auto, (max-width: 1024px) 100vw, 1024px\" \/><\/figure>\n\n\n\n<div class=\"wp-block-group has-base-2-background-color has-background has-global-padding is-layout-constrained wp-container-core-group-is-layout-a28b9f60 wp-block-group-is-layout-constrained\" style=\"padding-top:0px;padding-bottom:80px\">\n<div class=\"wp-block-media-text is-stacked-on-mobile\" style=\"grid-template-columns:40% auto\"><figure class=\"wp-block-media-text__media\"><img loading=\"lazy\" decoding=\"async\" width=\"497\" height=\"478\" src=\"https:\/\/galicia.wordcamp.org\/2025\/files\/2025\/05\/PacoMarchante-ConferenciasFormatos.webp\" alt=\"Paco Marchante\" class=\"wp-image-8018 size-full\" srcset=\"https:\/\/galicia.wordcamp.org\/2025\/files\/2025\/05\/PacoMarchante-ConferenciasFormatos.webp 497w, https:\/\/galicia.wordcamp.org\/2025\/files\/2025\/05\/PacoMarchante-ConferenciasFormatos-300x289.webp 300w, https:\/\/galicia.wordcamp.org\/2025\/files\/2025\/05\/PacoMarchante-ConferenciasFormatos-312x300.webp 312w\" sizes=\"auto, (max-width: 497px) 100vw, 497px\" \/><\/figure><div class=\"wp-block-media-text__content\">\n<h2 class=\"wp-block-heading has-text-align-left has-accent-4-color has-text-color has-link-color has-x-large-font-size wp-elements-ef7516b0b9786b6ec5173e05dcdb3538\">Formatos<\/h2>\n\n\n\n<p class=\"has-text-align-left has-medium-font-size wp-block-paragraph\">Este a\u00f1o apostamos por una mayor participaci\u00f3n de los asistentes, y formatos m\u00e1s din\u00e1micos y pr\u00e1cticos para consolidar conocimientos aplicados a casos reales a trav\u00e9s de la experiencia personal.<\/p>\n\n\n\n<div class=\"wp-block-columns is-layout-flex wp-container-core-columns-is-layout-3a88641f wp-block-columns-is-layout-flex\">\n<div class=\"wp-block-column is-layout-flow wp-block-column-is-layout-flow\" style=\"padding-top:0;padding-bottom:0\">\n<ul class=\"wp-block-list is-style-default\">\n<li class=\"has-medium-font-size\">Charla larga<\/li>\n\n\n\n<li class=\"has-medium-font-size\">Charla corta<\/li>\n\n\n\n<li class=\"has-medium-font-size\">Taller<\/li>\n\n\n\n<li class=\"has-medium-font-size\">Demo<\/li>\n<\/ul>\n<\/div>\n\n\n\n<div class=\"wp-block-column is-layout-flow wp-block-column-is-layout-flow\" style=\"padding-top:0;padding-bottom:0\">\n<ul class=\"wp-block-list is-style-default\">\n<li class=\"has-medium-font-size\">Auditor\u00eda<\/li>\n\n\n\n<li class=\"has-medium-font-size\">Consultor\u00eda<\/li>\n\n\n\n<li class=\"has-medium-font-size\">Debate abierto<\/li>\n<\/ul>\n<\/div>\n<\/div>\n<\/div><\/div>\n\n\n\n<div class=\"wp-block-media-text has-media-on-the-right is-stacked-on-mobile\" style=\"padding-top:24px;padding-bottom:24px;grid-template-columns:auto 40%\"><div class=\"wp-block-media-text__content\">\n<h2 class=\"wp-block-heading has-text-align-left has-accent-4-color has-text-color has-link-color has-x-large-font-size wp-elements-df484002fa9237c7dd8060a35b3b46a7\">Charla larga<\/h2>\n\n\n\n<p class=\"has-medium-font-size wp-block-paragraph\">La charla larga es una excelente oportunidad para <strong>profundizar en un tema<\/strong> espec\u00edfico. Con una duraci\u00f3n de 20 minutos, habr\u00e1 un tiempo al final para que el p\u00fablico presente preguntas.<\/p>\n\n\n\n<p class=\"has-medium-font-size wp-block-paragraph\">Las <strong>preguntas <\/strong>permiten profundizar en m\u00e1s detalles y <strong>abordar inquietudes<\/strong> directas de los asistentes.<\/p>\n<\/div><figure class=\"wp-block-media-text__media\"><img loading=\"lazy\" decoding=\"async\" width=\"540\" height=\"395\" src=\"https:\/\/galicia.wordcamp.org\/2025\/files\/2025\/05\/NiloVelez-PonenciaLarga.webp\" alt=\"Nilo Velez\" class=\"wp-image-8019 size-full\" srcset=\"https:\/\/galicia.wordcamp.org\/2025\/files\/2025\/05\/NiloVelez-PonenciaLarga.webp 540w, https:\/\/galicia.wordcamp.org\/2025\/files\/2025\/05\/NiloVelez-PonenciaLarga-300x219.webp 300w, https:\/\/galicia.wordcamp.org\/2025\/files\/2025\/05\/NiloVelez-PonenciaLarga-410x300.webp 410w\" sizes=\"auto, (max-width: 540px) 100vw, 540px\" \/><\/figure><\/div>\n\n\n\n<div class=\"wp-block-media-text is-stacked-on-mobile\" style=\"padding-top:24px;padding-bottom:24px;grid-template-columns:40% auto\"><figure class=\"wp-block-media-text__media\"><img loading=\"lazy\" decoding=\"async\" width=\"540\" height=\"395\" src=\"https:\/\/galicia.wordcamp.org\/2025\/files\/2025\/05\/PacoMarchante-PonenciaCorta.webp\" alt=\"Paco Marchante\" class=\"wp-image-8021 size-full\" srcset=\"https:\/\/galicia.wordcamp.org\/2025\/files\/2025\/05\/PacoMarchante-PonenciaCorta.webp 540w, https:\/\/galicia.wordcamp.org\/2025\/files\/2025\/05\/PacoMarchante-PonenciaCorta-300x219.webp 300w, https:\/\/galicia.wordcamp.org\/2025\/files\/2025\/05\/PacoMarchante-PonenciaCorta-410x300.webp 410w\" sizes=\"auto, (max-width: 540px) 100vw, 540px\" \/><\/figure><div class=\"wp-block-media-text__content\">\n<h2 class=\"wp-block-heading has-accent-4-color has-text-color has-link-color has-x-large-font-size wp-elements-bd9284409713144c8300ae7920085228\">Charla corta<\/h2>\n\n\n\n<p class=\"has-medium-font-size wp-block-paragraph\">Estas conferencias s\u00f3lo duran 10 minutos y no hay posibilidad de hacer preguntas al final.<\/p>\n\n\n\n<p class=\"has-medium-font-size wp-block-paragraph\">La brevedad del tiempo te obliga a <strong>centrarte en los aspectos m\u00e1s importantes del tema<\/strong>, resaltar los puntos clave, ofrecer consejos pr\u00e1cticos y compartir ideas efectivas.<\/p>\n<\/div><\/div>\n\n\n\n<div class=\"wp-block-media-text has-media-on-the-right is-stacked-on-mobile\" style=\"padding-top:24px;padding-bottom:24px;grid-template-columns:auto 40%\"><div class=\"wp-block-media-text__content\">\n<h2 class=\"wp-block-heading has-text-align-left has-accent-4-color has-text-color has-link-color has-x-large-font-size wp-elements-63a037a18bfb679c9223f28ddfc7c53e\">Taller<\/h2>\n\n\n\n<p class=\"has-medium-font-size wp-block-paragraph\">Este formato es una forma de<strong> aprender haciendo<\/strong>. Una sesi\u00f3n pr\u00e1ctica y participativa donde aplicas conceptos y herramientas directamente durante 60 minutos.<\/p>\n\n\n\n<p class=\"has-medium-font-size wp-block-paragraph\">El <strong>ponente ayudar\u00e1 y guiar\u00e1 a los participantes<\/strong> para que sean capaces de comprender y consolidar los conceptos.<\/p>\n<\/div><figure class=\"wp-block-media-text__media\"><img loading=\"lazy\" decoding=\"async\" width=\"540\" height=\"395\" src=\"https:\/\/galicia.wordcamp.org\/2025\/files\/2025\/05\/eneko-PonenciaTaller.webp\" alt=\"Eneko Garrido\" class=\"wp-image-8022 size-full\" srcset=\"https:\/\/galicia.wordcamp.org\/2025\/files\/2025\/05\/eneko-PonenciaTaller.webp 540w, https:\/\/galicia.wordcamp.org\/2025\/files\/2025\/05\/eneko-PonenciaTaller-300x219.webp 300w, https:\/\/galicia.wordcamp.org\/2025\/files\/2025\/05\/eneko-PonenciaTaller-410x300.webp 410w\" sizes=\"auto, (max-width: 540px) 100vw, 540px\" \/><\/figure><\/div>\n\n\n\n<div class=\"wp-block-media-text is-stacked-on-mobile\" style=\"padding-top:24px;padding-bottom:24px;grid-template-columns:40% auto\"><figure class=\"wp-block-media-text__media\"><img loading=\"lazy\" decoding=\"async\" width=\"540\" height=\"395\" src=\"https:\/\/galicia.wordcamp.org\/2025\/files\/2025\/05\/Nilo-PonenciaDemo.webp\" alt=\"Nilo V\u00e9lez\" class=\"wp-image-8029 size-full\" srcset=\"https:\/\/galicia.wordcamp.org\/2025\/files\/2025\/05\/Nilo-PonenciaDemo.webp 540w, https:\/\/galicia.wordcamp.org\/2025\/files\/2025\/05\/Nilo-PonenciaDemo-300x219.webp 300w, https:\/\/galicia.wordcamp.org\/2025\/files\/2025\/05\/Nilo-PonenciaDemo-410x300.webp 410w\" sizes=\"auto, (max-width: 540px) 100vw, 540px\" \/><\/figure><div class=\"wp-block-media-text__content\">\n<h2 class=\"wp-block-heading has-accent-4-color has-text-color has-link-color has-x-large-font-size wp-elements-57d8ccb5b598d0d5bc8e4224813c9b9d\">Demo<\/h2>\n\n\n\n<p class=\"has-medium-font-size wp-block-paragraph\">En tan s\u00f3lo 10 minutos, el ponente <strong>mostrar\u00e1 de forma pr\u00e1ctica c\u00f3mo funciona<\/strong> una aplicaci\u00f3n, un plugin, los pasos a seguir para realizar una estrategia concreta de\u2026<\/p>\n\n\n\n<p class=\"has-medium-font-size wp-block-paragraph\">Se trata de ver de una manera r\u00e1pida y sencilla la forma de hacer algo concreto para que los asistentes <strong>aprendan c\u00f3mo hacerlo<\/strong>.<\/p>\n<\/div><\/div>\n\n\n\n<div class=\"wp-block-media-text has-media-on-the-right is-stacked-on-mobile\" style=\"padding-top:24px;padding-bottom:24px;grid-template-columns:auto 40%\"><div class=\"wp-block-media-text__content\">\n<h2 class=\"wp-block-heading has-text-align-left has-accent-4-color has-text-color has-link-color has-x-large-font-size wp-elements-618b7b4f9a51515032b17207d9213963\">Auditor\u00eda<\/h2>\n\n\n\n<p class=\"has-medium-font-size wp-block-paragraph\">Durante 20 minutos un experto en alg\u00fan \u00e1rea relacionada con el mundo de las p\u00e1ginas web o el emprendimiento <strong>revisar\u00e1 un proyecto real<\/strong>.<\/p>\n\n\n\n<p class=\"has-medium-font-size wp-block-paragraph\">Se trata de <strong>mostrar la metodolog\u00eda a seguir<\/strong> para identificar \u00e1reas de mejora y oportunidades para optimizar procesos en tu propio proyecto.<\/p>\n<\/div><figure class=\"wp-block-media-text__media\"><img loading=\"lazy\" decoding=\"async\" width=\"540\" height=\"395\" src=\"https:\/\/galicia.wordcamp.org\/2025\/files\/2025\/05\/PacoMarchante-PonenciaAuditoria.webp\" alt=\"Paco Marchante\" class=\"wp-image-8027 size-full\" srcset=\"https:\/\/galicia.wordcamp.org\/2025\/files\/2025\/05\/PacoMarchante-PonenciaAuditoria.webp 540w, https:\/\/galicia.wordcamp.org\/2025\/files\/2025\/05\/PacoMarchante-PonenciaAuditoria-300x219.webp 300w, https:\/\/galicia.wordcamp.org\/2025\/files\/2025\/05\/PacoMarchante-PonenciaAuditoria-410x300.webp 410w\" sizes=\"auto, (max-width: 540px) 100vw, 540px\" \/><\/figure><\/div>\n\n\n\n<div class=\"wp-block-media-text is-stacked-on-mobile\" style=\"padding-top:24px;padding-bottom:24px;grid-template-columns:40% auto\"><figure class=\"wp-block-media-text__media\"><img loading=\"lazy\" decoding=\"async\" width=\"540\" height=\"395\" src=\"https:\/\/galicia.wordcamp.org\/2025\/files\/2025\/05\/PacoMarchante-PonenciaConsultoria.webp\" alt=\"Paco Marchante\" class=\"wp-image-8024 size-full\" srcset=\"https:\/\/galicia.wordcamp.org\/2025\/files\/2025\/05\/PacoMarchante-PonenciaConsultoria.webp 540w, https:\/\/galicia.wordcamp.org\/2025\/files\/2025\/05\/PacoMarchante-PonenciaConsultoria-300x219.webp 300w, https:\/\/galicia.wordcamp.org\/2025\/files\/2025\/05\/PacoMarchante-PonenciaConsultoria-410x300.webp 410w\" sizes=\"auto, (max-width: 540px) 100vw, 540px\" \/><\/figure><div class=\"wp-block-media-text__content\">\n<h2 class=\"wp-block-heading has-accent-4-color has-text-color has-link-color has-x-large-font-size wp-elements-48d91476009b162c8defc25efa56e48b\">Consultor\u00eda<\/h2>\n\n\n\n<p class=\"has-medium-font-size wp-block-paragraph\">Durante 10 minutos, el ponente <strong>dar\u00e1 consejos y recomendaciones personalizadas <\/strong>sobre casos concretos de la audiencia para ayudarles a resolver sus dudas o problemas.<\/p>\n\n\n\n<p class=\"has-medium-font-size wp-block-paragraph\">Para ello <strong>se podr\u00e1n enviar preguntas con antelaci\u00f3n al evento<\/strong>, las cuales ser\u00e1n respondidas con soluciones basadas en la experiencia.<\/p>\n<\/div><\/div>\n\n\n\n<div class=\"wp-block-media-text has-media-on-the-right is-stacked-on-mobile\" style=\"padding-top:24px;padding-bottom:24px;grid-template-columns:auto 40%\"><div class=\"wp-block-media-text__content\">\n<h2 class=\"wp-block-heading has-text-align-left has-accent-4-color has-text-color has-link-color has-x-large-font-size wp-elements-6587c52e759a8b75de371747a1dd9355\">Debate abierto<\/h2>\n\n\n\n<p class=\"has-medium-font-size wp-block-paragraph\">Este formato es una oportunidad para entablar una <strong>conversaci\u00f3n abierta y din\u00e1mica<\/strong>, durante 60 minutos, sobre un tema relevante relacionado con WordPress y el emprendimiento.<\/p>\n\n\n\n<p class=\"has-medium-font-size wp-block-paragraph\">Se trata de identificar juntos problemas reales compartiendo perspectivas, ideas y experiencias para explorar diferentes puntos de vista y <strong>generar soluciones innovadoras.<\/strong><\/p>\n<\/div><figure class=\"wp-block-media-text__media\"><img loading=\"lazy\" decoding=\"async\" width=\"540\" height=\"395\" src=\"https:\/\/galicia.wordcamp.org\/2025\/files\/2025\/05\/PacoMarchante-PonenciaDebate.webp\" alt=\"\" class=\"wp-image-8031 size-full\" srcset=\"https:\/\/galicia.wordcamp.org\/2025\/files\/2025\/05\/PacoMarchante-PonenciaDebate.webp 540w, https:\/\/galicia.wordcamp.org\/2025\/files\/2025\/05\/PacoMarchante-PonenciaDebate-300x219.webp 300w, https:\/\/galicia.wordcamp.org\/2025\/files\/2025\/05\/PacoMarchante-PonenciaDebate-410x300.webp 410w\" sizes=\"auto, (max-width: 540px) 100vw, 540px\" \/><\/figure><\/div>\n<\/div>\n\n\n\n<div class=\"wp-block-group has-accent-4-background-color has-background is-layout-flow wp-block-group-is-layout-flow\" style=\"margin-top:0px;margin-bottom:0px;padding-top:48px;padding-bottom:48px\">\n<h2 class=\"wp-block-heading has-text-align-center con-interrogante has-base-color has-text-color has-link-color wp-elements-ff29c759cd5d1625446e2b37ba18ac43\"><strong>\u00bf<\/strong>Quieres ser ponente?<\/h2>\n\n\n\n<p class=\"has-text-align-center has-base-2-color has-text-color has-link-color has-medium-font-size wp-elements-2a0a5cc390ad730e9facf5f9f747258f wp-block-paragraph\">Para participar como ponente, mantente atento a la llamada y al periodo para presentar tu charla o taller.<\/p>\n\n\n\n<div class=\"wp-block-buttons is-content-justification-center is-layout-flex wp-container-core-buttons-is-layout-ff57ccb5 wp-block-buttons-is-layout-flex\" style=\"margin-top:24px;margin-bottom:24px\">\n<div class=\"wp-block-button is-style-fill sombra-verde\"><a class=\"wp-block-button__link has-accent-4-color has-base-2-background-color has-text-color has-background has-link-color has-border-color wp-element-button\" href=\"https:\/\/galicia.wordcamp.org\/2025\/participar-como-ponente\/\" style=\"border-color:#35ff69;border-radius:0px;padding-top:4px;padding-bottom:4px\">Participar<\/a><\/div>\n<\/div>\n<\/div>\n<\/div>\n","protected":false},"excerpt":{"rendered":"<p>Resumen y explicaci\u00f3n del tipo y formatos de conferencias que habr\u00e1 en la WordCamp Pontevedra 2024<\/p>\n","protected":false},"author":17330482,"featured_media":2595,"parent":3269,"menu_order":0,"comment_status":"closed","ping_status":"closed","template":"page-es","meta":{"_crdt_document":"","jetpack_post_was_ever_published":false,"footnotes":""},"class_list":["post-3257","page","type-page","status-publish","has-post-thumbnail","hentry"],"jetpack_sharing_enabled":true,"_links":{"self":[{"href":"https:\/\/galicia.wordcamp.org\/2025\/wp-json\/wp\/v2\/pages\/3257","targetHints":{"allow":["GET"]}}],"collection":[{"href":"https:\/\/galicia.wordcamp.org\/2025\/wp-json\/wp\/v2\/pages"}],"about":[{"href":"https:\/\/galicia.wordcamp.org\/2025\/wp-json\/wp\/v2\/types\/page"}],"author":[{"embeddable":true,"href":"https:\/\/galicia.wordcamp.org\/2025\/wp-json\/wp\/v2\/users\/17330482"}],"replies":[{"embeddable":true,"href":"https:\/\/galicia.wordcamp.org\/2025\/wp-json\/wp\/v2\/comments?post=3257"}],"version-history":[{"count":13,"href":"https:\/\/galicia.wordcamp.org\/2025\/wp-json\/wp\/v2\/pages\/3257\/revisions"}],"predecessor-version":[{"id":8792,"href":"https:\/\/galicia.wordcamp.org\/2025\/wp-json\/wp\/v2\/pages\/3257\/revisions\/8792"}],"up":[{"embeddable":true,"href":"https:\/\/galicia.wordcamp.org\/2025\/wp-json\/wp\/v2\/pages\/3269"}],"wp:featuredmedia":[{"embeddable":true,"href":"https:\/\/galicia.wordcamp.org\/2025\/wp-json\/wp\/v2\/media\/2595"}],"wp:attachment":[{"href":"https:\/\/galicia.wordcamp.org\/2025\/wp-json\/wp\/v2\/media?parent=3257"}],"curies":[{"name":"wp","href":"https:\/\/api.w.org\/{rel}","templated":true}]}}