{"id":3253,"date":"2024-05-03T10:52:07","date_gmt":"2024-05-03T08:52:07","guid":{"rendered":"https:\/\/pontevedra.wordcamp.org\/2024\/?page_id=3253"},"modified":"2025-06-04T08:13:48","modified_gmt":"2025-06-04T06:13:48","slug":"actividades","status":"publish","type":"page","link":"https:\/\/galicia.wordcamp.org\/2025\/es\/actividades\/","title":{"rendered":"Actividades"},"content":{"rendered":"\n<div class=\"wp-block-group has-global-padding is-layout-constrained wp-block-group-is-layout-constrained\" style=\"margin-bottom:48px;padding-top:48px;padding-bottom:48px\">\n<h2 class=\"wp-block-heading has-text-align-center has-accent-4-color has-text-color has-link-color has-x-large-font-size wp-elements-0fe4c66abebe5c7a14d4dbf91f9fc3a7\">Aprende, comparte y disfruta<\/h2>\n\n\n\n<p class=\"has-text-align-center has-medium-font-size wp-block-paragraph\">La <strong>WordCamp Galicia<\/strong> se conforma por 3 d\u00edas en los que podr\u00e1s participar en diferentes actividades en torno a <strong>WordPress<\/strong>.&nbsp;<\/p>\n\n\n\n<p class=\"has-text-align-center has-medium-font-size wp-block-paragraph\">Empezamos el <strong>viernes<\/strong> <strong>3 de octubre<\/strong>, con la realizaci\u00f3n de un<strong> taller de iniciaci\u00f3n a WordPress<\/strong> y el <strong>do_action hackathon<\/strong>.<\/p>\n\n\n\n<p class=\"has-text-align-center has-medium-font-size wp-block-paragraph\">Seguimos el <strong>s\u00e1bado<\/strong> <strong>4<\/strong>, con un d\u00eda lleno de <strong>charlas, talleres y otros formatos m\u00e1s participativos<\/strong> abarcando todas las tem\u00e1ticas posibles para que tanto novatos como expertos aprendan y disfruten.<\/p>\n\n\n\n<p class=\"has-text-align-center has-medium-font-size wp-block-paragraph\">Y para acabar, el <strong>domingo<\/strong> <strong>5<\/strong>, celebraremos el <strong>D\u00eda de la Comunidad<\/strong>, en el que ayudaremos y aprenderemos a colaborar con el propio proyecto de WordPress participando en diferentes mesas de trabajo.<\/p>\n<\/div>\n\n\n\n<div class=\"wp-block-group alignfull is-layout-flow wp-container-core-group-is-layout-c2db5122 wp-block-group-is-layout-flow\" style=\"padding-right:0px;padding-left:0px\">\n<figure class=\"wp-block-image alignfull size-large\"><img loading=\"lazy\" decoding=\"async\" width=\"1024\" height=\"48\" src=\"https:\/\/galicia.wordcamp.org\/2025\/files\/2025\/05\/onda-color-claro-1024x48.png\" alt=\"\" class=\"wp-image-7882\" srcset=\"https:\/\/galicia.wordcamp.org\/2025\/files\/2025\/05\/onda-color-claro-1024x48.png 1024w, https:\/\/galicia.wordcamp.org\/2025\/files\/2025\/05\/onda-color-claro-300x14.png 300w, https:\/\/galicia.wordcamp.org\/2025\/files\/2025\/05\/onda-color-claro-768x36.png 768w, https:\/\/galicia.wordcamp.org\/2025\/files\/2025\/05\/onda-color-claro-500x23.png 500w, https:\/\/galicia.wordcamp.org\/2025\/files\/2025\/05\/onda-color-claro-1536x72.png 1536w, https:\/\/galicia.wordcamp.org\/2025\/files\/2025\/05\/onda-color-claro.png 1920w\" sizes=\"auto, (max-width: 1024px) 100vw, 1024px\" \/><\/figure>\n\n\n\n<div class=\"wp-block-group has-accent-4-color has-base-2-background-color has-text-color has-background has-link-color wp-elements-44af1326cca2ee1270d65969322d6bfe has-global-padding is-layout-constrained wp-container-core-group-is-layout-cdf2922d wp-block-group-is-layout-constrained\" style=\"padding-top:0px;padding-bottom:0px\">\n<div class=\"wp-block-media-text is-stacked-on-mobile\" style=\"padding-top:24px;padding-bottom:24px;grid-template-columns:40% auto\"><figure class=\"wp-block-media-text__media\"><img loading=\"lazy\" decoding=\"async\" width=\"497\" height=\"478\" src=\"https:\/\/galicia.wordcamp.org\/2025\/files\/2025\/05\/SantiagoRodriguez-TallerDoAction.webp\" alt=\"Santiago Rodriguez\" class=\"wp-image-7957 size-full\" srcset=\"https:\/\/galicia.wordcamp.org\/2025\/files\/2025\/05\/SantiagoRodriguez-TallerDoAction.webp 497w, https:\/\/galicia.wordcamp.org\/2025\/files\/2025\/05\/SantiagoRodriguez-TallerDoAction-300x289.webp 300w, https:\/\/galicia.wordcamp.org\/2025\/files\/2025\/05\/SantiagoRodriguez-TallerDoAction-312x300.webp 312w\" sizes=\"auto, (max-width: 497px) 100vw, 497px\" \/><\/figure><div class=\"wp-block-media-text__content\">\n<div class=\"wp-block-columns are-vertically-aligned-center is-layout-flex wp-container-core-columns-is-layout-da166788 wp-block-columns-is-layout-flex\">\n<div class=\"wp-block-column is-vertically-aligned-center is-layout-flow wp-block-column-is-layout-flow\" style=\"flex-basis:25%\">\n<figure class=\"wp-block-image size-full is-resized\"><img loading=\"lazy\" decoding=\"async\" width=\"160\" height=\"160\" src=\"https:\/\/galicia.wordcamp.org\/2025\/files\/2025\/05\/3vernes-outubro.png\" alt=\"\" class=\"wp-image-7850\" style=\"object-fit:cover;width:128px;height:128px\" srcset=\"https:\/\/galicia.wordcamp.org\/2025\/files\/2025\/05\/3vernes-outubro.png 160w, https:\/\/galicia.wordcamp.org\/2025\/files\/2025\/05\/3vernes-outubro-150x150.png 150w\" sizes=\"auto, (max-width: 160px) 100vw, 160px\" \/><\/figure>\n<\/div>\n\n\n\n<div class=\"wp-block-column is-vertically-aligned-center is-layout-flow wp-block-column-is-layout-flow\" style=\"flex-basis:66.66%\">\n<h2 class=\"wp-block-heading has-accent-4-color has-text-color has-link-color has-x-large-font-size wp-elements-5976cc40e2d627532704c5f145bae5c6\" style=\"line-height:1.2\"><a href=\"https:\/\/galicia.wordcamp.org\/2025\/es\/taller-y-do_action\/\" data-type=\"page\" data-id=\"2063\">Taller y do_action hackathon<\/a><\/h2>\n<\/div>\n<\/div>\n\n\n\n<p class=\"has-text-align-left has-medium-font-size wp-block-paragraph\">Empezamos el evento celebrando un <strong>Taller de iniciaci\u00f3n a WordPress <\/strong>para abrir la puerta a curiosos que deseen descubrir el modo de instalar, configurar y editar contenidos con este gestor.<\/p>\n\n\n\n<p class=\"has-text-align-left has-medium-font-size wp-block-paragraph\">A continuaci\u00f3n, empezar\u00e1 el <strong>do_action hackathon<\/strong> en el que podr\u00e1s ayudarnos en la <strong>creaci\u00f3n de las webs de varias asociaciones sin \u00e1nimo de lucro<\/strong> para mejorar su presencia digital y a potenciar el alcance de sus proyectos.<\/p>\n\n\n\n<p class=\"has-text-align-left has-medium-font-size wp-block-paragraph\">Tanto si eres principiante como profesional, <strong>an\u00edmate a<\/strong> <strong><a href=\"\/2025\/es\/taller-y-do_action\/\" data-type=\"page\" data-id=\"3291\">participar en el do-action<\/a>!<\/strong><\/p>\n<\/div><\/div>\n\n\n\n<div class=\"wp-block-media-text has-media-on-the-right is-stacked-on-mobile\" style=\"padding-top:24px;padding-bottom:24px;grid-template-columns:auto 40%\"><div class=\"wp-block-media-text__content\">\n<div class=\"wp-block-columns are-vertically-aligned-center is-layout-flex wp-container-core-columns-is-layout-aed07fa8 wp-block-columns-is-layout-flex\" style=\"padding-top:0px;padding-bottom:0px\">\n<div class=\"wp-block-column is-vertically-aligned-center is-layout-flow wp-container-core-column-is-layout-61d84bd2 wp-block-column-is-layout-flow\" style=\"padding-top:16px;padding-bottom:16px;flex-basis:25%\">\n<figure class=\"wp-block-image size-full is-resized\"><img loading=\"lazy\" decoding=\"async\" width=\"160\" height=\"160\" src=\"https:\/\/galicia.wordcamp.org\/2025\/files\/2025\/05\/4sabado-outubro.png\" alt=\"\" class=\"wp-image-7854\" style=\"object-fit:cover;width:128px;height:128px\" srcset=\"https:\/\/galicia.wordcamp.org\/2025\/files\/2025\/05\/4sabado-outubro.png 160w, https:\/\/galicia.wordcamp.org\/2025\/files\/2025\/05\/4sabado-outubro-150x150.png 150w\" sizes=\"auto, (max-width: 160px) 100vw, 160px\" \/><\/figure>\n<\/div>\n\n\n\n<div class=\"wp-block-column is-vertically-aligned-center is-layout-flow wp-block-column-is-layout-flow\" style=\"flex-basis:66.66%\">\n<h2 class=\"wp-block-heading has-accent-4-color has-text-color has-link-color has-x-large-font-size wp-elements-c5debfa3cdd61043f5597377d8007d46\" style=\"line-height:1.2\"><a href=\"https:\/\/galicia.wordcamp.org\/2025\/es\/conferencias\/\">Conferencias y talleres<\/a><\/h2>\n<\/div>\n<\/div>\n\n\n\n<p class=\"has-text-align-left has-medium-font-size wp-block-paragraph\">En la <strong>sala de arriba <\/strong>y en la de <strong>abajo <\/strong>podr\u00e1s acudir a las diferentes charlas, talleres y formatos experimentales, en los que aprender y divertirse compartiendo experiencias y conocimientos.<\/p>\n\n\n\n<p class=\"has-text-align-left has-medium-font-size wp-block-paragraph\">Aprovecha los descansos y las comidas para reponer fuerzas y conocer y charlar con los dem\u00e1s asistentes.<\/p>\n<\/div><figure class=\"wp-block-media-text__media\"><img loading=\"lazy\" decoding=\"async\" width=\"540\" height=\"395\" src=\"https:\/\/galicia.wordcamp.org\/2025\/files\/2025\/05\/PacoMarchante-Conferencias.webp\" alt=\"Paco Marchante\" class=\"wp-image-7964 size-full\" srcset=\"https:\/\/galicia.wordcamp.org\/2025\/files\/2025\/05\/PacoMarchante-Conferencias.webp 540w, https:\/\/galicia.wordcamp.org\/2025\/files\/2025\/05\/PacoMarchante-Conferencias-300x219.webp 300w, https:\/\/galicia.wordcamp.org\/2025\/files\/2025\/05\/PacoMarchante-Conferencias-410x300.webp 410w\" sizes=\"auto, (max-width: 540px) 100vw, 540px\" \/><\/figure><\/div>\n\n\n\n<div class=\"wp-block-media-text is-stacked-on-mobile\" style=\"padding-top:24px;padding-bottom:24px;grid-template-columns:40% auto\"><figure class=\"wp-block-media-text__media\"><img loading=\"lazy\" decoding=\"async\" width=\"497\" height=\"478\" src=\"https:\/\/galicia.wordcamp.org\/2025\/files\/2025\/05\/PacoMarchante-Networking.webp\" alt=\"Paco Marchante\" class=\"wp-image-7967 size-full\" srcset=\"https:\/\/galicia.wordcamp.org\/2025\/files\/2025\/05\/PacoMarchante-Networking.webp 497w, https:\/\/galicia.wordcamp.org\/2025\/files\/2025\/05\/PacoMarchante-Networking-300x289.webp 300w, https:\/\/galicia.wordcamp.org\/2025\/files\/2025\/05\/PacoMarchante-Networking-312x300.webp 312w\" sizes=\"auto, (max-width: 497px) 100vw, 497px\" \/><\/figure><div class=\"wp-block-media-text__content\">\n<p class=\"has-medium-font-size wp-block-paragraph\">P\u00e1sate por los diferentes espacios para descubrir qu\u00e9 pueden hacer los patrocinadores por ti, encontrar oportunidades de negocio, o desconectar, si lo necesitas.<\/p>\n\n\n\n<p class=\"has-medium-font-size wp-block-paragraph\">Puedes consultar m\u00e1s informaci\u00f3n sobre este d\u00eda en <a href=\"https:\/\/galicia.wordcamp.org\/2025\/es\/conferencias\/\" data-type=\"page\" data-id=\"3257\"><strong>Conferencias<\/strong><\/a>. \u00a1No te olvides de comprar tu entrada!<\/p>\n\n\n\n<div class=\"wp-block-buttons is-content-justification-left is-layout-flex wp-container-core-buttons-is-layout-19daf578 wp-block-buttons-is-layout-flex\" style=\"padding-top:24px;padding-bottom:40px\">\n<div class=\"wp-block-button has-custom-width wp-block-button__width-50 is-style-fill sombra-verde\"><a class=\"wp-block-button__link has-base-color has-accent-4-background-color has-text-color has-background has-link-color wp-element-button\" href=\"https:\/\/galicia.wordcamp.org\/2025\/es\/entradas\/\" style=\"border-style:none;border-width:0px;border-radius:0px\">Comprar entrada<\/a><\/div>\n<\/div>\n<\/div><\/div>\n\n\n\n<div class=\"wp-block-media-text has-media-on-the-right is-stacked-on-mobile\" style=\"padding-top:24px;padding-bottom:40px;grid-template-columns:auto 40%\"><div class=\"wp-block-media-text__content\">\n<div class=\"wp-block-columns are-vertically-aligned-center is-layout-flex wp-container-core-columns-is-layout-da166788 wp-block-columns-is-layout-flex\">\n<div class=\"wp-block-column is-vertically-aligned-center is-layout-flow wp-block-column-is-layout-flow\" style=\"flex-basis:25%\">\n<figure class=\"wp-block-image size-full is-resized\"><img loading=\"lazy\" decoding=\"async\" width=\"160\" height=\"160\" src=\"https:\/\/galicia.wordcamp.org\/2025\/files\/2025\/05\/5domingo-outubro.png\" alt=\"\" class=\"wp-image-7852\" style=\"object-fit:cover;width:128px;height:128px\" srcset=\"https:\/\/galicia.wordcamp.org\/2025\/files\/2025\/05\/5domingo-outubro.png 160w, https:\/\/galicia.wordcamp.org\/2025\/files\/2025\/05\/5domingo-outubro-150x150.png 150w\" sizes=\"auto, (max-width: 160px) 100vw, 160px\" \/><\/figure>\n<\/div>\n\n\n\n<div class=\"wp-block-column is-vertically-aligned-center is-layout-flow wp-block-column-is-layout-flow\" style=\"flex-basis:66.66%\">\n<h2 class=\"wp-block-heading has-accent-4-color has-text-color has-link-color has-x-large-font-size wp-elements-81354a76799462f024a2cf982b43105c\" style=\"line-height:1.2\"><a href=\"https:\/\/galicia.wordcamp.org\/2025\/es\/dia-comunidad\/\" data-type=\"page\" data-id=\"3261\">D\u00eda de la Comunidad<\/a> (Contributor day)<\/h2>\n<\/div>\n<\/div>\n\n\n\n<p class=\"has-medium-font-size wp-block-paragraph\">WordPress es un sistema de c\u00f3digo abierto que ofrece amplias funcionalidades y posibilidades gracias al trabajo desinteresado de los miembros que conforman su Comunidad.&nbsp;<\/p>\n\n\n\n<p class=\"has-medium-font-size wp-block-paragraph\">Su inmenso potencial es posible gracias al trabajo desinteresado de los miembros que conforman su comunidad.<\/p>\n\n\n\n<p class=\"has-medium-font-size wp-block-paragraph\">Participa en alguna de las mesas de trabajo y descubre que no hace falta ser un experto para echar una mano.&nbsp;&nbsp;<\/p>\n\n\n\n<p class=\"has-medium-font-size wp-block-paragraph\">Puedes consultar m\u00e1s informaci\u00f3n sobre este d\u00eda en <strong><a href=\"https:\/\/galicia.wordcamp.org\/2025\/es\/dia-comunidad\/\" data-type=\"page\" data-id=\"3261\">D\u00eda de la Comunidad<\/a><\/strong>. \u00a1No te olvides de comprar tu entrada!<\/p>\n\n\n\n<div class=\"wp-block-buttons is-content-justification-left is-layout-flex wp-container-core-buttons-is-layout-19daf578 wp-block-buttons-is-layout-flex\" style=\"padding-top:24px;padding-bottom:40px\">\n<div class=\"wp-block-button has-custom-width wp-block-button__width-50 is-style-fill sombra-verde\"><a class=\"wp-block-button__link has-base-color has-accent-4-background-color has-text-color has-background has-link-color wp-element-button\" href=\"https:\/\/galicia.wordcamp.org\/2025\/es\/entradas\/\" style=\"border-style:none;border-width:0px;border-radius:0px\">Comprar entrada<\/a><\/div>\n<\/div>\n<\/div><figure class=\"wp-block-media-text__media\"><img loading=\"lazy\" decoding=\"async\" width=\"497\" height=\"478\" src=\"https:\/\/galicia.wordcamp.org\/2025\/files\/2025\/05\/SantiagoRodriguez-ContributorDay.webp\" alt=\"Santiago Rodriguez\" class=\"wp-image-7975 size-full\" srcset=\"https:\/\/galicia.wordcamp.org\/2025\/files\/2025\/05\/SantiagoRodriguez-ContributorDay.webp 497w, https:\/\/galicia.wordcamp.org\/2025\/files\/2025\/05\/SantiagoRodriguez-ContributorDay-300x289.webp 300w, https:\/\/galicia.wordcamp.org\/2025\/files\/2025\/05\/SantiagoRodriguez-ContributorDay-312x300.webp 312w\" sizes=\"auto, (max-width: 497px) 100vw, 497px\" \/><\/figure><\/div>\n<\/div>\n\n\n\n<div class=\"wp-block-group has-global-padding is-layout-constrained wp-block-group-is-layout-constrained\">\n<div class=\"wp-block-group alignfull has-accent-4-background-color has-background is-layout-flow wp-block-group-is-layout-flow\" style=\"margin-top:0px;margin-bottom:0px;padding-top:48px;padding-right:4%;padding-bottom:48px;padding-left:4%\">\n<h2 class=\"wp-block-heading has-text-align-center con-interrogante has-base-color has-text-color has-link-color wp-elements-0c31c2ad1cf3092f0d1ba2a5d0a74449\"><span class=\"inv-question-mark\"><strong>\u00bf<\/strong><\/span>A\u00fan no tienes tu entrada?&nbsp;<\/h2>\n\n\n\n<p class=\"has-text-align-center has-base-2-color has-text-color has-link-color wp-elements-a3d200dfc231a1bde71da91109507270 wp-block-paragraph\">Si quieres acudir a las Conferencias y al D\u00eda de la Comunidad, no te olvides de comprar tu entrada<\/p>\n\n\n\n<div class=\"wp-block-buttons is-content-justification-center is-layout-flex wp-container-core-buttons-is-layout-ff57ccb5 wp-block-buttons-is-layout-flex\" style=\"margin-top:24px;margin-bottom:24px\">\n<div class=\"wp-block-button is-style-fill sombra-verde\"><a class=\"wp-block-button__link has-accent-4-color has-base-2-background-color has-text-color has-background has-link-color has-border-color wp-element-button\" href=\"https:\/\/galicia.wordcamp.org\/2025\/es\/entradas\/\" style=\"border-color:#35ff69;border-radius:0px;padding-top:8px;padding-right:24px;padding-bottom:8px;padding-left:24px\">Comprar entrada<\/a><\/div>\n<\/div>\n<\/div>\n<\/div>\n<\/div>\n","protected":false},"excerpt":{"rendered":"<p>Resumen y explicaci\u00f3n de las actividades que se celebrar\u00e1n los 3 d\u00edas que dura la WordCamp Pontevedra 2024.<\/p>\n","protected":false},"author":17330482,"featured_media":2495,"parent":3269,"menu_order":0,"comment_status":"closed","ping_status":"closed","template":"page-es","meta":{"_crdt_document":"","jetpack_post_was_ever_published":false,"footnotes":""},"class_list":["post-3253","page","type-page","status-publish","has-post-thumbnail","hentry"],"jetpack_sharing_enabled":true,"_links":{"self":[{"href":"https:\/\/galicia.wordcamp.org\/2025\/wp-json\/wp\/v2\/pages\/3253","targetHints":{"allow":["GET"]}}],"collection":[{"href":"https:\/\/galicia.wordcamp.org\/2025\/wp-json\/wp\/v2\/pages"}],"about":[{"href":"https:\/\/galicia.wordcamp.org\/2025\/wp-json\/wp\/v2\/types\/page"}],"author":[{"embeddable":true,"href":"https:\/\/galicia.wordcamp.org\/2025\/wp-json\/wp\/v2\/users\/17330482"}],"replies":[{"embeddable":true,"href":"https:\/\/galicia.wordcamp.org\/2025\/wp-json\/wp\/v2\/comments?post=3253"}],"version-history":[{"count":28,"href":"https:\/\/galicia.wordcamp.org\/2025\/wp-json\/wp\/v2\/pages\/3253\/revisions"}],"predecessor-version":[{"id":8892,"href":"https:\/\/galicia.wordcamp.org\/2025\/wp-json\/wp\/v2\/pages\/3253\/revisions\/8892"}],"up":[{"embeddable":true,"href":"https:\/\/galicia.wordcamp.org\/2025\/wp-json\/wp\/v2\/pages\/3269"}],"wp:featuredmedia":[{"embeddable":true,"href":"https:\/\/galicia.wordcamp.org\/2025\/wp-json\/wp\/v2\/media\/2495"}],"wp:attachment":[{"href":"https:\/\/galicia.wordcamp.org\/2025\/wp-json\/wp\/v2\/media?parent=3253"}],"curies":[{"name":"wp","href":"https:\/\/api.w.org\/{rel}","templated":true}]}}