{"id":2063,"date":"2024-04-02T13:11:11","date_gmt":"2024-04-02T11:11:11","guid":{"rendered":"https:\/\/pontevedra.wordcamp.org\/2024\/?page_id=2063"},"modified":"2025-06-03T18:58:49","modified_gmt":"2025-06-03T16:58:49","slug":"taller-e-do_action","status":"publish","type":"page","link":"https:\/\/galicia.wordcamp.org\/2025\/taller-e-do_action\/","title":{"rendered":"Taller e do_action hackathon"},"content":{"rendered":"\n<div class=\"wp-block-group alignwide has-global-padding is-layout-constrained wp-container-core-group-is-layout-72d4d653 wp-block-group-is-layout-constrained\" style=\"margin-bottom:0px;padding-top:48px;padding-bottom:48px\">\n<h2 class=\"wp-block-heading has-text-align-center has-accent-4-color has-text-color has-link-color has-x-large-font-size wp-elements-8e8309d80b6fe3a2abfc361d9f83819c\">Venres, 03 de Outubro<\/h2>\n\n\n\n<p class=\"has-text-align-center has-medium-font-size wp-block-paragraph\" id=\"text-center\">Levamos uns anos organizando estas actividades previas \u00e1 WordCamp nas que atraer a xente nova \u00e1 nosa Comunidade. Pensamos que \u00e9 un xeito de amosar as posibilidades desta&nbsp;<a href=\"https:\/\/gl.wordpress.org\/\" target=\"_blank\" rel=\"noreferrer noopener\">ferramenta<\/a>, e facerlles comprender que non son cousas s\u00f3 de frikis.<\/p>\n\n\n\n<p class=\"has-text-align-center has-medium-font-size wp-block-paragraph\">Por iso, coordinamos&nbsp;<strong>d\u00faas actividades distintas<\/strong>&nbsp;nun mesmo d\u00eda e lugar, no que xuntar a principiantes, usuarios e profesionais de WordPress.<\/p>\n\n\n\n<p class=\"has-text-align-center has-contrast-color has-text-color has-link-color has-medium-font-size wp-elements-5fce87c7d443a9c8a21078846ba77d78 wp-block-paragraph\">Decant\u00e1monos por este formato porque queremos ser un grupo aberto no que cualquera te\u00f1a o seu lugar, e formar parte da sociedade pontevedresa. Crear sinerxias con outros grupos, colaborando con boas causas e loitar contra a fenda dixital.<\/p>\n<\/div>\n\n\n\n<div class=\"wp-block-group alignfull is-layout-flow wp-container-core-group-is-layout-c2db5122 wp-block-group-is-layout-flow\" style=\"padding-right:0px;padding-left:0px\">\n<figure class=\"wp-block-image alignfull size-large\"><img loading=\"lazy\" decoding=\"async\" width=\"1024\" height=\"48\" src=\"https:\/\/galicia.wordcamp.org\/2025\/files\/2025\/05\/onda-color-claro-1024x48.png\" alt=\"\" class=\"wp-image-7882\" srcset=\"https:\/\/galicia.wordcamp.org\/2025\/files\/2025\/05\/onda-color-claro-1024x48.png 1024w, https:\/\/galicia.wordcamp.org\/2025\/files\/2025\/05\/onda-color-claro-300x14.png 300w, https:\/\/galicia.wordcamp.org\/2025\/files\/2025\/05\/onda-color-claro-768x36.png 768w, https:\/\/galicia.wordcamp.org\/2025\/files\/2025\/05\/onda-color-claro-500x23.png 500w, https:\/\/galicia.wordcamp.org\/2025\/files\/2025\/05\/onda-color-claro-1536x72.png 1536w, https:\/\/galicia.wordcamp.org\/2025\/files\/2025\/05\/onda-color-claro.png 1920w\" sizes=\"auto, (max-width: 1024px) 100vw, 1024px\" \/><\/figure>\n\n\n\n<div class=\"wp-block-group has-base-2-background-color has-background has-global-padding is-layout-constrained wp-container-core-group-is-layout-bd405055 wp-block-group-is-layout-constrained\" style=\"padding-top:0px;padding-bottom:80px\">\n<div class=\"wp-block-media-text has-media-on-the-right is-stacked-on-mobile\" style=\"padding-top:24px;padding-bottom:24px;grid-template-columns:auto 40%\"><div class=\"wp-block-media-text__content\">\n<h2 class=\"wp-block-heading has-text-align-left has-accent-4-color has-text-color has-link-color has-x-large-font-size wp-elements-8207479e95fb8e0fb8ecec259fda5dea\">Taller te\u00f3rico\/pr\u00e1ctico de iniciaci\u00f3n a WordPress<\/h2>\n\n\n\n<p class=\"has-medium-font-size wp-block-paragraph\">Esta actividade est\u00e1 pensada <strong>para calquera que lle interese descubrir c\u00f3mo vai iso de crear webs<\/strong>. Que sempre quixera ter unha web pero que lle dea perguiza, ou que lle pareza demasiado complicado para facelo pola s\u00faa conta.<\/p>\n\n\n\n<p class=\"has-medium-font-size wp-block-paragraph\">Da man dun\/ha gran profesional, adentraraste no mundo de WordPress e&nbsp;<strong>descubrir\u00e1s o sinxelo e r\u00e1pido que \u00e9 crear unha web con este xestor.<\/strong><\/p>\n<\/div><figure class=\"wp-block-media-text__media\"><img loading=\"lazy\" decoding=\"async\" width=\"497\" height=\"478\" src=\"https:\/\/galicia.wordcamp.org\/2025\/files\/2025\/05\/SantiagoRodriguez-TallerWordPress.webp\" alt=\"Santiago Rodriguez\" class=\"wp-image-7936 size-full\" srcset=\"https:\/\/galicia.wordcamp.org\/2025\/files\/2025\/05\/SantiagoRodriguez-TallerWordPress.webp 497w, https:\/\/galicia.wordcamp.org\/2025\/files\/2025\/05\/SantiagoRodriguez-TallerWordPress-300x289.webp 300w, https:\/\/galicia.wordcamp.org\/2025\/files\/2025\/05\/SantiagoRodriguez-TallerWordPress-312x300.webp 312w\" sizes=\"auto, (max-width: 497px) 100vw, 497px\" \/><\/figure><\/div>\n\n\n\n<div class=\"wp-block-media-text is-stacked-on-mobile\" style=\"padding-top:24px;padding-bottom:24px;grid-template-columns:40% auto\"><figure class=\"wp-block-media-text__media\"><img loading=\"lazy\" decoding=\"async\" width=\"540\" height=\"395\" src=\"https:\/\/galicia.wordcamp.org\/2025\/files\/2025\/05\/Nilo-DoAction.webp\" alt=\"Nilo V\u00e9lez\" class=\"wp-image-7939 size-full\" srcset=\"https:\/\/galicia.wordcamp.org\/2025\/files\/2025\/05\/Nilo-DoAction.webp 540w, https:\/\/galicia.wordcamp.org\/2025\/files\/2025\/05\/Nilo-DoAction-300x219.webp 300w, https:\/\/galicia.wordcamp.org\/2025\/files\/2025\/05\/Nilo-DoAction-410x300.webp 410w\" sizes=\"auto, (max-width: 540px) 100vw, 540px\" \/><\/figure><div class=\"wp-block-media-text__content\">\n<h2 class=\"wp-block-heading has-text-align-left has-accent-4-color has-text-color has-link-color has-x-large-font-size wp-elements-869df7e0effc611086b6a14db068ed1b\">do_action hackathon<\/h2>\n\n\n\n<p class=\"has-medium-font-size wp-block-paragraph\" style=\"padding-top:0px;padding-bottom:0px\">do_action, simplemente \u00e9 a forma que ten a Comunidade de WordPress de nomear a un evento no que <strong>nos reunimos para planificar e crear o sitio web dunhas organizaci\u00f3ns sen \u00e1nimo de lucro de \u00e1mbito local nun s\u00f3 d\u00eda<\/strong>.<\/p>\n\n\n\n<p class=\"has-medium-font-size wp-block-paragraph\" style=\"padding-top:0px;padding-bottom:0px\">Gracias \u00f3s participantes do taller de iniciaci\u00f3n, a calquera que queira participar, e \u00e1 Comunidade de WordPress, <strong>conseguiremos mellorar a visibilidade e presenza dixital destas asociaci\u00f3ns<\/strong> para axudar a que os seus proxectos te\u00f1an un maior alcance.<\/p>\n<\/div><\/div>\n<\/div>\n<\/div>\n\n\n\n<div class=\"wp-block-group has-global-padding is-layout-constrained wp-block-group-is-layout-constrained\" style=\"margin-top:80px;margin-bottom:80px\">\n<figure class=\"wp-block-image aligncenter size-full\"><img loading=\"lazy\" decoding=\"async\" width=\"300\" height=\"60\" src=\"https:\/\/galicia.wordcamp.org\/2025\/files\/2025\/06\/Ouro-1.webp\" alt=\"MOI IMPORTANTE\" class=\"wp-image-8760\" \/><\/figure>\n\n\n\n<p class=\"has-text-align-center wp-block-paragraph\">Tanto o&nbsp;<strong>Taller de Iniciaci\u00f3n coma o do_action son DE BALDE e independentes da celebraci\u00f3n da WordCamp<\/strong>&nbsp;\u00f3 d\u00eda seguinte.<\/p>\n\n\n\n<p class=\"has-text-align-center wp-block-paragraph\">An\u00edmate a participar e ser parte da nosa comunidade!<\/p>\n\n\n\n<div class=\"wp-block-buttons is-content-justification-center is-layout-flex wp-container-core-buttons-is-layout-0aa01211 wp-block-buttons-is-layout-flex\">\n<div class=\"wp-block-button is-style-fill sombra-verde\"><a class=\"wp-block-button__link has-base-color has-accent-4-background-color has-text-color has-background has-link-color has-border-color wp-element-button\" href=\"https:\/\/galicia.wordcamp.org\/2025\/participar-taller-do_action\/\" style=\"border-color:#35ff69;border-radius:0px;padding-top:8px;padding-right:24px;padding-bottom:8px;padding-left:24px\">Participar<\/a><\/div>\n<\/div>\n<\/div>\n\n\n\n<h2 class=\"wp-block-heading alignfull has-text-align-center has-accent-4-color has-base-background-color has-text-color has-background has-link-color has-x-large-font-size wp-elements-0b677d030b9d954a6412e4f9f6779448\" style=\"padding-top:40px;padding-right:0;padding-bottom:40px;padding-left:0\">Patrocinadores do taller e do_action<\/h2>\n\n\n\n<div class=\"wp-block-columns are-vertically-aligned-center txt-center is-layout-flex wp-container-core-columns-is-layout-332c1f64 wp-block-columns-is-layout-flex\" style=\"padding-top:20px;padding-right:80px;padding-bottom:20px;padding-left:80px\">\n<div class=\"wp-block-column is-vertically-aligned-center is-layout-flow wp-block-column-is-layout-flow\" style=\"flex-basis:300px\">\n<figure class=\"wp-block-image size-full is-resized\"><img loading=\"lazy\" decoding=\"async\" width=\"360\" height=\"120\" src=\"https:\/\/galicia.wordcamp.org\/2025\/files\/2025\/04\/Rectangle.webp\" alt=\"\" class=\"wp-image-8210\" style=\"object-fit:contain;width:300px;height:138px\" srcset=\"https:\/\/galicia.wordcamp.org\/2025\/files\/2025\/04\/Rectangle.webp 360w, https:\/\/galicia.wordcamp.org\/2025\/files\/2025\/04\/Rectangle-300x100.webp 300w\" sizes=\"auto, (max-width: 360px) 100vw, 360px\" \/><\/figure>\n<\/div>\n\n\n\n<div class=\"wp-block-column is-vertically-aligned-center is-layout-flow wp-block-column-is-layout-flow\" style=\"flex-basis:300px\">\n<figure class=\"wp-block-image size-full is-resized\"><img loading=\"lazy\" decoding=\"async\" width=\"360\" height=\"120\" src=\"https:\/\/galicia.wordcamp.org\/2025\/files\/2025\/04\/Rectangle.webp\" alt=\"\" class=\"wp-image-8210\" style=\"object-fit:contain;width:300px;height:138px\" srcset=\"https:\/\/galicia.wordcamp.org\/2025\/files\/2025\/04\/Rectangle.webp 360w, https:\/\/galicia.wordcamp.org\/2025\/files\/2025\/04\/Rectangle-300x100.webp 300w\" sizes=\"auto, (max-width: 360px) 100vw, 360px\" \/><\/figure>\n<\/div>\n\n\n\n<div class=\"wp-block-column is-vertically-aligned-center is-layout-flow wp-block-column-is-layout-flow\" style=\"flex-basis:300px\">\n<figure class=\"wp-block-image size-full is-resized\"><img loading=\"lazy\" decoding=\"async\" width=\"360\" height=\"120\" src=\"https:\/\/galicia.wordcamp.org\/2025\/files\/2025\/04\/Rectangle.webp\" alt=\"\" class=\"wp-image-8210\" style=\"object-fit:contain;width:300px;height:138px\" srcset=\"https:\/\/galicia.wordcamp.org\/2025\/files\/2025\/04\/Rectangle.webp 360w, https:\/\/galicia.wordcamp.org\/2025\/files\/2025\/04\/Rectangle-300x100.webp 300w\" sizes=\"auto, (max-width: 360px) 100vw, 360px\" \/><\/figure>\n<\/div>\n<\/div>\n\n\n\n<div style=\"height:100px\" aria-hidden=\"true\" class=\"wp-block-spacer\"><\/div>\n\n\n\n<div class=\"wp-block-group alignfull has-accent-4-background-color has-background is-layout-flow wp-block-group-is-layout-flow\" style=\"margin-top:0px;margin-bottom:0px;padding-top:48px;padding-right:4%;padding-bottom:48px;padding-left:4%\">\n<h2 class=\"wp-block-heading has-text-align-center has-base-color has-text-color has-link-color wp-elements-034c07a236c6cdbe619050d4509152b8\">A\u00ednda non tes a t\u00faa entrada?\u00a0<\/h2>\n\n\n\n<p class=\"has-text-align-center has-base-2-color has-text-color has-link-color wp-elements-dbe7e8bb3729036ffcf7131ff8135db4 wp-block-paragraph\">Se queres acudir \u00e1s Conferencias e \u00f3 D\u00eda da Comunidade, non esquezas mercar a t\u00faa entrada<\/p>\n\n\n\n<div class=\"wp-block-buttons is-content-justification-center is-layout-flex wp-container-core-buttons-is-layout-ff57ccb5 wp-block-buttons-is-layout-flex\" style=\"margin-top:24px;margin-bottom:24px\">\n<div class=\"wp-block-button is-style-fill sombra-verde\"><a class=\"wp-block-button__link has-accent-4-color has-base-2-background-color has-text-color has-background has-link-color has-border-color wp-element-button\" href=\"https:\/\/galicia.wordcamp.org\/2025\/entradas\/\" style=\"border-color:#35ff69;border-radius:0px;padding-top:8px;padding-right:24px;padding-bottom:8px;padding-left:24px\">Mercar entrada<\/a><\/div>\n<\/div>\n<\/div>\n","protected":false},"excerpt":{"rendered":"<p>Explicaci\u00f3n e informaci\u00f3n sobre o taller de iniciaci\u00f3n a WordPress e dodo_action hackathon<\/p>\n","protected":false},"author":18742608,"featured_media":3062,"parent":0,"menu_order":0,"comment_status":"closed","ping_status":"closed","template":"page-gl","meta":{"_crdt_document":"","jetpack_post_was_ever_published":false,"footnotes":""},"class_list":["post-2063","page","type-page","status-publish","has-post-thumbnail","hentry"],"jetpack_sharing_enabled":true,"_links":{"self":[{"href":"https:\/\/galicia.wordcamp.org\/2025\/wp-json\/wp\/v2\/pages\/2063","targetHints":{"allow":["GET"]}}],"collection":[{"href":"https:\/\/galicia.wordcamp.org\/2025\/wp-json\/wp\/v2\/pages"}],"about":[{"href":"https:\/\/galicia.wordcamp.org\/2025\/wp-json\/wp\/v2\/types\/page"}],"author":[{"embeddable":true,"href":"https:\/\/galicia.wordcamp.org\/2025\/wp-json\/wp\/v2\/users\/18742608"}],"replies":[{"embeddable":true,"href":"https:\/\/galicia.wordcamp.org\/2025\/wp-json\/wp\/v2\/comments?post=2063"}],"version-history":[{"count":72,"href":"https:\/\/galicia.wordcamp.org\/2025\/wp-json\/wp\/v2\/pages\/2063\/revisions"}],"predecessor-version":[{"id":8872,"href":"https:\/\/galicia.wordcamp.org\/2025\/wp-json\/wp\/v2\/pages\/2063\/revisions\/8872"}],"wp:featuredmedia":[{"embeddable":true,"href":"https:\/\/galicia.wordcamp.org\/2025\/wp-json\/wp\/v2\/media\/3062"}],"wp:attachment":[{"href":"https:\/\/galicia.wordcamp.org\/2025\/wp-json\/wp\/v2\/media?parent=2063"}],"curies":[{"name":"wp","href":"https:\/\/api.w.org\/{rel}","templated":true}]}}