{"id":2038,"date":"2024-04-21T17:09:32","date_gmt":"2024-04-21T15:09:32","guid":{"rendered":"https:\/\/pontevedra.wordcamp.org\/2024\/?page_id=2038"},"modified":"2025-07-16T13:40:06","modified_gmt":"2025-07-16T11:40:06","slug":"participar-como-voluntario","status":"publish","type":"page","link":"https:\/\/galicia.wordcamp.org\/2025\/participar-como-voluntario\/","title":{"rendered":"Participar como voluntario"},"content":{"rendered":"\n<div class=\"wp-block-group has-global-padding is-layout-constrained wp-block-group-is-layout-constrained\" style=\"padding-top:48px;padding-bottom:48px\">\n<h2 class=\"wp-block-heading has-text-align-center has-accent-4-color has-text-color has-link-color has-x-large-font-size wp-elements-f654b2a3ac3a9a4f010d7def74acfe41\" style=\"line-height:1.2\">Forma parte da organizaci\u00f3n!<\/h2>\n\n\n\n<p class=\"has-text-align-center has-contrast-color has-text-color has-medium-font-size wp-block-paragraph\">Unha&nbsp;<em>WordCamp<\/em>&nbsp;\u00e9 <strong>s\u00f3 posible grazas ao traballo e ilusi\u00f3n de persoas voluntarias.<\/strong><\/p>\n\n\n\n<p class=\"has-text-align-center has-contrast-color has-text-color has-medium-font-size wp-block-paragraph\">As persoas que colaboramos no equipo de organizaci\u00f3n, no equipo de voluntarios ou os relatores, non obtemos ningunha retribuci\u00f3n econ\u00f3mica. Pero iso non quere dicir que non ga\u00f1emos nada.<\/p>\n\n\n\n<p class=\"has-text-align-center has-contrast-color has-text-color has-medium-font-size wp-block-paragraph\">Ver o resultado do noso esforzo, os froitos do noso traballo, como todos os participantes levan un bo recordo,<strong> \u00e9 unha experiencia inesquecible<\/strong>, \u00e9 unha recompensa, unha sensaci\u00f3n de satisfaci\u00f3n e crecemento persoal incalculable.<\/p>\n\n\n\n<p class=\"has-text-align-center has-contrast-color has-text-color wp-block-paragraph\" style=\"font-size:clamp(14px, 0.875rem + ((1vw - 3.2px) * 0.732), 20px);\">Na&nbsp;<em><strong>WordCamp&nbsp;Galicia<\/strong><\/em> queremos que compartas esa experiencia e sentimento con n\u00f3s.<\/p>\n<\/div>\n\n\n\n<div class=\"wp-block-group alignfull is-layout-flow wp-container-core-group-is-layout-c2db5122 wp-block-group-is-layout-flow\" style=\"padding-right:0px;padding-left:0px\">\n<figure class=\"wp-block-image alignfull size-large\"><img loading=\"lazy\" decoding=\"async\" width=\"1024\" height=\"48\" src=\"https:\/\/galicia.wordcamp.org\/2025\/files\/2025\/05\/onda-color-claro-1024x48.png\" alt=\"\" class=\"wp-image-7882\" srcset=\"https:\/\/galicia.wordcamp.org\/2025\/files\/2025\/05\/onda-color-claro-1024x48.png 1024w, https:\/\/galicia.wordcamp.org\/2025\/files\/2025\/05\/onda-color-claro-300x14.png 300w, https:\/\/galicia.wordcamp.org\/2025\/files\/2025\/05\/onda-color-claro-768x36.png 768w, https:\/\/galicia.wordcamp.org\/2025\/files\/2025\/05\/onda-color-claro-500x23.png 500w, https:\/\/galicia.wordcamp.org\/2025\/files\/2025\/05\/onda-color-claro-1536x72.png 1536w, https:\/\/galicia.wordcamp.org\/2025\/files\/2025\/05\/onda-color-claro.png 1920w\" sizes=\"auto, (max-width: 1024px) 100vw, 1024px\" \/><\/figure>\n\n\n\n<div class=\"wp-block-group has-base-2-background-color has-background has-global-padding is-layout-constrained wp-container-core-group-is-layout-feb6854e wp-block-group-is-layout-constrained\" style=\"padding-top:0px;padding-bottom:48px\">\n<div class=\"wp-block-media-text is-stacked-on-mobile\" style=\"padding-top:24px;padding-bottom:24px;grid-template-columns:40% auto\"><figure class=\"wp-block-media-text__media\"><img loading=\"lazy\" decoding=\"async\" width=\"540\" height=\"395\" src=\"https:\/\/galicia.wordcamp.org\/2025\/files\/2025\/05\/nilo-Voluntarios.webp\" alt=\"nilo-Voluntarios\" class=\"wp-image-8546 size-full\" srcset=\"https:\/\/galicia.wordcamp.org\/2025\/files\/2025\/05\/nilo-Voluntarios.webp 540w, https:\/\/galicia.wordcamp.org\/2025\/files\/2025\/05\/nilo-Voluntarios-300x219.webp 300w, https:\/\/galicia.wordcamp.org\/2025\/files\/2025\/05\/nilo-Voluntarios-410x300.webp 410w\" sizes=\"auto, (max-width: 540px) 100vw, 540px\" \/><\/figure><div class=\"wp-block-media-text__content\">\n<h2 class=\"wp-block-heading has-text-align-left has-accent-4-color has-text-color has-link-color has-love-ya-like-a-sister-font-family has-x-large-font-size wp-elements-736f283718585ff3962b7a7fa27b5f97\">Buscamos persoas coma ti!<\/h2>\n\n\n\n<p class=\"has-medium-font-size wp-block-paragraph\">Necesitamos persoas que desexen compartir un anaco do seu tempo para lograr que a WordCamp Galicia 2025 acade o mesmo \u00e9xito que nas edici\u00f3ns anteriores.<\/p>\n\n\n\n<p class=\"has-medium-font-size wp-block-paragraph\">Se queres participar formando parte do equipo de voluntariado da <strong>WordCamp Galicia 2025<\/strong>, o \u00fanico que precisas \u00e9 ter ga\u00f1a e involucrarte coa comunidade de WordPress.<\/p>\n\n\n\n<p class=\"has-medium-font-size wp-block-paragraph\">Com\u00e9ntanos por qu\u00e9 queres ser voluntario. Non o penses, faino xa!<\/p>\n<\/div><\/div>\n\n\n\n<div class=\"wp-block-media-text has-media-on-the-right is-stacked-on-mobile\" style=\"padding-top:24px;padding-bottom:24px;grid-template-columns:auto 40%\"><div class=\"wp-block-media-text__content\">\n<p class=\"has-medium-font-size wp-block-paragraph\">Ser voluntario na WordCamp Galicia, conv\u00e9rtete nun peza esencial do seu \u00e9xito.<\/p>\n\n\n\n<p class=\"has-medium-font-size wp-block-paragraph\">Compartes o tempo e a experiencia co equipo de organizaci\u00f3n e relatores. Co\u00f1eces e falas con visitantes de todos os lugares.<\/p>\n\n\n\n<p class=\"has-medium-font-size wp-block-paragraph\">Ademais, recibes a <strong>camiseta<\/strong> exclusiva para voluntarios e a nosa caracter\u00edstica <strong>bata galega<\/strong>. Unha prenda que poucos te\u00f1en, pero moitos desexan!<\/p>\n\n\n\n<p class=\"has-medium-font-size wp-block-paragraph\">Como membro do equipo de voluntariado, a <strong>entrada \u00e9 de balde<\/strong>, incluida a comida do evento, e <strong>poder\u00e1s disfrutar da invitaci\u00f3n \u00e1 cea de relatores, organizaci\u00f3n e voluntarios<\/strong>.<\/p>\n<\/div><figure class=\"wp-block-media-text__media\"><img loading=\"lazy\" decoding=\"async\" width=\"540\" height=\"395\" src=\"https:\/\/galicia.wordcamp.org\/2025\/files\/2025\/05\/paco-voluntarios.webp\" alt=\"paco-voluntarios\" class=\"wp-image-8548 size-full\" srcset=\"https:\/\/galicia.wordcamp.org\/2025\/files\/2025\/05\/paco-voluntarios.webp 540w, https:\/\/galicia.wordcamp.org\/2025\/files\/2025\/05\/paco-voluntarios-300x219.webp 300w, https:\/\/galicia.wordcamp.org\/2025\/files\/2025\/05\/paco-voluntarios-410x300.webp 410w\" sizes=\"auto, (max-width: 540px) 100vw, 540px\" \/><\/figure><\/div>\n\n\n\n<div class=\"wp-block-media-text is-stacked-on-mobile\" style=\"padding-top:24px;padding-bottom:24px;grid-template-columns:40% auto\"><figure class=\"wp-block-media-text__media\"><img loading=\"lazy\" decoding=\"async\" width=\"497\" height=\"478\" src=\"https:\/\/galicia.wordcamp.org\/2025\/files\/2025\/05\/eneko-voluntarios.webp\" alt=\"eneko-voluntarios\" class=\"wp-image-8545 size-full\" srcset=\"https:\/\/galicia.wordcamp.org\/2025\/files\/2025\/05\/eneko-voluntarios.webp 497w, https:\/\/galicia.wordcamp.org\/2025\/files\/2025\/05\/eneko-voluntarios-300x289.webp 300w, https:\/\/galicia.wordcamp.org\/2025\/files\/2025\/05\/eneko-voluntarios-312x300.webp 312w\" sizes=\"auto, (max-width: 497px) 100vw, 497px\" \/><\/figure><div class=\"wp-block-media-text__content\">\n<h2 class=\"wp-block-heading has-accent-4-color has-text-color has-link-color has-x-large-font-size wp-elements-df8fd2b54ec03f0b2c3f027f65813544\">En qu\u00e9 poder\u00edas colaborar?<\/h2>\n\n\n\n<p class=\"has-medium-font-size wp-block-paragraph\">Como parte do equipo de voluntarios, asign\u00e1mosche unha serie de tarefas para que, na medida do posible, poidas desfrutar de todas as actividades que che interesen do evento.<\/p>\n\n\n\n<p class=\"has-medium-font-size wp-block-paragraph\">M\u00e1is durante o d\u00eda, xurden situaci\u00f3ns non planificadas ou imprevistos nos que a t\u00faa axuda ser\u00e1 esencial. Por iso, ser unha persoa resolutiva en proactiva \u00e9 algo que che agradecer\u00e9mos moito.<\/p>\n<\/div><\/div>\n\n\n\n<div class=\"wp-block-media-text has-media-on-the-right is-stacked-on-mobile\" style=\"padding-top:24px;padding-bottom:24px;grid-template-columns:auto 40%\"><div class=\"wp-block-media-text__content\">\n<p class=\"has-medium-font-size wp-block-paragraph\">Hai moitas encomendas, tarefas ou recados nos que podes colaborar, e que supo\u00f1en unha gran axuda. Algunhas coma:<\/p>\n\n\n\n<ul class=\"wp-block-list\">\n<li class=\"has-medium-font-size\"><strong>Recibir no rexistro<\/strong> \u00f3s asistentes para darlles a benvida e entregarlles as acreditaci\u00f3ns, as camisetas, o pack de benvida&#8230;<\/li>\n\n\n\n<li class=\"has-medium-font-size\"><strong>Supervisar<\/strong> e colaborar nas horas do caf\u00e9 e comida para que non falte de nada.<\/li>\n\n\n\n<li class=\"has-medium-font-size\"><strong>Asistir <\/strong>\u00f3s relatores e patrocinadores cando o precisen, e axudar \u00f3s asistentes a ubicarse.<\/li>\n\n\n\n<li class=\"has-medium-font-size\">Levar o control dos tempos nas <strong>sesi\u00f3ns<\/strong>,  mover os micr\u00f3fonos entre os asistentes durante os turnos de preguntas. <\/li>\n<\/ul>\n<\/div><figure class=\"wp-block-media-text__media\"><img loading=\"lazy\" decoding=\"async\" width=\"540\" height=\"395\" src=\"https:\/\/galicia.wordcamp.org\/2025\/files\/2025\/05\/nilo-voluntarios1.webp\" alt=\"nilo-voluntarios1\" class=\"wp-image-8549 size-full\" srcset=\"https:\/\/galicia.wordcamp.org\/2025\/files\/2025\/05\/nilo-voluntarios1.webp 540w, https:\/\/galicia.wordcamp.org\/2025\/files\/2025\/05\/nilo-voluntarios1-300x219.webp 300w, https:\/\/galicia.wordcamp.org\/2025\/files\/2025\/05\/nilo-voluntarios1-410x300.webp 410w\" sizes=\"auto, (max-width: 540px) 100vw, 540px\" \/><\/figure><\/div>\n\n\n\n<div class=\"wp-block-group has-global-padding is-layout-constrained wp-block-group-is-layout-constrained\" style=\"margin-bottom:48px;padding-top:40px\">\n<figure class=\"wp-block-image aligncenter size-full\"><img loading=\"lazy\" decoding=\"async\" width=\"300\" height=\"60\" src=\"https:\/\/galicia.wordcamp.org\/2025\/files\/2025\/06\/Ouro-1.webp\" alt=\"MOI IMPORTANTE\" class=\"wp-image-8760\" \/><\/figure>\n\n\n\n<p class=\"has-text-align-center wp-block-paragraph\" style=\"font-size:clamp(14px, 0.875rem + ((1vw - 3.2px) * 0.732), 20px);\"><strong>Ser\u00eda xenial se, como voluntario, puideramos contar contigo en Pontevedra desde o venres 3 de outubro \u00e1 tarde.<\/strong> <\/p>\n\n\n\n<p class=\"has-text-align-center wp-block-paragraph\" style=\"font-size:clamp(14px, 0.875rem + ((1vw - 3.2px) * 0.732), 20px);\">As\u00ed poder\u00e1s co\u00f1ecer o lugar, ao resto do equipo e podemos facer axustes da asignaci\u00f3n de tarefas se fose necesario.<\/p>\n<\/div>\n<\/div>\n\n\n\n<div class=\"wp-block-group has-global-padding is-layout-constrained wp-block-group-is-layout-constrained\">\n<div class=\"wp-block-group alignfull has-global-padding is-layout-constrained wp-container-core-group-is-layout-6ae81400 wp-block-group-is-layout-constrained\" id=\"solicitude-voluntarios\" style=\"padding-top:80px;padding-right:0;padding-bottom:80px;padding-left:0\">\n<div class=\"wp-block-group has-global-padding is-layout-constrained wp-container-core-group-is-layout-29a7f5d1 wp-block-group-is-layout-constrained\" style=\"padding-right:0;padding-left:0\">\n<h2 class=\"wp-block-heading has-text-align-center has-accent-4-color has-text-color has-link-color has-x-large-font-size wp-elements-8b91e6a785334d58220ebdba3103032c\">Prazo de inscrici\u00f3n pechado<\/h2>\n\n\n\n<p class=\"has-text-align-center has-medium-font-size wp-block-paragraph\">O responsable do voluntariado da WordCamp Pontevedra est\u00e1 a analizar todas as candidaturas recibidas para poder seleccionar \u00e1s persoas que formar\u00e1n parte da organizaci\u00f3n deste ano.<\/p>\n\n\n\n<p class=\"has-text-align-center has-medium-font-size wp-block-paragraph\"><strong>Ten paciencia, mantente atento \u00f3 mail<\/strong>, e en canto poidamos, far\u00e9mosche saber se foches seleccionado ou non.<\/p>\n\n\n\n<p class=\"has-text-align-center has-medium-font-size wp-block-paragraph\">Para calquera d\u00fabida, m\u00e1ndanos un correo a <a href=\"mailto:galicia@wordcamp.org\">galicia@wordcamp.org<\/a>\u00a0ou cubre o formulario na p\u00e1xina de\u00a0<a href=\"https:\/\/galicia.wordcamp.org\/2025\/contacto\/\" data-type=\"page\" data-id=\"130\"><strong>contacto<\/strong><\/a>.<\/p>\n<\/div>\n<\/div>\n<\/div>\n\n\n\n<div class=\"wp-block-group alignfull has-accent-4-background-color has-background has-global-padding is-layout-constrained wp-container-core-group-is-layout-6402915b wp-block-group-is-layout-constrained\" style=\"margin-top:0px;margin-bottom:0px;padding-top:64px;padding-bottom:64px\">\n<h2 class=\"wp-block-heading has-text-align-center has-base-color has-text-color has-x-large-font-size\" style=\"line-height:1.2\">Subscr\u00edbete \u00f3 noso blog<\/h2>\n\n\n\n<div class=\"wp-block-group has-global-padding is-layout-constrained wp-container-core-group-is-layout-eceafd14 wp-block-group-is-layout-constrained\" style=\"padding-right:2%;padding-left:2%\">\n<p class=\"has-text-align-center has-base-2-color has-text-color has-link-color has-medium-font-size wp-elements-b73c1ccd08319c18ab2bf6612c341e67 wp-block-paragraph\">Inscr\u00edbete na lista de prioridades e avisar\u00e9mosche a medida que se achegue o evento, con aviso previo, actualizaci\u00f3ns do blog, pr\u00f3ximas actividades e todo o demais que precises saber.<\/p>\n<\/div>\n\n\n<div class=\"wp-block-jetpack-subscriptions__supports-newline suscripciones is-style-split wp-block-jetpack-subscriptions\">\n\t\t<div>\n\t\t\t<div>\n\t\t\t\t<div>\n\t\t\t\t\t<p style=\"width: 25%;max-width: 100%;\">\n\t\t\t\t\t\t<a href=\"https:\/\/galicia.wordcamp.org\/2025\/?post_type=page&#038;p=2038\" style=\"width: calc(100% - 10px);font-size: 22px;padding: 8px 12px 8px 12px;margin: 0; margin-left: 10px;border-color: base;border-radius: 0px;border-width: 0px; text-decoration: none; white-space: nowrap; margin-left: 0\"><strong>Subscr\u00edbete<\/strong><\/a>\n\t\t\t\t\t<\/p>\n\t\t\t\t<\/div>\n\t\t\t<\/div>\n\t\t<\/div>\n\t<\/div><\/div>\n<\/div>\n","protected":false},"excerpt":{"rendered":"<p>Informaci\u00f3n que debes saber para poder participar como voluntario na WordCamp Pontevedra 2024<\/p>\n","protected":false},"author":17330482,"featured_media":2711,"parent":0,"menu_order":0,"comment_status":"closed","ping_status":"closed","template":"page-gl","meta":{"_crdt_document":"","jetpack_post_was_ever_published":false,"footnotes":""},"class_list":["post-2038","page","type-page","status-publish","has-post-thumbnail","hentry"],"jetpack_sharing_enabled":true,"_links":{"self":[{"href":"https:\/\/galicia.wordcamp.org\/2025\/wp-json\/wp\/v2\/pages\/2038","targetHints":{"allow":["GET"]}}],"collection":[{"href":"https:\/\/galicia.wordcamp.org\/2025\/wp-json\/wp\/v2\/pages"}],"about":[{"href":"https:\/\/galicia.wordcamp.org\/2025\/wp-json\/wp\/v2\/types\/page"}],"author":[{"embeddable":true,"href":"https:\/\/galicia.wordcamp.org\/2025\/wp-json\/wp\/v2\/users\/17330482"}],"replies":[{"embeddable":true,"href":"https:\/\/galicia.wordcamp.org\/2025\/wp-json\/wp\/v2\/comments?post=2038"}],"version-history":[{"count":15,"href":"https:\/\/galicia.wordcamp.org\/2025\/wp-json\/wp\/v2\/pages\/2038\/revisions"}],"predecessor-version":[{"id":9752,"href":"https:\/\/galicia.wordcamp.org\/2025\/wp-json\/wp\/v2\/pages\/2038\/revisions\/9752"}],"wp:featuredmedia":[{"embeddable":true,"href":"https:\/\/galicia.wordcamp.org\/2025\/wp-json\/wp\/v2\/media\/2711"}],"wp:attachment":[{"href":"https:\/\/galicia.wordcamp.org\/2025\/wp-json\/wp\/v2\/media?parent=2038"}],"curies":[{"name":"wp","href":"https:\/\/api.w.org\/{rel}","templated":true}]}}