{"id":2031,"date":"2024-04-21T16:55:21","date_gmt":"2024-04-21T14:55:21","guid":{"rendered":"https:\/\/pontevedra.wordcamp.org\/2024\/?page_id=2031"},"modified":"2025-06-23T08:27:20","modified_gmt":"2025-06-23T06:27:20","slug":"participar-como-relator","status":"publish","type":"page","link":"https:\/\/galicia.wordcamp.org\/2025\/participar-como-relator\/","title":{"rendered":"Participar como relator"},"content":{"rendered":"\n<div class=\"wp-block-group alignwide has-global-padding is-layout-constrained wp-container-core-group-is-layout-c4d4d252 wp-block-group-is-layout-constrained\" style=\"margin-bottom:0px;padding-top:48px;padding-right:0;padding-bottom:48px;padding-left:0\">\n<h2 class=\"wp-block-heading has-text-align-center has-accent-4-color has-text-color has-link-color has-x-large-font-size wp-elements-d3dd074f6d09a4d9fad46728def8acd7\">Comparte os teus co\u00f1ecementos<\/h2>\n\n\n\n<p class=\"has-text-align-center has-medium-font-size wp-block-paragraph\">Apet\u00e9ceche vivir unha experiencia inesquecible compartindo os teus co\u00f1ecementos sobre WordPress e formaci\u00f3n?<\/p>\n\n\n\n<p class=\"has-text-align-center has-medium-font-size wp-block-paragraph\">Se respondeches que \u201cS\u00ed\u201d, est\u00e1s no lugar acertado. Podes vir \u00e1 WordCamp Galicia 2025, onde estaremos encantados de descubrir aquilo que decidas amosarnos.<\/p>\n\n\n\n<p class=\"has-text-align-center has-medium-font-size wp-block-paragraph\">Este ano, propux\u00e9monos crear un <strong>programa centrado na formaci\u00f3n<\/strong>, en transmitir co\u00f1ecementos, e c\u00f3mo WordPress pode axudar \u00f3 teu proxecto. E por iso, <strong>buscamos ideas innovadoras, historias que inspiren a outros, ou quiz\u00e1is consellos pr\u00e1cticos.<\/strong><\/p>\n<\/div>\n\n\n\n<div class=\"wp-block-group alignfull is-layout-flow wp-container-core-group-is-layout-c2db5122 wp-block-group-is-layout-flow\" style=\"padding-right:0px;padding-left:0px\">\n<figure class=\"wp-block-image alignfull size-large\"><img loading=\"lazy\" decoding=\"async\" width=\"1024\" height=\"48\" src=\"https:\/\/galicia.wordcamp.org\/2025\/files\/2025\/05\/onda-color-claro-1024x48.png\" alt=\"\" class=\"wp-image-7882\" srcset=\"https:\/\/galicia.wordcamp.org\/2025\/files\/2025\/05\/onda-color-claro-1024x48.png 1024w, https:\/\/galicia.wordcamp.org\/2025\/files\/2025\/05\/onda-color-claro-300x14.png 300w, https:\/\/galicia.wordcamp.org\/2025\/files\/2025\/05\/onda-color-claro-768x36.png 768w, https:\/\/galicia.wordcamp.org\/2025\/files\/2025\/05\/onda-color-claro-500x23.png 500w, https:\/\/galicia.wordcamp.org\/2025\/files\/2025\/05\/onda-color-claro-1536x72.png 1536w, https:\/\/galicia.wordcamp.org\/2025\/files\/2025\/05\/onda-color-claro.png 1920w\" sizes=\"auto, (max-width: 1024px) 100vw, 1024px\" \/><\/figure>\n\n\n\n<div class=\"wp-block-group has-base-2-background-color has-background has-global-padding is-layout-constrained wp-container-core-group-is-layout-cdf2922d wp-block-group-is-layout-constrained\" style=\"padding-top:0px;padding-bottom:0px\">\n<div class=\"wp-block-media-text is-stacked-on-mobile\" style=\"padding-top:24px;padding-bottom:24px;grid-template-columns:40% auto\"><figure class=\"wp-block-media-text__media\"><img loading=\"lazy\" decoding=\"async\" width=\"497\" height=\"478\" src=\"https:\/\/galicia.wordcamp.org\/2025\/files\/2025\/05\/nilo-ExperienciaPonente.webp\" alt=\"Nilo V\u00e9lez\" class=\"wp-image-8078 size-full\" srcset=\"https:\/\/galicia.wordcamp.org\/2025\/files\/2025\/05\/nilo-ExperienciaPonente.webp 497w, https:\/\/galicia.wordcamp.org\/2025\/files\/2025\/05\/nilo-ExperienciaPonente-300x289.webp 300w, https:\/\/galicia.wordcamp.org\/2025\/files\/2025\/05\/nilo-ExperienciaPonente-312x300.webp 312w\" sizes=\"auto, (max-width: 497px) 100vw, 497px\" \/><\/figure><div class=\"wp-block-media-text__content\">\n<h2 class=\"wp-block-heading has-text-align-left has-accent-4-color has-text-color has-link-color has-x-large-font-size wp-elements-04c95d8c65a514e12747f775903e8532\">Unha experiencia inesquecible<\/h2>\n\n\n\n<p class=\"has-medium-font-size wp-block-paragraph\">Seguramente estar\u00e1s a preguntarte, por qu\u00e9 deber\u00eda participar como relator. E a\u00ednda que non somos moi imparciais, deix\u00e1mosche algunas cousas que nos parece importante que te plantexes.<\/p>\n\n\n\n<p class=\"has-medium-font-size wp-block-paragraph\">Es unha <strong>gran oportunidade para amosar o teu talento<\/strong>, para aportar valor \u00f3s demais, e para levar boas vibraci\u00f3ns de todos os que asistiron a t\u00faa ponencia. <\/p>\n\n\n\n<p class=\"has-text-align-left has-medium-font-size wp-block-paragraph\">Unha charla sempre abre o cami\u00f1o para <strong>amosarte como experto\/a<\/strong> <strong>ou especialista<\/strong> en algo.<\/p>\n<\/div><\/div>\n\n\n\n<div class=\"wp-block-media-text has-media-on-the-right is-stacked-on-mobile\" style=\"padding-top:24px;padding-bottom:24px;grid-template-columns:auto 40%\"><div class=\"wp-block-media-text__content\">\n<p class=\"has-text-align-left has-medium-font-size wp-block-paragraph\">Sempre nos encanta ver coma os nosos relatores comparten a s\u00faa paix\u00f3n no escenario cada ano. A experiencia pode marcar unha diferenza e <strong>levar a un novo nivel a t\u00faa marca personal ou negocio.<\/strong><\/p>\n\n\n\n<p class=\"has-medium-font-size wp-block-paragraph\">Estamos a falar dunha charla presencial fronte a centos de asistentes. Persoas como ti, que son relatores, asistentes, voluntarios ou organizadores de WordCamps, cos que <strong>podes identificarte e medrar profesionalmente.<\/strong><\/p>\n\n\n\n<p class=\"has-medium-font-size wp-block-paragraph\">E por \u00faltimo, o <strong>video da t\u00faa ponencia<\/strong> ser\u00e1 <strong>subido \u00e1 p\u00e1xina web de <a href=\"https:\/\/wordpress.tv\/\">WordPress.tv<\/a> <\/strong>e quedar\u00e1 a\u00ed por sempre puidendo ser compartido e visto por incalculables personas.<\/p>\n<\/div><figure class=\"wp-block-media-text__media\"><img loading=\"lazy\" decoding=\"async\" width=\"540\" height=\"395\" src=\"https:\/\/galicia.wordcamp.org\/2025\/files\/2025\/05\/paco-PonenteExperiencia2.webp\" alt=\"Paco Marchante\" class=\"wp-image-8079 size-full\" srcset=\"https:\/\/galicia.wordcamp.org\/2025\/files\/2025\/05\/paco-PonenteExperiencia2.webp 540w, https:\/\/galicia.wordcamp.org\/2025\/files\/2025\/05\/paco-PonenteExperiencia2-300x219.webp 300w, https:\/\/galicia.wordcamp.org\/2025\/files\/2025\/05\/paco-PonenteExperiencia2-410x300.webp 410w\" sizes=\"auto, (max-width: 540px) 100vw, 540px\" \/><\/figure><\/div>\n\n\n\n<p class=\"has-text-align-center wp-block-paragraph\" style=\"font-size:clamp(15.747px, 0.984rem + ((1vw - 3.2px) * 1.006), 24px);\">Se queres participar como relator, <strong>le atentamente a seguinte informaci\u00f3n para saber qu\u00e9 debes facer.<\/strong><\/p>\n\n\n\n<div style=\"height:40px\" aria-hidden=\"true\" class=\"wp-block-spacer\"><\/div>\n<\/div>\n<\/div>\n\n\n\n<div class=\"wp-block-group alignwide has-global-padding is-layout-constrained wp-container-core-group-is-layout-9b6d7eae wp-block-group-is-layout-constrained\" style=\"margin-bottom:48px;padding-top:24px;padding-right:0;padding-bottom:24px;padding-left:0\">\n<h2 class=\"wp-block-heading has-text-align-left has-accent-4-color has-text-color has-link-color has-x-large-font-size wp-elements-8271876cd9d9297f2021804bb27ed145\" style=\"line-height:1.2\">Que estamos a buscar?<\/h2>\n\n\n\n<p class=\"has-medium-font-size wp-block-paragraph\">Estamos a buscar relatorios relacionados con WordPress e a formaci\u00f3n, en diferentes \u00e1reas, plataformas educativas, oferta de cursos, marca persoal, redes sociais, <em>copywrtiting<\/em>, desenvolvemento web, dese\u00f1o UX\/UI, accesibilidade, m\u00e1rketing e vendas, SEO, seguridade, WPO, aspectos legais&#8230;<\/p>\n\n\n\n<p class=\"has-medium-font-size wp-block-paragraph\"><strong>Valoraremos a orixinalidade<\/strong>, se es experto en algo e normalmente fas ponencias noutras WordCamps, ped\u00edmosche que a cambies para non repetirnos.<\/p>\n\n\n\n<p class=\"has-medium-font-size wp-block-paragraph\">O noso obxectivo \u00e9 <strong>escoller ponencias din\u00e1micas, o m\u00e1is pr\u00e1cticas posibles<\/strong> e que os asistentes acaben con ga\u00f1a de probar cousas novas.<\/p>\n\n\n\n<div style=\"height:24px\" aria-hidden=\"true\" class=\"wp-block-spacer\"><\/div>\n\n\n\n<h2 class=\"wp-block-heading has-accent-4-color has-text-color has-link-color has-x-large-font-size wp-elements-5834f20ea3c0ad613108081a9e57dba5\" style=\"line-height:1.2\">Que tem\u00e1ticas nos gustan?<\/h2>\n\n\n\n<p class=\"has-medium-font-size wp-block-paragraph\">WordPress, WordPress, ahhh e WordPress\u2026 \u00c9 obvio, non? Estamos nun evento organizado pola comunidade de WordPress, mais dentro dese marco hai cabida para moitas cousas e moitas tem\u00e1ticas, podes falarnos de:<\/p>\n\n\n\n<ul class=\"wp-block-list\">\n<li class=\"has-medium-font-size\">Ferramentas de aprendizaxe con WordPress (LMS, plugins educativos)<\/li>\n\n\n\n<li class=\"has-medium-font-size\">Desenvolvemento de webs con WordPress<\/li>\n\n\n\n<li class=\"has-medium-font-size\">Dese\u00f1o web e experiencia de usuario (UX\/UI)<\/li>\n\n\n\n<li class=\"has-medium-font-size\">Pr\u00e1cticas docentes: como usar WordPress para formar ou ser formador<\/li>\n\n\n\n<li class=\"has-medium-font-size\">Formaci\u00f3n en comunidade: como ensinar, como colaborar e aprender de outras persoas<\/li>\n\n\n\n<li class=\"has-medium-font-size\">Formaci\u00f3n en seguridade e boas pr\u00e1cticas<\/li>\n\n\n\n<li class=\"has-medium-font-size\">Rendemento e optimizaci\u00f3n (WPO)<\/li>\n\n\n\n<li class=\"has-medium-font-size\">Aprender SEO, marketing de contidos e posicionamento web<\/li>\n\n\n\n<li class=\"has-medium-font-size\">Accesibilidade e inclusi\u00f3n dixital<\/li>\n<\/ul>\n\n\n\n<p class=\"has-medium-font-size wp-block-paragraph\">E todo aquilo que consideres que pode ser de interese ou de axuda para os asistentes.<\/p>\n\n\n\n<div style=\"height:24px\" aria-hidden=\"true\" class=\"wp-block-spacer\"><\/div>\n\n\n\n<h2 class=\"wp-block-heading has-accent-4-color has-text-color has-link-color has-x-large-font-size wp-elements-b938a0bc9a9d2f66aec8e34457676602\" style=\"line-height:1.2\">Que formatos de relatorios teremos?<\/h2>\n\n\n\n<p class=\"has-text-align-left has-medium-font-size wp-block-paragraph\">Na WordCamp Galicia apostamos por unha maior participaci\u00f3n dos asistentes, e por formatos m\u00e1is din\u00e1micos e pr\u00e1cticos para afianzar co\u00f1ecementos aplicados a casos reais a trav\u00e9s da experiencia persoal.<\/p>\n\n\n\n<ul class=\"wp-block-list is-style-default\">\n<li class=\"has-medium-font-size\">Charla longa<\/li>\n\n\n\n<li class=\"has-medium-font-size\">Charla curta<\/li>\n\n\n\n<li class=\"has-medium-font-size\">Taller<\/li>\n\n\n\n<li class=\"has-medium-font-size\">Demo<\/li>\n\n\n\n<li class=\"has-medium-font-size\">Auditor\u00eda<\/li>\n\n\n\n<li class=\"has-medium-font-size\">Consultor\u00eda<\/li>\n<\/ul>\n\n\n\n<p class=\"has-medium-font-size wp-block-paragraph\">Le as descrici\u00f3ns de cada formato e <strong>escolle o que mellor se axuste<\/strong> \u00e1s t\u00faas circunstancias, ideas ou preferencias.<\/p>\n\n\n\n<div style=\"height:24px\" aria-hidden=\"true\" class=\"wp-block-spacer\"><\/div>\n\n\n\n<h3 class=\"wp-block-heading has-accent-4-color has-text-color has-link-color has-large-font-size wp-elements-3a38c7f21104504573f0e2bc8564eedf\"><strong>Charla longa<\/strong> (20 minutos + 5 de preguntas)<\/h3>\n\n\n\n<p class=\"has-text-align-left has-medium-font-size wp-block-paragraph\">A charla longa \u00e9 unha excelente oportunidade se queres <strong>profundizar nun tema espec\u00edfico<\/strong>. Poder\u00e1s proporcionar exemplos concretos, estudos relevantes ou consellos pr\u00e1cticos.<\/p>\n\n\n\n<p class=\"has-medium-font-size wp-block-paragraph\">Este formato \u00e9 id\u00f3neo para <strong>conectar con outros profesionais e entusiastas<\/strong> que comparten o teu mesmo interese sobre o tema que presentas.<\/p>\n\n\n\n<p class=\"has-text-align-left has-medium-font-size wp-block-paragraph\">\u00d3 finalizar, haber\u00e1 tempo para que o p\u00fablico realice preguntas. <\/p>\n\n\n\n<p class=\"has-text-align-left has-medium-font-size wp-block-paragraph\">As <strong>preguntas<\/strong> permiten entrar en m\u00e1is detalle e <strong>abordar inquedanzas<\/strong> directas dos asistentes. O trato co p\u00fablico poder\u00e1 axudarche a <strong>establecer conexi\u00f3ns significativas<\/strong> cos asistentes \u00e1 WordCamp.<\/p>\n\n\n\n<div style=\"height:24px\" aria-hidden=\"true\" class=\"wp-block-spacer\"><\/div>\n\n\n\n<h3 class=\"wp-block-heading has-accent-4-color has-text-color has-link-color has-large-font-size wp-elements-eb683f8c1d17ff8ac4428a5f1b268803\"><strong>Charla curta<\/strong> (10 minutos)<\/h3>\n\n\n\n<p class=\"has-medium-font-size wp-block-paragraph\">Este formato est\u00e1 dise\u00f1ado para <strong>temas m\u00e1is r\u00e1pidos de explicar<\/strong>, principiantes en falar \u00f3 p\u00fablico.., xa que tan duran moi pouco tempo e non hai posibilidade de facer preguntas \u00f3 rematar.<\/p>\n\n\n\n<p class=\"has-medium-font-size wp-block-paragraph\">A brevedade de tempo obriga a <strong>concentrarse nos aspectos m\u00e1is importantes do tema<\/strong>, destacar puntos chave, ofrecer consellos pr\u00e1cticos e compartir ideas efectivas.<\/p>\n\n\n\n<p class=\"has-medium-font-size wp-block-paragraph\">Presentar una charla curta <strong>\u00e9 un desaf\u00edo creativo<\/strong>, porque tes que captar a atenci\u00f3n do p\u00fablico cunha mensaxe r\u00e1pida, clara, concisa e interesante. O que te levar\u00e1 a unha <strong>actitude innovadora e creativa coa que destacar. <\/strong><\/p>\n\n\n\n<div style=\"height:24px\" aria-hidden=\"true\" class=\"wp-block-spacer\"><\/div>\n\n\n\n<h3 class=\"wp-block-heading has-accent-4-color has-text-color has-link-color has-large-font-size wp-elements-6d2df837af7e2c2f9b4cc7e386ebb515\"><strong>Taller<\/strong> (60 minutos)<\/h3>\n\n\n\n<p class=\"has-medium-font-size wp-block-paragraph\">\u00c9 unha oportunidade \u00fanica para involucrar activamente \u00f3s asistentes  nunha experiencia pr\u00e1ctica e participativa. <\/p>\n\n\n\n<p class=\"has-text-align-left has-medium-font-size wp-block-paragraph\">Este formato \u00e9 ideal para <strong>aprender facendo<\/strong>. Poder\u00e1s propo\u00f1er exercicios pr\u00e1cticos, unha sesi\u00f3n de traballo en equipo, resolver problemas concretos, personalizar certos aspectos&#8230; De xeito que os participantes poidan aplicar conceptos e ferramentas directamente nos seus proxectos.<\/p>\n\n\n\n<p class=\"has-text-align-left has-medium-font-size wp-block-paragraph\">Ademais de guiar \u00f3s asistentes a trav\u00e9s dunha experiencia pr\u00e1ctica, ped\u00edmosche que fomentes a innovaci\u00f3n, a creatividad e o intercambio de co\u00f1ecementos cos participantes para traballar xuntos na procura de <strong>soluci\u00f3ns creativas a desaf\u00edos espec\u00edficos<\/strong>. <\/p>\n\n\n\n<div style=\"height:24px\" aria-hidden=\"true\" class=\"wp-block-spacer\"><\/div>\n\n\n\n<h3 class=\"wp-block-heading has-accent-4-color has-text-color has-link-color has-large-font-size wp-elements-1f0e613fedd5de25b6524d2896732e8b\"><strong>Demo<\/strong> (10 minutos)<\/h3>\n\n\n\n<p class=\"has-medium-font-size wp-block-paragraph\">Este formato \u00e9 unha oportunidade para <strong>compartir algo que saibas facer<\/strong>. Tr\u00e1tase de <strong>amosar<\/strong> <strong>de maneira pr\u00e1ctica c\u00f3mo funciona<\/strong> unha aplicaci\u00f3n, un <em>plugin<\/em>, os pasos a seguir para facer unha estratexia espec\u00edfica de\u2026<\/p>\n\n\n\n<p class=\"has-medium-font-size wp-block-paragraph\">Deber\u00e1s ser conciso e inspirador para que a audiencia comprenda r\u00e1pidamente a s\u00faa utilidade e o potencial do seu uso para que despois exploren ou o implementen nos seus proxectos.<\/p>\n\n\n\n<p class=\"has-medium-font-size wp-block-paragraph\">Pensa en algo simple para que os asistentes poidan ver dunha forma r\u00e1pida e f\u00e1cil, \u00f3 xeito de facer algo concreto e dese xeito, que poidan<strong> aprender a facelo<\/strong>.<\/p>\n\n\n\n<div style=\"height:24px\" aria-hidden=\"true\" class=\"wp-block-spacer\"><\/div>\n\n\n\n<h3 class=\"wp-block-heading has-accent-4-color has-text-color has-link-color has-large-font-size wp-elements-4b571ade18d5ad75da485af560228b8d\"><strong>Auditor\u00eda<\/strong> (20 minutos + 5 preguntas)<\/h3>\n\n\n\n<p class=\"has-medium-font-size wp-block-paragraph\">\u00c9 o formato id\u00f3neo <strong>se adoitas auditar proxectos<\/strong> para poder identificar \u00e1reas de mellora e oportunidades para optimizar procesos relacionados co mundo das webs ou da formaci\u00f3n.<\/p>\n\n\n\n<p class=\"has-text-align-left has-medium-font-size wp-block-paragraph\">Tr\u00e1tase de <strong>amosar a metodolox\u00eda que segues analizando os casos reais<\/strong> que ti escollas dentro das propostas que os participantes enviar\u00e1n antes do evento.  Ter\u00e1s o tempo necesario tanto para facer a elecci\u00f3n, como para realizar as revisi\u00f3ns.<\/p>\n\n\n\n<p class=\"has-medium-font-size wp-block-paragraph\">O d\u00eda do evento poder\u00e1s ofrecer consellos pr\u00e1cticos e suxerencias de mellora adaptadas \u00e1s necesidades e circunstancias \u00fanicas de cada proxecto. De xeito, que <strong>os participantes non s\u00f3 recibir\u00e1n asesoramento personalizado, sen\u00f3n que tam\u00e9n ter\u00e1n a oportunidade de aprender dos proxectos dos outros.<\/strong><\/p>\n\n\n\n<div style=\"height:24px\" aria-hidden=\"true\" class=\"wp-block-spacer\"><\/div>\n\n\n\n<h3 class=\"wp-block-heading has-accent-4-color has-text-color has-link-color has-large-font-size wp-elements-0b36b72dd3f9a6c4adc333fd9a2f9a77\"><strong>Consultor\u00eda<\/strong> (10 minutos)<\/h3>\n\n\n\n<p class=\"has-medium-font-size wp-block-paragraph\">Este formato \u00e9 unha oportunidade para axudar e aconsellar \u00f3s participantes grazas \u00f3s teu co\u00f1ecementos e experiencia sobre un \u00e1rea ou tema espec\u00edfico relacionados con a formaci\u00f3n e WordPress.<\/p>\n\n\n\n<p class=\"has-medium-font-size wp-block-paragraph\">Tr\u00e1tase de <strong>dar consellos e recomendaci\u00f3ns personalizadas sobre casos espec\u00edficos do p\u00fablico<\/strong> para axudarlles a resolver as s\u00faas d\u00fabidas ou problemas. <\/p>\n\n\n\n<p class=\"has-medium-font-size wp-block-paragraph\">Para iso, os participantes <strong>poder\u00e1n mandar as s\u00faas preguntas con antelaci\u00f3n \u00f3 evento<\/strong> para seleccionar as m\u00e1is interesantes e que poidan ser de maior utilidade. Deixando espazo tam\u00e9n para as que xurdan no momento.<\/p>\n\n\n\n<div style=\"height:24px\" aria-hidden=\"true\" class=\"wp-block-spacer\"><\/div>\n\n\n\n<p class=\"wp-block-paragraph\" style=\"font-size:clamp(14px, 0.875rem + ((1vw - 3.2px) * 0.732), 20px);\">Todos os formatos plantexados son orientativos e flexibles, polo que <strong>estamos abertos a calquera modificaci\u00f3n ou proposta<\/strong> que nos queiras facer chegar. <\/p>\n\n\n\n<div style=\"height:40px\" aria-hidden=\"true\" class=\"wp-block-spacer\"><\/div>\n\n\n\n<h2 class=\"wp-block-heading has-accent-4-color has-text-color has-link-color has-x-large-font-size wp-elements-2e76d900ac7488b84eeb2f9dfe6f11b2\">Informaci\u00f3n de interese<\/h2>\n\n\n\n<p class=\"wp-block-paragraph\" style=\"font-size:clamp(15.747px, 0.984rem + ((1vw - 3.2px) * 1.006), 24px);\"><strong>Para ser relator tan s\u00f3 necesitar\u00e1s<\/strong>:<\/p>\n\n\n\n<ul class=\"wp-block-list\">\n<li class=\"has-medium-font-size\"><strong>Ganas de aportar valor <\/strong>e de axudar \u00f3s demais<\/li>\n\n\n\n<li class=\"has-medium-font-size\"><strong>Prepararte (ben) a ponencia<\/strong><\/li>\n\n\n\n<li class=\"has-medium-font-size\"><strong>Estar en Galicia, concretamente en Pontevedra,<\/strong> os d\u00edas do evento e antes da hora que che toque sa\u00edr a escea.<\/li>\n<\/ul>\n\n\n\n<div style=\"height:24px\" aria-hidden=\"true\" class=\"wp-block-spacer\"><\/div>\n\n\n\n<p class=\"wp-block-paragraph\" style=\"font-size:clamp(15.747px, 0.984rem + ((1vw - 3.2px) * 1.006), 24px);\"><strong>Ademais, ten en conta<\/strong>:<\/p>\n\n\n\n<ol class=\"wp-block-list\">\n<li class=\"has-medium-font-size\">En WordCamp Galicia 2025 enfoc\u00e1monos en promover o co\u00f1ecemento, a colaboraci\u00f3n e o intercambio de ideas en beneficio da nosa comunidade. Por esta raz\u00f3n, <strong>non aceptamos ponencias comerciais ou publicitarias.<\/strong><\/li>\n\n\n\n<li class=\"has-medium-font-size\">O noso obxectivo \u00e9 atopar <strong>contido de calidade e orixinal<\/strong> digno para ser compartido en WordPress.tv.<\/li>\n\n\n\n<li class=\"has-medium-font-size\">Na t\u00faa presentaci\u00f3n tan s\u00f3 poder\u00e1 aparecer 1 diapositiva con teus datos de contacto.<\/li>\n\n\n\n<li class=\"has-medium-font-size\">Debes respectar o esp\u00edritu de <strong>WordPress<\/strong> e a s\u00faa <a href=\"https:\/\/es.wikipedia.org\/wiki\/GNU_General_Public_License\">licenza GPL<\/a>.<\/li>\n\n\n\n<li class=\"has-medium-font-size\">O <strong>idioma <\/strong>da charla debe ser preferentemente: <strong>espa\u00f1ol<\/strong>, <strong>galego<\/strong>, <strong>portugu\u00e9s<\/strong> ou <strong>ingl\u00e9s<\/strong>.<\/li>\n<\/ol>\n\n\n\n<div style=\"height:24px\" aria-hidden=\"true\" class=\"wp-block-spacer\"><\/div>\n\n\n\n<p class=\"wp-block-paragraph\" style=\"font-size:clamp(15.747px, 0.984rem + ((1vw - 3.2px) * 1.006), 24px);\"><strong>Se precisas<\/strong> <strong>axuda<\/strong>:<\/p>\n\n\n\n<p class=\"has-medium-font-size wp-block-paragraph\">Sabemos que preparar unha ponencia require tempo e esforzo, pero estamos aqu\u00ed para apoiarte en cada paso do cami\u00f1o.<\/p>\n\n\n\n<p class=\"has-medium-font-size wp-block-paragraph\">O noso <strong>equipo de relatores <\/strong>estar\u00e1 \u00e1 t\u00faa disposici\u00f3n para<strong> brindarche asesoramento e recursos,<\/strong> e asegurarnos de que<strong> a t\u00faa presentaci\u00f3n sexa un \u00e9xito rotundo!<\/strong><\/p>\n<\/div>\n\n\n\n<div class=\"wp-block-group alignfull has-contrast-color has-base-2-background-color has-text-color has-background has-link-color wp-elements-83edb8b1e366e388a7dd94fae946aaad has-global-padding is-layout-constrained wp-block-group-is-layout-constrained\" style=\"margin-top:0px;margin-bottom:0px;padding-top:80px;padding-bottom:80px\">\n<div class=\"wp-block-group formulario_registro has-global-padding is-content-justification-center is-layout-constrained wp-container-core-group-is-layout-d8b12361 wp-block-group-is-layout-constrained\" style=\"padding-top:40px;padding-bottom:40px\">\n<h2 class=\"wp-block-heading has-text-align-center has-accent-4-color has-text-color has-link-color wp-elements-228df45ef1562735ee55e973c5dfddd0\">Prazo de inscrici\u00f3n pechado<\/h2>\n\n\n\n<p class=\"has-text-align-center has-medium-font-size wp-block-paragraph\">O prazo para enviar propostas de ponencia \u00e1 WordCamp Galicia 2025 xa est\u00e1 pechado. Nestes d\u00edas revisaremos con calma todas as propostas recibidas.<\/p>\n\n\n\n<p class=\"has-text-align-center wp-block-paragraph\">Enviaremos un correo electr\u00f3nico \u00e1s persoas participantes tan pronto como te\u00f1amos a resoluci\u00f3n, indicando se foron aceptadas ou non.<\/p>\n\n\n\n<p class=\"has-text-align-center wp-block-paragraph\">Avisaremos cando est\u00e9 o <a href=\"https:\/\/galicia.wordcamp.org\/2025\/programa\/\"><strong>programa<\/strong><\/a> publicado da WordCamp Galicia 2025.<\/p>\n<\/div>\n<\/div>\n\n\n\n<div class=\"wp-block-group alignfull has-accent-4-background-color has-background has-global-padding is-layout-constrained wp-container-core-group-is-layout-6402915b wp-block-group-is-layout-constrained\" style=\"margin-top:0px;margin-bottom:0px;padding-top:64px;padding-bottom:64px\">\n<h2 class=\"wp-block-heading has-text-align-center has-base-color has-text-color has-x-large-font-size\" style=\"line-height:1.2\">Subscr\u00edbete \u00f3 noso blog<\/h2>\n\n\n\n<div class=\"wp-block-group has-global-padding is-layout-constrained wp-container-core-group-is-layout-eceafd14 wp-block-group-is-layout-constrained\" style=\"padding-right:2%;padding-left:2%\">\n<p class=\"has-text-align-center has-base-2-color has-text-color has-link-color has-medium-font-size wp-elements-b73c1ccd08319c18ab2bf6612c341e67 wp-block-paragraph\">Inscr\u00edbete na lista de prioridades e avisar\u00e9mosche a medida que se achegue o evento, con aviso previo, actualizaci\u00f3ns do blog, pr\u00f3ximas actividades e todo o demais que precises saber.<\/p>\n<\/div>\n\n\n<div class=\"wp-block-jetpack-subscriptions__supports-newline suscripciones is-style-split wp-block-jetpack-subscriptions\">\n\t\t<div>\n\t\t\t<div>\n\t\t\t\t<div>\n\t\t\t\t\t<p style=\"width: 25%;max-width: 100%;\">\n\t\t\t\t\t\t<a href=\"https:\/\/galicia.wordcamp.org\/2025\/?post_type=page&#038;p=2031\" style=\"width: calc(100% - 10px);font-size: 22px;padding: 8px 12px 8px 12px;margin: 0; margin-left: 10px;border-color: base;border-radius: 0px;border-width: 0px; text-decoration: none; white-space: nowrap; margin-left: 0\"><strong>Subscr\u00edbete<\/strong><\/a>\n\t\t\t\t\t<\/p>\n\t\t\t\t<\/div>\n\t\t\t<\/div>\n\t\t<\/div>\n\t<\/div><\/div>\n","protected":false},"excerpt":{"rendered":"<p>Informaci\u00f3n que debes saber para poder participar como relator na WordCamp Pontevedra 2024<\/p>\n","protected":false},"author":18742608,"featured_media":3712,"parent":0,"menu_order":0,"comment_status":"closed","ping_status":"closed","template":"page-gl","meta":{"_crdt_document":"","jetpack_post_was_ever_published":false,"footnotes":""},"class_list":["post-2031","page","type-page","status-publish","has-post-thumbnail","hentry"],"jetpack_sharing_enabled":true,"_links":{"self":[{"href":"https:\/\/galicia.wordcamp.org\/2025\/wp-json\/wp\/v2\/pages\/2031","targetHints":{"allow":["GET"]}}],"collection":[{"href":"https:\/\/galicia.wordcamp.org\/2025\/wp-json\/wp\/v2\/pages"}],"about":[{"href":"https:\/\/galicia.wordcamp.org\/2025\/wp-json\/wp\/v2\/types\/page"}],"author":[{"embeddable":true,"href":"https:\/\/galicia.wordcamp.org\/2025\/wp-json\/wp\/v2\/users\/18742608"}],"replies":[{"embeddable":true,"href":"https:\/\/galicia.wordcamp.org\/2025\/wp-json\/wp\/v2\/comments?post=2031"}],"version-history":[{"count":44,"href":"https:\/\/galicia.wordcamp.org\/2025\/wp-json\/wp\/v2\/pages\/2031\/revisions"}],"predecessor-version":[{"id":9593,"href":"https:\/\/galicia.wordcamp.org\/2025\/wp-json\/wp\/v2\/pages\/2031\/revisions\/9593"}],"wp:featuredmedia":[{"embeddable":true,"href":"https:\/\/galicia.wordcamp.org\/2025\/wp-json\/wp\/v2\/media\/3712"}],"wp:attachment":[{"href":"https:\/\/galicia.wordcamp.org\/2025\/wp-json\/wp\/v2\/media?parent=2031"}],"curies":[{"name":"wp","href":"https:\/\/api.w.org\/{rel}","templated":true}]}}