{"id":127,"date":"2024-04-02T13:21:57","date_gmt":"2024-04-02T11:21:57","guid":{"rendered":"https:\/\/pontevedra.wordcamp.org\/2024\/?page_id=13"},"modified":"2025-06-05T00:01:53","modified_gmt":"2025-06-04T22:01:53","slug":"entradas","status":"publish","type":"page","link":"https:\/\/galicia.wordcamp.org\/2025\/entradas\/","title":{"rendered":"Entradas"},"content":{"rendered":"\n<div class=\"wp-block-group has-global-padding is-layout-constrained wp-block-group-is-layout-constrained\" style=\"margin-bottom:48px;padding-top:48px;padding-bottom:48px\">\n<h2 class=\"wp-block-heading has-text-align-center has-accent-4-color has-text-color has-link-color has-x-large-font-size wp-elements-bea86c9cdd101008d4673c61329570e5\" style=\"line-height:1.2\">Faite coa t\u00faa entrada!<\/h2>\n\n\n\n<p class=\"has-text-align-center has-medium-font-size wp-block-paragraph\">Coa t\u00faa entrada ademais de <strong>colaborar cos gastos<\/strong> do evento estar\u00e1s <strong>apoiando o <em>open source<\/em><\/strong>. Un prezo moi reducido para que sexa accesible para calquera, gracias por suposto, \u00f3s nosos <a href=\"https:\/\/galicia.wordcamp.org\/2025\/patrocinios\/\" data-type=\"page\" data-id=\"10\">patrocinadores<\/a> e as s\u00faas aportaci\u00f3ns para que isto sexa posible.<\/p>\n\n\n\n<p class=\"has-text-align-center has-medium-font-size wp-block-paragraph\">Merca a t\u00faa entrada e non te perdas un evento \u00fanico no que vivir unha experiencia enriquecedora tanto a nivel profesional como persoal.<\/p>\n\n\n\n<p class=\"has-text-align-center has-medium-font-size wp-block-paragraph\">Agardamos por ti, para aprender, compartir e divertirnos xuntos!<\/p>\n<\/div>\n\n\n\n<div class=\"wp-block-group alignfull is-layout-flow wp-container-core-group-is-layout-c2db5122 wp-block-group-is-layout-flow\" style=\"padding-right:0px;padding-left:0px\">\n<figure class=\"wp-block-image alignfull size-large\"><img loading=\"lazy\" decoding=\"async\" width=\"1024\" height=\"48\" src=\"https:\/\/galicia.wordcamp.org\/2025\/files\/2025\/05\/onda-color-claro-1024x48.png\" alt=\"\" class=\"wp-image-7882\" srcset=\"https:\/\/galicia.wordcamp.org\/2025\/files\/2025\/05\/onda-color-claro-1024x48.png 1024w, https:\/\/galicia.wordcamp.org\/2025\/files\/2025\/05\/onda-color-claro-300x14.png 300w, https:\/\/galicia.wordcamp.org\/2025\/files\/2025\/05\/onda-color-claro-768x36.png 768w, https:\/\/galicia.wordcamp.org\/2025\/files\/2025\/05\/onda-color-claro-500x23.png 500w, https:\/\/galicia.wordcamp.org\/2025\/files\/2025\/05\/onda-color-claro-1536x72.png 1536w, https:\/\/galicia.wordcamp.org\/2025\/files\/2025\/05\/onda-color-claro.png 1920w\" sizes=\"auto, (max-width: 1024px) 100vw, 1024px\" \/><\/figure>\n\n\n\n<div class=\"wp-block-group has-base-2-background-color has-background has-global-padding is-layout-constrained wp-container-core-group-is-layout-cdf2922d wp-block-group-is-layout-constrained\" style=\"padding-top:0px;padding-bottom:0px\">\n<div class=\"wp-block-media-text has-media-on-the-right is-stacked-on-mobile\" style=\"padding-top:24px;padding-bottom:24px;grid-template-columns:auto 40%\"><div class=\"wp-block-media-text__content\">\n<h2 class=\"wp-block-heading has-text-align-left has-accent-4-color has-text-color has-link-color has-large-font-size wp-elements-1bd5a9c684052809e54853dd9b58fc74\"><strong>Que incl\u00fae a mi\u00f1a entrada?<\/strong><\/h2>\n\n\n\n<p class=\"has-text-align-left has-medium-font-size wp-block-paragraph\">A entrada da&nbsp;<strong>acceso a todas as actividades<\/strong>&nbsp;dos d\u00edas&nbsp;<strong>4 e 5 de outubro<\/strong>.<\/p>\n\n\n\n<p class=\"has-text-align-left has-medium-font-size wp-block-paragraph\">Por un lado, \u00e1s&nbsp;<strong><a href=\"https:\/\/galicia.wordcamp.org\/2025\/conferencias\/\" data-type=\"page\" data-id=\"2025\">conferencias<\/a><\/strong>&nbsp;do s\u00e1bado e, por outro, o&nbsp;<strong><a href=\"https:\/\/galicia.wordcamp.org\/2025\/dia-da-comunidade\/\" data-type=\"page\" data-id=\"2064\">D\u00eda da Comunidade<\/a><\/strong>&nbsp;ou&nbsp;<em>Contributor day<\/em>, o domingo.<\/p>\n\n\n\n<p class=\"has-text-align-left has-medium-font-size wp-block-paragraph\">Est\u00e1n inclu\u00eddas <strong>todas as comidas destes d\u00edas.<\/strong>&nbsp;O xantar do s\u00e1bado e do domingo. As\u00ed como <strong>caf\u00e9 \/ infusi\u00f3ns\/ auga<\/strong>&nbsp;durante as pausas do evento, que se realizar\u00e1n pola ma\u00f1\u00e1 e pola tarde. E o <strong>polbo<\/strong> \u00f3 rematar as conferencias do s\u00e1bado!<\/p>\n<\/div><figure class=\"wp-block-media-text__media\"><img loading=\"lazy\" decoding=\"async\" width=\"497\" height=\"478\" src=\"https:\/\/galicia.wordcamp.org\/2025\/files\/2025\/06\/paco-entradas2.webp\" alt=\"Paco Marchante entradas\" class=\"wp-image-8984 size-full\" srcset=\"https:\/\/galicia.wordcamp.org\/2025\/files\/2025\/06\/paco-entradas2.webp 497w, https:\/\/galicia.wordcamp.org\/2025\/files\/2025\/06\/paco-entradas2-300x289.webp 300w, https:\/\/galicia.wordcamp.org\/2025\/files\/2025\/06\/paco-entradas2-312x300.webp 312w\" sizes=\"auto, (max-width: 497px) 100vw, 497px\" \/><\/figure><\/div>\n\n\n\n<div class=\"wp-block-media-text is-stacked-on-mobile\" style=\"padding-top:24px;padding-bottom:24px;grid-template-columns:40% auto\"><figure class=\"wp-block-media-text__media\"><img loading=\"lazy\" decoding=\"async\" width=\"540\" height=\"395\" src=\"https:\/\/galicia.wordcamp.org\/2025\/files\/2025\/06\/paco-entradas.webp\" alt=\"paco marchante entradas\" class=\"wp-image-8982 size-full\" srcset=\"https:\/\/galicia.wordcamp.org\/2025\/files\/2025\/06\/paco-entradas.webp 540w, https:\/\/galicia.wordcamp.org\/2025\/files\/2025\/06\/paco-entradas-300x219.webp 300w, https:\/\/galicia.wordcamp.org\/2025\/files\/2025\/06\/paco-entradas-410x300.webp 410w\" sizes=\"auto, (max-width: 540px) 100vw, 540px\" \/><\/figure><div class=\"wp-block-media-text__content\">\n<p class=\"has-text-align-left has-medium-font-size wp-block-paragraph\">Tam\u00e9n poder\u00e1s acudir \u00e1&nbsp;<em><strong>after party<\/strong><\/em>&nbsp;(ou&nbsp;<em>festa rachada<\/em>) do s\u00e1bado pola noite, onde tomar algo de forma m\u00e1is distendida con outros asistentes \u00f3 evento.<\/p>\n\n\n\n<p class=\"has-text-align-left has-medium-font-size wp-block-paragraph\">Ademais, incl\u00fae unha acreditaci\u00f3n personalizada&#8230; e algunha sorpresa m\u00e1is! <\/p>\n\n\n\n<p class=\"has-text-align-left has-medium-font-size wp-block-paragraph\">E se queres podes engadir o <strong>pack de benvida<\/strong> (camiseta conmemorativa e bolsa de algod\u00f3n reciclado) para empregar durante o evento ou gardar de recordo.<\/p>\n<\/div><\/div>\n\n\n\n<div class=\"wp-block-group has-global-padding is-layout-constrained wp-block-group-is-layout-constrained\" style=\"padding-bottom:48px\">\n<p class=\"has-text-align-center wp-block-paragraph\" style=\"font-size:clamp(14px, 0.875rem + ((1vw - 3.2px) * 0.732), 20px);\"><strong>IMPORTANTE:<\/strong> A <strong>inscrici\u00f3n \u00e1s actividades do venres 3<\/strong>, \u00e9 diferente \u00e1 entrada xeral. Esa actividade \u00e9 GRATIS e podes inscribirte na seguinte ligaz\u00f3n: <a href=\"https:\/\/galicia.wordcamp.org\/2025\/participar-taller-do_action\/\" data-type=\"link\" data-id=\"https:\/\/pontevedra.wordcamp.org\/2024\/participar-taller-do_action\/\"><strong>Taller de WordPress e <em>do_action<\/em><\/strong><\/a>.<\/p>\n<\/div>\n<\/div>\n<\/div>\n\n\n\n<div class=\"wp-block-group has-global-padding is-layout-constrained wp-container-core-group-is-layout-6a899360 wp-block-group-is-layout-constrained\" style=\"padding-top:48px;padding-bottom:48px\">\n<h2 class=\"wp-block-heading has-text-align-left has-accent-4-color has-text-color has-link-color has-x-large-font-size wp-elements-4c3156f2965eb83a65a10081a3b3b35f\" style=\"line-height:1.2\"><strong>OLLO:<\/strong> Antes de mercar a t\u00faa entrada<\/h2>\n\n\n\n<ul class=\"wp-block-list is-style-checkmark-list\">\n<li class=\"has-medium-font-size\"><strong>Es estudiante ou profesor da\u00a0<\/strong><a href=\"https:\/\/www.uvigo.gal\/es\" target=\"_blank\" rel=\"noreferrer noopener\">Universidade de Vigo<\/a>?\u00a0Temos un\u00a0<strong>desconto do 60 %<\/strong>\u00a0para as primeiras 55 entradas de persoas desta comunidade que o acrediten, quedando o prezo da entrada en\u00a0<strong>12\u20ac<\/strong>.\u00a0<a href=\"https:\/\/galicia.wordcamp.org\/2025\/contact\/\" data-type=\"page\" data-id=\"17\">Contacta con n\u00f3s<\/a>\u00a0para que xeremos o teu <strong>cup\u00f3n personalizado<\/strong>. S\u00f3 tes que enviarnos os teus datos e unha acreditaci\u00f3n de que formas parte da comunidade universitaria.<\/li>\n\n\n\n<li class=\"has-medium-font-size\">Queres optar a ser&nbsp;<strong>relator<\/strong>,&nbsp;<strong>voluntario&nbsp;<\/strong>ou&nbsp;<strong>patrocinador<\/strong>? Non merques a\u00ednda a t\u00faa entrada. Se resultas seleccionado, a&nbsp;<strong>asistencia ser\u00e1 de balde para ti<\/strong>.<\/li>\n\n\n\n<li class=\"has-medium-font-size\">Os <strong>menores non precisan mercar entrada<\/strong>. Pero se queres utilizar o <strong><a href=\"https:\/\/galicia.wordcamp.org\/2025\/ludoteca\/\" data-type=\"page\" data-id=\"2062\">servizo de ludoteca<\/a><\/strong>, reserva a t\u00faa praza canto antes.<\/li>\n\n\n\n<li class=\"has-medium-font-size\">Utilizamos o sistema&nbsp;<a rel=\"noreferrer noopener\" href=\"https:\/\/es.gravatar.com\/\" target=\"_blank\">Gravatar<\/a>&nbsp;para mostrar a foto ou avatar dos asistentes na p\u00e1xina de asistentes. Se queres que a t\u00faa foto apareza no listado e na t\u00faa acreditaci\u00f3n personalizada, abonda con crear unha conta e asignarlle o teu avatar ou foto \u00f3 correo electr\u00f3nico que utilizar\u00e1s para adquirir a t\u00faa entrada.<\/li>\n\n\n\n<li class=\"has-medium-font-size\"><strong>AUTORIZACI\u00d3N<\/strong>: Polo ben da comunidade e con fins de promoci\u00f3n, haber\u00e1 voluntarios e\/ou fot\u00f3grafos profesionais na WordCamp Galicia 2025. \u00d3 acudir o evento autorizas a utilizaci\u00f3n da t\u00faa imaxe se apareces en fotos ou v\u00eddeos que se poidan tomar que mostren a t\u00faa participaci\u00f3n na WordCamp.<\/li>\n<\/ul>\n<\/div>\n\n\n<a href=\"https:\/\/galicia.wordcamp.org\/2025\/entradas\/\">Please view this page in a browser to purchase or manage tickets.<\/a>\n","protected":false},"excerpt":{"rendered":"<p>Informaci\u00f3n e acceso \u00e1 merca de entradas da WordCamp Pontevedra 2024<\/p>\n","protected":false},"author":17330482,"featured_media":2776,"parent":0,"menu_order":0,"comment_status":"closed","ping_status":"closed","template":"page-gl","meta":{"_crdt_document":"","jetpack_post_was_ever_published":false,"footnotes":""},"class_list":["post-127","page","type-page","status-publish","has-post-thumbnail","hentry"],"jetpack_sharing_enabled":true,"_links":{"self":[{"href":"https:\/\/galicia.wordcamp.org\/2025\/wp-json\/wp\/v2\/pages\/127","targetHints":{"allow":["GET"]}}],"collection":[{"href":"https:\/\/galicia.wordcamp.org\/2025\/wp-json\/wp\/v2\/pages"}],"about":[{"href":"https:\/\/galicia.wordcamp.org\/2025\/wp-json\/wp\/v2\/types\/page"}],"author":[{"embeddable":true,"href":"https:\/\/galicia.wordcamp.org\/2025\/wp-json\/wp\/v2\/users\/17330482"}],"replies":[{"embeddable":true,"href":"https:\/\/galicia.wordcamp.org\/2025\/wp-json\/wp\/v2\/comments?post=127"}],"version-history":[{"count":9,"href":"https:\/\/galicia.wordcamp.org\/2025\/wp-json\/wp\/v2\/pages\/127\/revisions"}],"predecessor-version":[{"id":9010,"href":"https:\/\/galicia.wordcamp.org\/2025\/wp-json\/wp\/v2\/pages\/127\/revisions\/9010"}],"wp:featuredmedia":[{"embeddable":true,"href":"https:\/\/galicia.wordcamp.org\/2025\/wp-json\/wp\/v2\/media\/2776"}],"wp:attachment":[{"href":"https:\/\/galicia.wordcamp.org\/2025\/wp-json\/wp\/v2\/media?parent=127"}],"curies":[{"name":"wp","href":"https:\/\/api.w.org\/{rel}","templated":true}]}}