{"id":122,"date":"2024-01-23T21:07:54","date_gmt":"2024-01-23T20:07:54","guid":{"rendered":"https:\/\/pontevedra.wordcamp.org\/2024\/schedule\/"},"modified":"2025-08-08T14:02:48","modified_gmt":"2025-08-08T12:02:48","slug":"programa","status":"publish","type":"page","link":"https:\/\/galicia.wordcamp.org\/2025\/programa\/","title":{"rendered":"Programa"},"content":{"rendered":"\n<div class=\"wp-block-group has-global-padding is-layout-constrained wp-block-group-is-layout-constrained\" style=\"padding-top:48px;padding-bottom:48px\">\n<p class=\"has-text-align-center wp-block-paragraph\">O programa da WordCamp Galicia informa dos horarios das diferentes actividades a realizar os d\u00edas:<\/p>\n\n\n\n<div class=\"wp-block-columns is-layout-flex wp-container-core-columns-is-layout-77c5b036 wp-block-columns-is-layout-flex\" style=\"padding-top:24px;padding-bottom:24px\">\n<div class=\"wp-block-column is-layout-flow wp-block-column-is-layout-flow\">\n<figure class=\"wp-block-image aligncenter size-full is-resized\"><a href=\"#venres\"><img loading=\"lazy\" decoding=\"async\" width=\"160\" height=\"160\" src=\"https:\/\/galicia.wordcamp.org\/2025\/files\/2025\/06\/3venres.png\" alt=\"\" class=\"wp-image-9376\" style=\"object-fit:cover;width:128px;height:128px\" srcset=\"https:\/\/galicia.wordcamp.org\/2025\/files\/2025\/06\/3venres.png 160w, https:\/\/galicia.wordcamp.org\/2025\/files\/2025\/06\/3venres-150x150.png 150w\" sizes=\"auto, (max-width: 160px) 100vw, 160px\" \/><\/a><\/figure>\n\n\n\n<p class=\"has-text-align-center wp-block-paragraph\"><strong>Taller<\/strong> de iniciaci\u00f3n a WordPress e<strong> do_action<\/strong> hackathon<\/p>\n<\/div>\n\n\n\n<div class=\"wp-block-column is-layout-flow wp-block-column-is-layout-flow\">\n<figure class=\"wp-block-image aligncenter size-full is-resized\"><a href=\"#sabado\"><img loading=\"lazy\" decoding=\"async\" width=\"160\" height=\"160\" src=\"https:\/\/galicia.wordcamp.org\/2025\/files\/2025\/05\/4sabado-outubro.png\" alt=\"\" class=\"wp-image-7854\" style=\"object-fit:cover;width:128px;height:128px\" srcset=\"https:\/\/galicia.wordcamp.org\/2025\/files\/2025\/05\/4sabado-outubro.png 160w, https:\/\/galicia.wordcamp.org\/2025\/files\/2025\/05\/4sabado-outubro-150x150.png 150w\" sizes=\"auto, (max-width: 160px) 100vw, 160px\" \/><\/a><\/figure>\n\n\n\n<p class=\"has-text-align-center wp-block-paragraph\"><strong>Conferencias<\/strong> sobre aprende con WordPress<\/p>\n<\/div>\n\n\n\n<div class=\"wp-block-column is-layout-flow wp-block-column-is-layout-flow\">\n<figure class=\"wp-block-image aligncenter size-full is-resized\"><a href=\"#domingo\"><img loading=\"lazy\" decoding=\"async\" width=\"160\" height=\"160\" src=\"https:\/\/galicia.wordcamp.org\/2025\/files\/2025\/05\/5domingo-outubro.png\" alt=\"\" class=\"wp-image-7852\" style=\"object-fit:cover;width:128px;height:128px\" srcset=\"https:\/\/galicia.wordcamp.org\/2025\/files\/2025\/05\/5domingo-outubro.png 160w, https:\/\/galicia.wordcamp.org\/2025\/files\/2025\/05\/5domingo-outubro-150x150.png 150w\" sizes=\"auto, (max-width: 160px) 100vw, 160px\" \/><\/a><\/figure>\n\n\n\n<p class=\"has-text-align-center wp-block-paragraph\"><strong>D\u00eda da comunidade<\/strong> con mesas de traballo colaborativo<\/p>\n<\/div>\n<\/div>\n\n\n\n<p class=\"has-text-align-center wp-block-paragraph\">As sesi\u00f3ns son seleccionadas entre as propostas que usuarios e profesionais de WordPress presentan co \u00fanico fin de compartir a s\u00faa experiencia e co\u00f1ecementos, sen cobrar nada a cambio.<\/p>\n\n\n\n<div style=\"height:100px\" aria-hidden=\"true\" id=\"venres\" class=\"wp-block-spacer\"><\/div>\n\n\n\n<div\n\tclass=\"wp-block-wordcamp-schedule alignwide is-loading\"\n\t\tdata-attributes=\"{&quot;__isStylesPreview&quot;:false,&quot;align&quot;:&quot;wide&quot;,&quot;chooseSpecificDays&quot;:true,&quot;chosenDays&quot;:[&quot;2025-10-03&quot;],&quot;chooseSpecificTracks&quot;:true,&quot;chosenTrackIds&quot;:[43,41],&quot;showCategories&quot;:true,&quot;useClientTimezone&quot;:false,&quot;metadata&quot;:{&quot;name&quot;:&quot;Horario viernes GL&quot;}}\"\n>\n\tCargando&#8230;<\/div>\n\n\n\t<div class=\"email-form fav-session-email-form-hide\">\n\t\t<!-- Tab links -->\n\t\t<div class=\"fav-session-share-tab\">\n\t\t\t\t\t\t\t<div class=\"fav-session-tablinks\" id=\"fav-session-btn-email\">\n\t\t\t\t\tEmail\t\t\t\t<\/div>\n\t\t\t\n\t\t\t<div class=\"fav-session-tablinks\" id=\"fav-session-btn-link\">\n\t\t\t\tLigaz\u00f3n\t\t\t<\/div>\n\n\t\t\t<div class=\"fav-session-tablinks\" id=\"fav-session-btn-print\">\n\t\t\t\tImprimir\t\t\t<\/div>\n\t\t<\/div>\n\n\t\t<!-- Tab content -->\n\t\t\t\t\t<div id=\"fav-session-tab-email\" class=\"fav-session-share-tabcontent\">\n\t\t\t\t<div id=\"fav-session-email-form\">\n\t\t\t\t\tEnviarme as mi\u00f1as sesi\u00f3ns favoritas:\n\t\t\t\t\t<form id=\"fav-sessions-form\">\n\t\t\t\t\t\t<input\n\t\t\t\t\t\t\ttype=\"text\"\n\t\t\t\t\t\t\tname=\"email_address\"\n\t\t\t\t\t\t\tid=\"fav-sessions-email-address\"\n\t\t\t\t\t\t\tplaceholder=\"me@protonmail.com\"\n\t\t\t\t\t\t\/>\n\t\t\t\t\t\t<input type=\"submit\" value=\"Enviar\" \/>\n\t\t\t\t\t<\/form>\n\t\t\t\t<\/div>\n\n\t\t\t\t<div class=\"fav-session-email-wait-spinner\"><\/div>\n\t\t\t\t<div class=\"fav-session-email-result\"><\/div>\n\t\t\t<\/div>\n\t\t\n\t\t<div id=\"fav-session-tab-link\" class=\"fav-session-share-tabcontent\">\n\t\t\tLigaz\u00f3n compartible:\t\t\t<br \/>\n\t\t\t<a id=\"fav-sessions-link\" href=\"\"><\/a>\n\t\t<\/div>\n\n\t\t<div id=\"fav-session-tab-print\" class=\"fav-session-share-tabcontent\">\n\t\t\t<button id=\"fav-session-print\">\n\t\t\t\tImprimir sesi\u00f3ns favoritas\t\t\t<\/button>\n\t\t<\/div>\n\t<\/div>\n\n\t<a class=\"show-email-form\" href=\"javascript:\">\n\t\t<span class=\"dashicons dashicons-star-filled\"><\/span>\n\t\t<span class=\"dashicons dashicons-email-alt\"><\/span>\n\t<\/a>\n\n\t\n\n\n<div style=\"height:100px\" aria-hidden=\"true\" id=\"sabado\" class=\"wp-block-spacer\"><\/div>\n\n\n\n<div\n\tclass=\"wp-block-wordcamp-schedule alignwide is-loading\"\n\t\tdata-attributes=\"{&quot;__isStylesPreview&quot;:false,&quot;align&quot;:&quot;wide&quot;,&quot;chooseSpecificDays&quot;:true,&quot;chosenDays&quot;:[&quot;2025-10-04&quot;],&quot;chooseSpecificTracks&quot;:true,&quot;chosenTrackIds&quot;:[43,41],&quot;showCategories&quot;:true,&quot;useClientTimezone&quot;:false,&quot;metadata&quot;:{&quot;name&quot;:&quot;Horario s\\u00e1bado GL&quot;}}\"\n>\n\tCargando&#8230;<\/div>\n\n\n\n\n<div style=\"height:100px\" aria-hidden=\"true\" id=\"domingo\" class=\"wp-block-spacer\"><\/div>\n\n\n\n<div\n\tclass=\"wp-block-wordcamp-schedule alignwide is-loading\"\n\t\tdata-attributes=\"{&quot;__isStylesPreview&quot;:false,&quot;align&quot;:&quot;wide&quot;,&quot;chooseSpecificDays&quot;:true,&quot;chosenDays&quot;:[&quot;2025-10-05&quot;],&quot;chooseSpecificTracks&quot;:true,&quot;chosenTrackIds&quot;:[43,41],&quot;showCategories&quot;:true,&quot;useClientTimezone&quot;:false,&quot;metadata&quot;:{&quot;name&quot;:&quot;Horario domingo GL&quot;}}\"\n>\n\tCargando&#8230;<\/div>\n\n<\/div>\n\n\n\n<div class=\"wp-block-group alignfull has-accent-4-background-color has-background has-global-padding is-layout-constrained wp-container-core-group-is-layout-6402915b wp-block-group-is-layout-constrained\" style=\"margin-top:0px;margin-bottom:0px;padding-top:64px;padding-bottom:64px\">\n<h2 class=\"wp-block-heading has-text-align-center has-base-color has-text-color has-x-large-font-size\" style=\"line-height:1.2\">Subscr\u00edbete \u00f3 noso blog<\/h2>\n\n\n\n<div class=\"wp-block-group has-global-padding is-layout-constrained wp-container-core-group-is-layout-eceafd14 wp-block-group-is-layout-constrained\" style=\"padding-right:2%;padding-left:2%\">\n<p class=\"has-text-align-center has-base-2-color has-text-color has-link-color has-medium-font-size wp-elements-b73c1ccd08319c18ab2bf6612c341e67 wp-block-paragraph\">Inscr\u00edbete na lista de prioridades e avisar\u00e9mosche a medida que se achegue o evento, con aviso previo, actualizaci\u00f3ns do blog, pr\u00f3ximas actividades e todo o demais que precises saber.<\/p>\n<\/div>\n\n\n<div class=\"wp-block-jetpack-subscriptions__supports-newline suscripciones is-style-split wp-block-jetpack-subscriptions\">\n\t\t<div>\n\t\t\t<div>\n\t\t\t\t<div>\n\t\t\t\t\t<p style=\"width: 25%;max-width: 100%;\">\n\t\t\t\t\t\t<a href=\"https:\/\/galicia.wordcamp.org\/2025\/?post_type=page&#038;p=122\" style=\"width: calc(100% - 10px);font-size: 22px;padding: 8px 12px 8px 12px;margin: 0; margin-left: 10px;border-color: base;border-radius: 0px;border-width: 0px; text-decoration: none; white-space: nowrap; margin-left: 0\"><strong>Subscr\u00edbete<\/strong><\/a>\n\t\t\t\t\t<\/p>\n\t\t\t\t<\/div>\n\t\t\t<\/div>\n\t\t<\/div>\n\t<\/div><\/div>\n","protected":false},"excerpt":{"rendered":"<p>Horarios e actividades da WordCamp Pontevedra 2024<\/p>\n","protected":false},"author":18742608,"featured_media":0,"parent":0,"menu_order":0,"comment_status":"closed","ping_status":"closed","template":"page-gl","meta":{"_crdt_document":"","jetpack_post_was_ever_published":false,"footnotes":""},"class_list":["post-122","page","type-page","status-publish","hentry"],"jetpack_sharing_enabled":true,"_links":{"self":[{"href":"https:\/\/galicia.wordcamp.org\/2025\/wp-json\/wp\/v2\/pages\/122","targetHints":{"allow":["GET"]}}],"collection":[{"href":"https:\/\/galicia.wordcamp.org\/2025\/wp-json\/wp\/v2\/pages"}],"about":[{"href":"https:\/\/galicia.wordcamp.org\/2025\/wp-json\/wp\/v2\/types\/page"}],"author":[{"embeddable":true,"href":"https:\/\/galicia.wordcamp.org\/2025\/wp-json\/wp\/v2\/users\/18742608"}],"replies":[{"embeddable":true,"href":"https:\/\/galicia.wordcamp.org\/2025\/wp-json\/wp\/v2\/comments?post=122"}],"version-history":[{"count":15,"href":"https:\/\/galicia.wordcamp.org\/2025\/wp-json\/wp\/v2\/pages\/122\/revisions"}],"predecessor-version":[{"id":10448,"href":"https:\/\/galicia.wordcamp.org\/2025\/wp-json\/wp\/v2\/pages\/122\/revisions\/10448"}],"wp:attachment":[{"href":"https:\/\/galicia.wordcamp.org\/2025\/wp-json\/wp\/v2\/media?parent=122"}],"curies":[{"name":"wp","href":"https:\/\/api.w.org\/{rel}","templated":true}]}}