{"id":780,"date":"2021-06-26T13:57:14","date_gmt":"2021-06-26T11:57:14","guid":{"rendered":"https:\/\/galicia.wordcamp.org\/2021\/?page_id=780"},"modified":"2021-10-01T11:26:02","modified_gmt":"2021-10-01T09:26:02","slug":"wordcamp-galicia-online","status":"publish","type":"page","link":"https:\/\/galicia.wordcamp.org\/2021\/","title":{"rendered":"WordCamp Galicia Online &#8211; P\u00e1xina de inicio"},"content":{"rendered":"\n<div class=\"wp-block-columns home-seccion-1 is-layout-flex wp-container-core-columns-is-layout-8f761849 wp-block-columns-is-layout-flex\">\n<div class=\"wp-block-column is-layout-flow wp-block-column-is-layout-flow\">\n<div class=\"wp-block-columns is-layout-flex wp-container-core-columns-is-layout-8f761849 wp-block-columns-is-layout-flex\">\n<div class=\"wp-block-column is-layout-flow wp-block-column-is-layout-flow\">\n<h2 class=\"wp-block-heading\">WordCamp Galicia DACHE A BENVIDA<\/h2>\n\n\n\n<h2 class=\"espanol wp-block-heading\">WordCamp Galicia TE DA LA BIENVENIDA<\/h2>\n\n\n\n<p class=\"wp-block-paragraph\">As comunidades de WordPress en Galicia d\u00e1mosche a benvida \u00e1 primera WordCamp rexional. Sexa cal sexa o teu perfil tes un espazo connosco, non importa se es un desenvolvedor, un creador de contido ou un novo usuario.<br>Queremos co\u00f1ecerte! Queremos que nos co\u00f1ezas!<\/p>\n\n\n\n<p class=\"espanol wp-block-paragraph\">Las comunidades de WordPress en Galicia te damos la bienvenida a la primera WordCamp regional. Sea cual sea tu perfil tienes un espacio con nosotros, no importa si eres un desarrollador, un creador de contenido o un usuario nuevo.<br>\u00a1Queremos conocerte! \u00a1Queremos que nos conozcas!<\/p>\n<\/div>\n\n\n\n<div class=\"wp-block-column is-layout-flow wp-block-column-is-layout-flow\">\n<figure class=\"wp-block-embed is-type-video is-provider-youtube wp-block-embed-youtube wp-embed-aspect-16-9 wp-has-aspect-ratio\"><div class=\"wp-block-embed__wrapper\">\n<span class=\"embed-youtube\" style=\"text-align:center; display: block;\"><iframe loading=\"lazy\" class=\"youtube-player\" width=\"640\" height=\"360\" src=\"https:\/\/www.youtube.com\/embed\/-ebQT9wbcSQ?version=3&#038;rel=1&#038;showsearch=0&#038;showinfo=1&#038;iv_load_policy=1&#038;fs=1&#038;hl=gl-ES&#038;autohide=2&#038;wmode=transparent\" allowfullscreen=\"true\" style=\"border:0;\" sandbox=\"allow-scripts allow-same-origin allow-popups allow-presentation allow-popups-to-escape-sandbox\"><\/iframe><\/span>\n<\/div><\/figure>\n<\/div>\n<\/div>\n<\/div>\n<\/div>\n\n\n\n<div class=\"wp-block-columns home-seccion-2 is-layout-flex wp-container-core-columns-is-layout-8f761849 wp-block-columns-is-layout-flex\">\n<div class=\"wp-block-column seccion-interior is-layout-flow wp-block-column-is-layout-flow\">\n<h2 class=\"has-text-align-center wp-block-heading\">\u00daLTIMAS NOVAS<\/h2>\n\n\n\n<h2 class=\"has-text-align-center espanol wp-block-heading\">\u00daLTIMAS NOTICIAS<\/h2>\n\n\n<ul class=\"wp-block-latest-posts__list is-grid columns-3 has-dates wp-block-latest-posts\"><li><div class=\"wp-block-latest-posts__featured-image aligncenter\"><a href=\"https:\/\/galicia.wordcamp.org\/2021\/meetup-wordpress-ferrolterra\/\" aria-label=\"Meetup WordPress Ferrolterra\"><img loading=\"lazy\" decoding=\"async\" width=\"300\" height=\"200\" src=\"https:\/\/galicia.wordcamp.org\/2021\/files\/2021\/10\/meetup-wordpress-ferrolterra-300x200.jpg\" class=\"attachment-medium size-medium wp-post-image\" alt=\"Meetup de WordPress Ferrolterra\" style=\"\" srcset=\"https:\/\/galicia.wordcamp.org\/2021\/files\/2021\/10\/meetup-wordpress-ferrolterra-300x200.jpg 300w, https:\/\/galicia.wordcamp.org\/2021\/files\/2021\/10\/meetup-wordpress-ferrolterra-1024x683.jpg 1024w, https:\/\/galicia.wordcamp.org\/2021\/files\/2021\/10\/meetup-wordpress-ferrolterra-768x512.jpg 768w, https:\/\/galicia.wordcamp.org\/2021\/files\/2021\/10\/meetup-wordpress-ferrolterra-450x300.jpg 450w, https:\/\/galicia.wordcamp.org\/2021\/files\/2021\/10\/meetup-wordpress-ferrolterra.jpg 1280w\" sizes=\"auto, (max-width: 300px) 100vw, 300px\" \/><\/a><\/div><a class=\"wp-block-latest-posts__post-title\" href=\"https:\/\/galicia.wordcamp.org\/2021\/meetup-wordpress-ferrolterra\/\">Meetup WordPress Ferrolterra<\/a><time datetime=\"2021-10-07T14:30:03+02:00\" class=\"wp-block-latest-posts__post-date\">07\/10\/2021<\/time><div class=\"wp-block-latest-posts__post-excerpt\">A primeira Meetup de WordPress Ferrrol tivo lugar o 7 de febreiro de 2020. Este pequeno evento reuniu a case 75 persoas e foi un gran \u00e9xito na &hellip; <a href=\"https:\/\/galicia.wordcamp.org\/2021\/meetup-wordpress-ferrolterra\/\" class=\"more-link\">Segue lendo<span class=\"screen-reader-text\"> \u00abMeetup WordPress Ferrolterra\u00bb<\/span><\/a><\/div><\/li>\n<li><div class=\"wp-block-latest-posts__featured-image aligncenter\"><a href=\"https:\/\/galicia.wordcamp.org\/2021\/meetup-wordpress-lugo\/\" aria-label=\"Meetup WordPress Lugo\"><img loading=\"lazy\" decoding=\"async\" width=\"300\" height=\"200\" src=\"https:\/\/galicia.wordcamp.org\/2021\/files\/2021\/10\/meetup-wordpress-lugo-300x200.jpg\" class=\"attachment-medium size-medium wp-post-image\" alt=\"Meetup de WordPress Lugo\" style=\"\" srcset=\"https:\/\/galicia.wordcamp.org\/2021\/files\/2021\/10\/meetup-wordpress-lugo-300x200.jpg 300w, https:\/\/galicia.wordcamp.org\/2021\/files\/2021\/10\/meetup-wordpress-lugo-1024x683.jpg 1024w, https:\/\/galicia.wordcamp.org\/2021\/files\/2021\/10\/meetup-wordpress-lugo-768x512.jpg 768w, https:\/\/galicia.wordcamp.org\/2021\/files\/2021\/10\/meetup-wordpress-lugo-450x300.jpg 450w, https:\/\/galicia.wordcamp.org\/2021\/files\/2021\/10\/meetup-wordpress-lugo.jpg 1280w\" sizes=\"auto, (max-width: 300px) 100vw, 300px\" \/><\/a><\/div><a class=\"wp-block-latest-posts__post-title\" href=\"https:\/\/galicia.wordcamp.org\/2021\/meetup-wordpress-lugo\/\">Meetup WordPress Lugo<\/a><time datetime=\"2021-10-05T11:30:00+02:00\" class=\"wp-block-latest-posts__post-date\">05\/10\/2021<\/time><div class=\"wp-block-latest-posts__post-excerpt\">A primeira Meetup de WordPress en Galicia realizouse o d\u00eda 18 de novembro do 2016, en Pontevedra e foi o xerme de todas as Meetups de WordPress de &hellip; <a href=\"https:\/\/galicia.wordcamp.org\/2021\/meetup-wordpress-lugo\/\" class=\"more-link\">Segue lendo<span class=\"screen-reader-text\"> \u00abMeetup WordPress Lugo\u00bb<\/span><\/a><\/div><\/li>\n<li><div class=\"wp-block-latest-posts__featured-image aligncenter\"><a href=\"https:\/\/galicia.wordcamp.org\/2021\/o-dia-do-contribuidor\/\" aria-label=\"O d\u00eda do contribuidor\"><img loading=\"lazy\" decoding=\"async\" width=\"300\" height=\"200\" src=\"https:\/\/galicia.wordcamp.org\/2021\/files\/2021\/09\/dia-del-contribuidor-jose-gadea-300x200.jpg\" class=\"attachment-medium size-medium wp-post-image\" alt=\"Mesa de trabajo en WordCamp Pontevedra\" style=\"\" srcset=\"https:\/\/galicia.wordcamp.org\/2021\/files\/2021\/09\/dia-del-contribuidor-jose-gadea-300x200.jpg 300w, https:\/\/galicia.wordcamp.org\/2021\/files\/2021\/09\/dia-del-contribuidor-jose-gadea-768x512.jpg 768w, https:\/\/galicia.wordcamp.org\/2021\/files\/2021\/09\/dia-del-contribuidor-jose-gadea-450x300.jpg 450w, https:\/\/galicia.wordcamp.org\/2021\/files\/2021\/09\/dia-del-contribuidor-jose-gadea.jpg 799w\" sizes=\"auto, (max-width: 300px) 100vw, 300px\" \/><\/a><\/div><a class=\"wp-block-latest-posts__post-title\" href=\"https:\/\/galicia.wordcamp.org\/2021\/o-dia-do-contribuidor\/\">O d\u00eda do contribuidor<\/a><time datetime=\"2021-09-27T19:07:50+02:00\" class=\"wp-block-latest-posts__post-date\">27\/09\/2021<\/time><div class=\"wp-block-latest-posts__post-excerpt\">O d\u00eda 2 de outubro, entre as 10:00 e as 13:30 horas \u00e9 o \u00abD\u00eda do contribuidor\u00bb, no que vas poder achegar o teu gran de area \u00e1 comunidade WordPress.\n<span class=\"extracto-esp\">El d\u00eda 2 de octubre, entre las 10:00 y las 13:30 horas es el \u00abD\u00eda del Colaborador\u00bb, en el que vas a poder aportar tu granito de arena a la comunidad WordPress.<\/span><\/div><\/li>\n<\/ul>\n\n\n<div class=\"wp-block-buttons is-content-justification-center is-layout-flex wp-block-buttons-is-layout-flex\">\n<div class=\"wp-block-button btn-novas\"><a class=\"wp-block-button__link\" href=\"https:\/\/galicia.wordcamp.org\/2021\/novas\/\">TODAS AS NOVAS<\/a><\/div>\n<\/div>\n<\/div>\n<\/div>\n\n\n\n<div class=\"wp-block-columns home-seccion-2 home-seccion-3 is-layout-flex wp-container-core-columns-is-layout-8f761849 wp-block-columns-is-layout-flex\">\n<div class=\"wp-block-column seccion-interior is-layout-flow wp-block-column-is-layout-flow\">\n<h2 class=\"has-text-align-center wp-block-heading\">AS N\u00c9CORAS<\/h2>\n\n\n\n<h2 class=\"has-text-align-center espanol wp-block-heading\">LAS N\u00c9CORAS<\/h2>\n\n\n\n<p class=\"has-text-align-center wp-block-paragraph\"><strong>Por que dicimos que os galegos somos n\u00e9coras?<\/strong><br><strong>Ser un n\u00e9cora \u00e9\u2026<\/strong><br>ser teimudo e duro de cachola<br>unha denominaci\u00f3n de orixe galega, arrevesado e testal\u00e1n<br>unha personalidade e \u00e9 a nosa, cabezudos e teimudos #somosnecoras<\/p>\n\n\n\n<p class=\"has-text-align-center espanol wp-block-paragraph\"><strong>\u00bfPor qu\u00e9 decimos los gallegos somos n\u00e9coras?<\/strong><br><strong>Ser una n\u00e9cora es\u2026<\/strong><br>ser testarudo y duro de cabeza<br>una denominaci\u00f3n de origen gallega, atravesado y testarudo<br>una personalidad y es la nuestra, cabezones y tenaces #somosnecoras<\/p>\n\n\n\n<div style=\"height:40px\" aria-hidden=\"true\" class=\"wp-block-spacer\"><\/div>\n\n\n\n<div class=\"wp-block-columns is-layout-flex wp-container-core-columns-is-layout-8f761849 wp-block-columns-is-layout-flex\">\n<div class=\"wp-block-column is-layout-flow wp-block-column-is-layout-flow\">\n<div class=\"wp-block-image\"><figure class=\"aligncenter size-large is-resized\"><a href=\"https:\/\/galicia.wordcamp.org\/2021\/relatores\/\"><img decoding=\"async\" src=\"https:\/\/galicia.wordcamp.org\/2021\/files\/2021\/06\/icono-ponentes.png\" alt=\"\" class=\"wp-image-790\" width=\"200\" srcset=\"https:\/\/galicia.wordcamp.org\/2021\/files\/2021\/06\/icono-ponentes.png 800w, https:\/\/galicia.wordcamp.org\/2021\/files\/2021\/06\/icono-ponentes-300x210.png 300w, https:\/\/galicia.wordcamp.org\/2021\/files\/2021\/06\/icono-ponentes-768x537.png 768w, https:\/\/galicia.wordcamp.org\/2021\/files\/2021\/06\/icono-ponentes-429x300.png 429w\" sizes=\"(max-width: 800px) 100vw, 800px\" \/><\/a><\/figure><\/div>\n\n\n\n<h3 class=\"has-text-align-center titulartriangulo wp-block-heading\"><a href=\"https:\/\/galicia.wordcamp.org\/2021\/relatores\/\" data-type=\"post\">RELATORES<\/a><\/h3>\n\n\n\n<h3 class=\"has-text-align-center espanol titulartriangulo wp-block-heading\"><a href=\"https:\/\/galicia.wordcamp.org\/2021\/relatores\/\" data-type=\"post\">PONENTES<\/a><\/h3>\n<\/div>\n\n\n\n<div class=\"wp-block-column is-layout-flow wp-block-column-is-layout-flow\">\n<div class=\"wp-block-image\"><figure class=\"aligncenter size-large is-resized\"><a href=\"https:\/\/galicia.wordcamp.org\/2021\/chamada-a-patrocinadores\/\"><img decoding=\"async\" src=\"https:\/\/galicia.wordcamp.org\/2021\/files\/2021\/06\/icono-patrocinadores.png\" alt=\"\" class=\"wp-image-791\" width=\"200\" srcset=\"https:\/\/galicia.wordcamp.org\/2021\/files\/2021\/06\/icono-patrocinadores.png 800w, https:\/\/galicia.wordcamp.org\/2021\/files\/2021\/06\/icono-patrocinadores-300x210.png 300w, https:\/\/galicia.wordcamp.org\/2021\/files\/2021\/06\/icono-patrocinadores-768x537.png 768w, https:\/\/galicia.wordcamp.org\/2021\/files\/2021\/06\/icono-patrocinadores-429x300.png 429w\" sizes=\"(max-width: 800px) 100vw, 800px\" \/><\/a><\/figure><\/div>\n\n\n\n<h3 class=\"has-text-align-center titulartriangulo wp-block-heading\"><a href=\"https:\/\/galicia.wordcamp.org\/2021\/patrocinadores\/\">PATROCINADORES<\/a><\/h3>\n<\/div>\n<\/div>\n<\/div>\n<\/div>\n\n\n\n<div class=\"wp-block-columns home-seccion-2 oculto is-layout-flex wp-container-core-columns-is-layout-8f761849 wp-block-columns-is-layout-flex\">\n<div class=\"wp-block-column seccion-interior is-layout-flow wp-block-column-is-layout-flow\">\n<h2 class=\"has-text-align-center wp-block-heading\">PATROCINADORES<\/h2>\n\n\n\n<h2 class=\"has-text-align-center espanol wp-block-heading\">PATROCINADORES<\/h2>\n\n\n\n<div style=\"height:40px\" aria-hidden=\"true\" class=\"wp-block-spacer\"><\/div>\n\n\n<\/div>\n<\/div>\n","protected":false},"excerpt":{"rendered":"<p>WordCamp Galicia DACHE A BENVIDA WordCamp Galicia TE DA LA BIENVENIDA As comunidades de WordPress en Galicia d\u00e1mosche a benvida \u00e1 primera WordCamp rexional. Sexa cal sexa o teu perfil tes un espazo connosco, non importa se es un desenvolvedor, un creador de contido ou un novo usuario.Queremos co\u00f1ecerte! Queremos que nos co\u00f1ezas! Las comunidades &hellip; <a href=\"https:\/\/galicia.wordcamp.org\/2021\/\" class=\"more-link\">Segue lendo<span class=\"screen-reader-text\"> \u00abWordCamp Galicia Online &#8211; P\u00e1xina de inicio\u00bb<\/span><\/a><\/p>\n","protected":false},"author":16799049,"featured_media":0,"parent":0,"menu_order":0,"comment_status":"closed","ping_status":"closed","template":"","meta":{"_crdt_document":"","footnotes":""},"class_list":["post-780","page","type-page","status-publish","hentry"],"jetpack_sharing_enabled":true,"_links":{"self":[{"href":"https:\/\/galicia.wordcamp.org\/2021\/wp-json\/wp\/v2\/pages\/780","targetHints":{"allow":["GET"]}}],"collection":[{"href":"https:\/\/galicia.wordcamp.org\/2021\/wp-json\/wp\/v2\/pages"}],"about":[{"href":"https:\/\/galicia.wordcamp.org\/2021\/wp-json\/wp\/v2\/types\/page"}],"author":[{"embeddable":true,"href":"https:\/\/galicia.wordcamp.org\/2021\/wp-json\/wp\/v2\/users\/16799049"}],"replies":[{"embeddable":true,"href":"https:\/\/galicia.wordcamp.org\/2021\/wp-json\/wp\/v2\/comments?post=780"}],"version-history":[{"count":33,"href":"https:\/\/galicia.wordcamp.org\/2021\/wp-json\/wp\/v2\/pages\/780\/revisions"}],"predecessor-version":[{"id":4185,"href":"https:\/\/galicia.wordcamp.org\/2021\/wp-json\/wp\/v2\/pages\/780\/revisions\/4185"}],"wp:attachment":[{"href":"https:\/\/galicia.wordcamp.org\/2021\/wp-json\/wp\/v2\/media?parent=780"}],"curies":[{"name":"wp","href":"https:\/\/api.w.org\/{rel}","templated":true}]}}