{"id":4045,"date":"2021-09-29T14:36:15","date_gmt":"2021-09-29T12:36:15","guid":{"rendered":"https:\/\/galicia.wordcamp.org\/2021\/?page_id=4045"},"modified":"2021-10-01T21:30:11","modified_gmt":"2021-10-01T19:30:11","slug":"emision-directo","status":"publish","type":"page","link":"https:\/\/galicia.wordcamp.org\/2021\/emision-directo\/","title":{"rendered":"SALA EMISION"},"content":{"rendered":"\n<p class=\"has-text-align-center\">D\u00e1mosche a benvida a  <strong>WordCamp Galicia 2021<\/strong>, evento online e 100% gratuito.<\/p>\n\n\n\n<p class=\"has-text-align-center espanol\">Te damos la bienvenida a la  <strong>WordCamp Galicia 2021<\/strong>, evento online y 100% gratuito.<\/p>\n\n\n\n<h2 class=\"has-text-align-center wp-block-heading\">Emisi\u00f3n do Venres  1 de Octubre<\/h2>\n\n\n\n<h2 class=\"has-text-align-center espanol wp-block-heading\">Emisi\u00f3n del Viernes 1 de Octubre<\/h2>\n\n\n\n<div class=\"wp-block-columns is-layout-flex wp-container-core-columns-is-layout-9d6595d7 wp-block-columns-is-layout-flex\">\n<div class=\"wp-block-column is-layout-flow wp-block-column-is-layout-flow\" style=\"flex-basis:100%\">\n<figure class=\"wp-block-embed is-type-video is-provider-youtube wp-block-embed-youtube wp-embed-aspect-16-9 wp-has-aspect-ratio\"><div class=\"wp-block-embed__wrapper\">\n<span class=\"embed-youtube\" style=\"text-align:center; display: block;\"><iframe loading=\"lazy\" class=\"youtube-player\" width=\"640\" height=\"360\" src=\"https:\/\/www.youtube.com\/embed\/s1PYoslmRSc?version=3&#038;rel=1&#038;showsearch=0&#038;showinfo=1&#038;iv_load_policy=1&#038;fs=1&#038;hl=gl-ES&#038;autohide=2&#038;wmode=transparent\" allowfullscreen=\"true\" style=\"border:0;\" sandbox=\"allow-scripts allow-same-origin allow-popups allow-presentation allow-popups-to-escape-sandbox\"><\/iframe><\/span>\n<\/div><\/figure>\n<\/div>\n<\/div>\n\n\n\n<div class=\"wp-block-buttons is-content-justification-center is-layout-flex wp-block-buttons-is-layout-flex\">\n<div class=\"wp-block-button\"><a class=\"wp-block-button__link has-background\" href=\"https:\/\/www.youtube.com\/watch?v=s1PYoslmRSc\" style=\"background-color:#df2323\" target=\"_blank\" rel=\"noreferrer noopener\">Ver en YouTube<\/a><\/div>\n\n\n\n<div class=\"wp-block-button is-style-outline is-style-outline--1\"><a class=\"wp-block-button__link\" href=\"https:\/\/galicia.wordcamp.org\/2021\/programa\/\">Ver programa<\/a><\/div>\n<\/div>\n\n\n\n<div style=\"height:25px\" aria-hidden=\"true\" class=\"wp-block-spacer\"><\/div>\n\n\n\n<hr class=\"wp-block-separator\" \/>\n\n\n\n<div style=\"height:25px\" aria-hidden=\"true\" class=\"wp-block-spacer\"><\/div>\n\n\n\n<h2 class=\"has-text-align-center wp-block-heading\">Emisi\u00f3n do Xoves 30 de Setembro<\/h2>\n\n\n\n<h2 class=\"has-text-align-center espanol wp-block-heading\">Emisi\u00f3n del Jueves 30 de Septiembre<\/h2>\n\n\n\n<div class=\"wp-block-columns is-layout-flex wp-container-core-columns-is-layout-9d6595d7 wp-block-columns-is-layout-flex\">\n<div class=\"wp-block-column is-vertically-aligned-top is-layout-flow wp-block-column-is-layout-flow\">\n<figure class=\"wp-block-embed is-type-video is-provider-youtube wp-block-embed-youtube emision-video wp-embed-aspect-16-9 wp-has-aspect-ratio\"><div class=\"wp-block-embed__wrapper\">\n<span class=\"embed-youtube\" style=\"text-align:center; display: block;\"><iframe loading=\"lazy\" class=\"youtube-player\" width=\"640\" height=\"360\" src=\"https:\/\/www.youtube.com\/embed\/MyECFuJ7Lic?version=3&#038;rel=1&#038;showsearch=0&#038;showinfo=1&#038;iv_load_policy=1&#038;fs=1&#038;hl=gl-ES&#038;autohide=2&#038;wmode=transparent\" allowfullscreen=\"true\" style=\"border:0;\" sandbox=\"allow-scripts allow-same-origin allow-popups allow-presentation allow-popups-to-escape-sandbox\"><\/iframe><\/span>\n<\/div><\/figure>\n<\/div>\n<\/div>\n\n\n\n<div class=\"wp-block-buttons is-content-justification-center is-layout-flex wp-block-buttons-is-layout-flex\">\n<div class=\"wp-block-button\"><a class=\"wp-block-button__link has-background\" href=\"https:\/\/www.youtube.com\/watch?v=MyECFuJ7Lic\" style=\"background-color:#df2323\" target=\"_blank\" rel=\"noreferrer noopener\">Ver en YouTube<\/a><\/div>\n\n\n\n<div class=\"wp-block-button is-style-outline is-style-outline--2\"><a class=\"wp-block-button__link\" href=\"https:\/\/galicia.wordcamp.org\/2021\/programa\/\">Ver programa<\/a><\/div>\n<\/div>\n","protected":false},"excerpt":{"rendered":"<p>D\u00e1mosche a benvida a WordCamp Galicia 2021, evento online e 100% gratuito. Te damos la bienvenida a la WordCamp Galicia 2021, evento online y 100% gratuito. Emisi\u00f3n do Venres 1 de Octubre Emisi\u00f3n del Viernes 1 de Octubre Emisi\u00f3n do Xoves 30 de Setembro Emisi\u00f3n del Jueves 30 de Septiembre<\/p>\n","protected":false},"author":15689130,"featured_media":0,"parent":0,"menu_order":0,"comment_status":"closed","ping_status":"closed","template":"","meta":{"jetpack_post_was_ever_published":false,"footnotes":""},"class_list":["post-4045","page","type-page","status-publish","hentry"],"jetpack_sharing_enabled":true,"_links":{"self":[{"href":"https:\/\/galicia.wordcamp.org\/2021\/wp-json\/wp\/v2\/pages\/4045","targetHints":{"allow":["GET"]}}],"collection":[{"href":"https:\/\/galicia.wordcamp.org\/2021\/wp-json\/wp\/v2\/pages"}],"about":[{"href":"https:\/\/galicia.wordcamp.org\/2021\/wp-json\/wp\/v2\/types\/page"}],"author":[{"embeddable":true,"href":"https:\/\/galicia.wordcamp.org\/2021\/wp-json\/wp\/v2\/users\/15689130"}],"replies":[{"embeddable":true,"href":"https:\/\/galicia.wordcamp.org\/2021\/wp-json\/wp\/v2\/comments?post=4045"}],"version-history":[{"count":23,"href":"https:\/\/galicia.wordcamp.org\/2021\/wp-json\/wp\/v2\/pages\/4045\/revisions"}],"predecessor-version":[{"id":4188,"href":"https:\/\/galicia.wordcamp.org\/2021\/wp-json\/wp\/v2\/pages\/4045\/revisions\/4188"}],"wp:attachment":[{"href":"https:\/\/galicia.wordcamp.org\/2021\/wp-json\/wp\/v2\/media?parent=4045"}],"curies":[{"name":"wp","href":"https:\/\/api.w.org\/{rel}","templated":true}]}}