{"id":3271,"date":"2021-08-23T16:27:50","date_gmt":"2021-08-23T14:27:50","guid":{"rendered":"https:\/\/galicia.wordcamp.org\/2021\/?page_id=3271"},"modified":"2021-08-25T09:59:38","modified_gmt":"2021-08-25T07:59:38","slug":"identidade-visual","status":"publish","type":"page","link":"https:\/\/galicia.wordcamp.org\/2021\/identidade-visual\/","title":{"rendered":"IDENTIDADE VISUAL"},"content":{"rendered":"\n<div class=\"wp-block-columns alignwide dos-idiomas is-layout-flex wp-container-core-columns-is-layout-9d6595d7 wp-block-columns-is-layout-flex\">\n<div class=\"wp-block-column is-layout-flow wp-block-column-is-layout-flow\">\n<div class=\"wp-block-buttons is-layout-flex wp-block-buttons-is-layout-flex\">\n<div class=\"wp-block-button solo-movil\"><a class=\"wp-block-button__link\" href=\"#espanol\"><em>Ver en espa\u00f1ol<\/em><\/a><\/div>\n<\/div>\n\n\n\n<p>A identidade visual de WordCamp Galicia est\u00e1 formada por un s\u00edmbolo e texto, o que se chama en dese\u00f1o gr\u00e1fico <strong>Imagotipo<\/strong>.<\/p>\n\n\n\n<p>O s\u00edmbolo representa a forma dunha <strong>n\u00e9cora<\/strong>, que \u00e9 un marisco moi t\u00edpico en Galicia e ademais a palabra \u201cn\u00e9cora\u201d leva un dobre significado, cando lle dicimos a algu\u00e9n \u201ces un n\u00e9cora\u201d estamos a chamarlle cabezudo, e non en sentido despectivo, sen\u00f3n no sentido de que non nos rendemos e pelexamos polo noso.<\/p>\n\n\n\n<p>Outra caracter\u00edstica do s\u00edmbolo \u00e9 que a boca da n\u00e9cora ten a forma dunha <strong>cuncha de vieira<\/strong>, a vieira tam\u00e9n \u00e9 un marisco t\u00edpico de Galicia, pero tam\u00e9n \u00e9 o s\u00edmbolo do Cami\u00f1o de Santiago, unha chiscadela ao ano Xacobeo e un punto de conexi\u00f3n co noso <a href=\"https:\/\/galicia.wordcamp.org\/2021\/presentamos-o-noso-wapuu-peregrino\/\" data-type=\"post\" data-id=\"2154\">Wapuu Peregrino<\/a>.<\/p>\n\n\n\n<p><\/p>\n<\/div>\n\n\n\n<div class=\"wp-block-column columna-espanol is-layout-flow wp-block-column-is-layout-flow\" id=\"espanol\">\n<p>La identidad visual de WordCamp Galicia est\u00e1 formada por un s\u00edmbolo y texto, lo que se llama en dise\u00f1o gr\u00e1fico<strong> Imagotipo<\/strong>.<\/p>\n\n\n\n<p>El s\u00edmbolo representa la forma de una <strong>n\u00e9cora<\/strong>, que es un marisco muy t\u00edpico en Galicia y adem\u00e1s la palabra \u201cn\u00e9cora\u201d lleva un doble significado, cuando le decimos a alguien \u201ceres un n\u00e9cora\u201d le estamos llamando cabezota, y no en sentido despectivo, sino en el sentido de que no nos rendimos y peleamos por lo nuestro.<\/p>\n\n\n\n<p>Otra caracter\u00edstica del s\u00edmbolo es que la boca de la n\u00e9cora tiene la forma de una <strong>concha de vieira<\/strong>, la vieira tambi\u00e9n es un marisco t\u00edpico de Galicia, pero tambi\u00e9n es el s\u00edmbolo del Camino de Santiago, un gui\u00f1o al a\u00f1o Xacobeo y un punto de conexi\u00f3n con nuestro <a href=\"https:\/\/galicia.wordcamp.org\/2021\/presentamos-o-noso-wapuu-peregrino\/\" data-type=\"post\" data-id=\"2154\">Wapuu Peregrino<\/a>.<\/p>\n\n\n\n<p><\/p>\n<\/div>\n<\/div>\n\n\n\n<div style=\"height:50px\" aria-hidden=\"true\" class=\"wp-block-spacer\"><\/div>\n\n\n\n<h3 class=\"has-text-align-left wp-block-heading\">GU\u00cdA DE USO E VERSI\u00d3NS<\/h3>\n\n\n\n<h3 class=\"has-text-align-left espanol wp-block-heading\">GU\u00cdA DE USO Y VERSIONES<\/h3>\n\n\n\n<div class=\"wp-block-image\"><figure class=\"aligncenter size-large\"><img loading=\"lazy\" decoding=\"async\" width=\"724\" height=\"1024\" src=\"https:\/\/galicia.wordcamp.org\/2021\/files\/2021\/08\/versiones-logotipo-WCGalicia-web-724x1024.png\" alt=\"\" class=\"wp-image-3288\" srcset=\"https:\/\/galicia.wordcamp.org\/2021\/files\/2021\/08\/versiones-logotipo-WCGalicia-web-724x1024.png 724w, https:\/\/galicia.wordcamp.org\/2021\/files\/2021\/08\/versiones-logotipo-WCGalicia-web-212x300.png 212w, https:\/\/galicia.wordcamp.org\/2021\/files\/2021\/08\/versiones-logotipo-WCGalicia-web-768x1086.png 768w, https:\/\/galicia.wordcamp.org\/2021\/files\/2021\/08\/versiones-logotipo-WCGalicia-web-1086x1536.png 1086w, https:\/\/galicia.wordcamp.org\/2021\/files\/2021\/08\/versiones-logotipo-WCGalicia-web.png 1240w\" sizes=\"auto, (max-width: 724px) 100vw, 724px\" \/><\/figure><\/div>\n\n\n\n<div class=\"wp-block-buttons is-content-justification-center is-layout-flex wp-block-buttons-is-layout-flex\">\n<div class=\"wp-block-button has-custom-font-size is-style-outline has-normal-font-size is-style-outline--1\"><a class=\"wp-block-button__link\" href=\"https:\/\/galicia.wordcamp.org\/2021\/files\/2021\/08\/versiones-logotipo-WCGalicia.pdf\" target=\"_blank\" rel=\"noreferrer noopener\">Descargar gu\u00eda de uso en PDF<\/a><\/div>\n<\/div>\n\n\n\n<div style=\"height:50px\" aria-hidden=\"true\" class=\"wp-block-spacer\"><\/div>\n\n\n\n<h3 class=\"has-text-align-left wp-block-heading\">CAMISETAS<\/h3>\n\n\n\n<h3 class=\"has-text-align-left espanol wp-block-heading\">CAMISETAS<\/h3>\n\n\n\n<div class=\"wp-block-columns alignwide dos-idiomas is-layout-flex wp-container-core-columns-is-layout-9d6595d7 wp-block-columns-is-layout-flex\">\n<div class=\"wp-block-column is-layout-flow wp-block-column-is-layout-flow\">\n<p>Que ser\u00eda dunha WordCamp sen a s\u00faa camiseta?<\/p>\n\n\n\n<p>Podes descargar o arquivo co dese\u00f1o da camiseta e facela a medida onde ti queiras.<\/p>\n\n\n\n<p><\/p>\n<\/div>\n\n\n\n<div class=\"wp-block-column columna-espanol is-layout-flow wp-block-column-is-layout-flow\" id=\"espanol\">\n<p>\u00bfQu\u00e9 ser\u00eda de una WordCamp sin su camiseta?<\/p>\n\n\n\n<p>Puedes descargar el archivo con el dise\u00f1o de la camiseta y hacerla a medida d\u00f3nde tu quieras.<\/p>\n\n\n\n<p><\/p>\n<\/div>\n<\/div>\n\n\n\n<div class=\"wp-block-image is-style-default\"><figure class=\"aligncenter size-full is-resized\"><img loading=\"lazy\" decoding=\"async\" src=\"https:\/\/galicia.wordcamp.org\/2021\/files\/2021\/08\/camiseta-WCGAL2021-1.jpg\" alt=\"\" class=\"wp-image-3300\" width=\"548\" height=\"548\" srcset=\"https:\/\/galicia.wordcamp.org\/2021\/files\/2021\/08\/camiseta-WCGAL2021-1.jpg 1024w, https:\/\/galicia.wordcamp.org\/2021\/files\/2021\/08\/camiseta-WCGAL2021-1-300x300.jpg 300w, https:\/\/galicia.wordcamp.org\/2021\/files\/2021\/08\/camiseta-WCGAL2021-1-150x150.jpg 150w, https:\/\/galicia.wordcamp.org\/2021\/files\/2021\/08\/camiseta-WCGAL2021-1-768x768.jpg 768w\" sizes=\"auto, (max-width: 548px) 100vw, 548px\" \/><\/figure><\/div>\n\n\n\n<div class=\"wp-block-buttons is-content-justification-center is-layout-flex wp-block-buttons-is-layout-flex\">\n<div class=\"wp-block-button has-custom-font-size is-style-outline has-normal-font-size is-style-outline--2\"><a class=\"wp-block-button__link\" href=\"https:\/\/galicia.wordcamp.org\/2021\/files\/2021\/08\/CAMISETAS-WCGAL2021.pdf\" target=\"_blank\" rel=\"noreferrer noopener\">Descargar camiseta<\/a><\/div>\n<\/div>\n\n\n\n<p><\/p>\n","protected":false},"excerpt":{"rendered":"<p>A identidade visual de WordCamp Galicia est\u00e1 formada por un s\u00edmbolo e texto, o que se chama en dese\u00f1o gr\u00e1fico Imagotipo. O s\u00edmbolo representa a forma dunha n\u00e9cora, que \u00e9 un marisco moi t\u00edpico en Galicia e ademais a palabra \u201cn\u00e9cora\u201d leva un dobre significado, cando lle dicimos a algu\u00e9n \u201ces un n\u00e9cora\u201d estamos a &hellip; <a href=\"https:\/\/galicia.wordcamp.org\/2021\/identidade-visual\/\" class=\"more-link\">Segue lendo<span class=\"screen-reader-text\"> \u00abIDENTIDADE VISUAL\u00bb<\/span><\/a><\/p>\n","protected":false},"author":18742458,"featured_media":3272,"parent":0,"menu_order":0,"comment_status":"closed","ping_status":"closed","template":"","meta":{"jetpack_post_was_ever_published":false,"footnotes":""},"class_list":["post-3271","page","type-page","status-publish","has-post-thumbnail","hentry"],"jetpack_sharing_enabled":true,"_links":{"self":[{"href":"https:\/\/galicia.wordcamp.org\/2021\/wp-json\/wp\/v2\/pages\/3271","targetHints":{"allow":["GET"]}}],"collection":[{"href":"https:\/\/galicia.wordcamp.org\/2021\/wp-json\/wp\/v2\/pages"}],"about":[{"href":"https:\/\/galicia.wordcamp.org\/2021\/wp-json\/wp\/v2\/types\/page"}],"author":[{"embeddable":true,"href":"https:\/\/galicia.wordcamp.org\/2021\/wp-json\/wp\/v2\/users\/18742458"}],"replies":[{"embeddable":true,"href":"https:\/\/galicia.wordcamp.org\/2021\/wp-json\/wp\/v2\/comments?post=3271"}],"version-history":[{"count":38,"href":"https:\/\/galicia.wordcamp.org\/2021\/wp-json\/wp\/v2\/pages\/3271\/revisions"}],"predecessor-version":[{"id":3337,"href":"https:\/\/galicia.wordcamp.org\/2021\/wp-json\/wp\/v2\/pages\/3271\/revisions\/3337"}],"wp:featuredmedia":[{"embeddable":true,"href":"https:\/\/galicia.wordcamp.org\/2021\/wp-json\/wp\/v2\/media\/3272"}],"wp:attachment":[{"href":"https:\/\/galicia.wordcamp.org\/2021\/wp-json\/wp\/v2\/media?parent=3271"}],"curies":[{"name":"wp","href":"https:\/\/api.w.org\/{rel}","templated":true}]}}