{"id":244,"date":"2021-06-11T19:03:27","date_gmt":"2021-06-11T17:03:27","guid":{"rendered":"https:\/\/galicia.wordcamp.org\/2021\/?page_id=244"},"modified":"2021-06-18T16:27:23","modified_gmt":"2021-06-18T14:27:23","slug":"wordcamp-galicia-2021","status":"publish","type":"page","link":"https:\/\/galicia.wordcamp.org\/2021\/wordcamp-galicia-2021\/","title":{"rendered":"Wordcamp Galicia 2021"},"content":{"rendered":"\n<p>A WordCamp de Galicia, Espa\u00f1a, est\u00e1 nas primeiras etapas de planificaci\u00f3n. <\/p>\n\n\n\n<p>Mentres tanto podes subscribirte \u00e1s actualizaci\u00f3ns ou contactar cos organizadores dende o formulario de contacto.<\/p>\n\n\n\n<hr class=\"wp-block-separator has-text-color has-background is-style-dots\" style=\"background-color:#555555;color:#555555\" \/>\n\n\n\n<p class=\"has-text-color\" style=\"color:#555555\"><em>La WordCamp de Galicia, Espa\u00f1a, est\u00e1 en las primeras etapas de planificaci\u00f3n.<\/em> <\/p>\n\n\n\n<p class=\"has-text-color\" style=\"color:#555555\"><em>Mientras tanto puedes subscribirte a las actualizaciones o contactar con los organizadores desde el formulario de contacto<\/em>.<\/p>\n\n\n\n<hr class=\"wp-block-separator\" \/>\n\n\n\n<h2 class=\"has-medium-font-size wp-block-heading\">Recibe as \u00faltimas novidades<\/h2>\n\n\n<div class=\"wp-block-jetpack-subscriptions__supports-newline wp-block-jetpack-subscriptions__show-subs wp-block-jetpack-subscriptions\">\n\t\t<div>\n\t\t\t<div>\n\t\t\t\t<div>\n\t\t\t\t\t<p >\n\t\t\t\t\t\t<a href=\"https:\/\/galicia.wordcamp.org\/2021\/?post_type=page&#038;p=244\" style=\"font-size: 16px;padding: 15px 23px 15px 23px;margin: 0; margin-left: 10px;border-radius: 0px;border-width: 1px; text-decoration: none; white-space: nowrap; margin-left: 0\">Subscr\u00edbete<\/a>\n\t\t\t\t\t<\/p>\n\t\t\t\t<\/div>\n\t\t\t<\/div>\n\t\t<\/div>\n\t<\/div>\n\n\n<hr class=\"wp-block-separator\" \/>\n\n\n<div data-test='contact-form'\n\t\t\tid='contact-form-244'\n\t\t\tclass='wp-block-jetpack-contact-form-container '\n\t\t\tdata-wp-interactive='jetpack\/form' data-wp-context='{\"formId\":\"244\",\"formHash\":\"e23499fd6f8fb665cf217208befbdc22ffd2346d\",\"showErrors\":false,\"errors\":[],\"fields\":[],\"isMultiStep\":false,\"useAjax\":true,\"submissionData\":null,\"formattedSubmissionData\":[],\"submissionSuccess\":false,\"submissionError\":null,\"elementId\":\"jp-form-e23499fd6f8fb665cf217208befbdc22ffd2346d\",\"isSingleInputForm\":false}'\n\t\t\tdata-wp-watch--scroll-to-wrapper=\"callbacks.scrollToWrapper\"\n\t\t>\n<div class=\"contact-form-submission contact-form-ajax-submission\" data-wp-bind--aria-hidden=\"state.isSuccessMessageAriaHidden\" data-wp-class--submission-success=\"context.submissionSuccess\" id=\"contact-form-success-e23499fd6f8fb665cf217208befbdc22ffd2346d\" tabindex=\"-1\" aria-labelledby=\"contact-form-success-header-e23499fd6f8fb665cf217208befbdc22ffd2346d\"><p class=\"go-back-message\"><a class=\"link\" role=\"button\" tabindex=\"0\" data-wp-on--click=\"actions.goBack\" href=\"\/2021\/wp-json\/wp\/v2\/pages\/244\">\u2190 Back<\/a><\/p><h4 data-wp-bind--aria-hidden=\"state.isSuccessMessageAriaHidden\" id=\"contact-form-success-header-e23499fd6f8fb665cf217208befbdc22ffd2346d\">A t\u00faa mensaxe enviouse<\/h4>\n\n<template data-wp-each--submission=\"context.formattedSubmissionData\">\n\t\t\t\t\t<div class=\"jetpack_forms_contact-form-success-summary\">\n\t\t\t\t\t\t<div class=\"field-name\" data-wp-text=\"context.submission.label\" data-wp-bind--hidden=\"!context.submission.label\"><\/div>\n\t\t\t\t\t\t<div class=\"field-value\" data-wp-text=\"context.submission.value\" data-wp-bind--hidden=\"!context.submission.showPlainValue\"><\/div>\n\t\t\t\t\t\t<a class=\"field-url\" data-wp-bind--href=\"context.submission.url\" data-wp-text=\"context.submission.value\" data-wp-bind--hidden=\"!context.submission.url\" target=\"_blank\" rel=\"noopener noreferrer\"><\/a>\n\t\t\t\t\t\t<div class=\"field-rating\" data-wp-bind--hidden=\"!context.submission.rating\" data-wp-watch=\"callbacks.watchRatingIcons\"><\/div>\n\t\t\t\t\t\t<div class=\"field-images\" data-wp-bind--hidden=\"!context.submission.images\">\n\t\t\t\t\t\t\t<template data-wp-each--image=\"context.submission.images\">\n\t\t\t\t\t\t\t\t<div class=\"field-image-option\" data-wp-class--is-empty=\"!context.image.src\">\n\t\t\t\t\t\t\t\t\t<figure class=\"field-image-option__image\" data-wp-class--is-empty=\"!context.image.src\">\n\t\t\t\t\t\t\t\t\t\t<img data-wp-bind--src=\"context.image.src\" data-wp-bind--hidden=\"!context.image.src\" \/>\n\t\t\t\t\t\t\t\t\t\t<img decoding=\"async\" src=\"data:image\/gif;base64,R0lGODlhAQABAAD\/ACwAAAAAAQABAAACADs=\" data-wp-bind--hidden=\"context.image.src\" \/>\n\t\t\t\t\t\t\t\t\t<\/figure>\n\t\t\t\t\t\t\t\t\t<div class=\"field-image-option__label-wrapper\">\n\t\t\t\t\t\t\t\t\t\t<span class=\"field-image-option__label-code\" data-wp-text=\"context.image.letterCode\"><\/span>\n\t\t\t\t\t\t\t\t\t\t<span class=\"field-image-option__label\" data-wp-text=\"context.image.label\" data-wp-bind--hidden=\"!context.image.label\"><\/span>\n\t\t\t\t\t\t\t\t\t<\/div>\n\t\t\t\t\t\t\t\t<\/div>\n\t\t\t\t\t\t\t<\/template>\n\t\t\t\t\t\t<\/div>\n\t\t\t\t\t\t<div class=\"field-files\" data-wp-bind--hidden=\"!context.submission.files\">\n\t\t\t\t\t\t\t<template data-wp-each--file=\"context.submission.files\">\n\t\t\t\t\t\t\t\t<div class=\"field-file\">\n\t\t\t\t\t\t\t\t\t<div class=\"field-file__thumbnail\" data-wp-style--background-image=\"context.file.previewUrl\" data-wp-style--mask-image=\"context.file.iconUrl\" data-wp-bind--hidden=\"!context.file.hasPreview\"><\/div>\n\t\t\t\t\t\t\t\t\t<svg class=\"field-file__icon\" data-wp-bind--hidden=\"context.file.hasPreview\" width=\"20\" height=\"20\" viewBox=\"0 0 24 24\" fill=\"none\" xmlns=\"http:\/\/www.w3.org\/2000\/svg\" aria-hidden=\"true\">\n\t\t\t\t\t\t\t\t\t\t<path d=\"M14 2H6C4.9 2 4 2.9 4 4V20C4 21.1 4.89 22 5.99 22H18C19.1 22 20 21.1 20 20V8L14 2ZM18 20H6V4H13V9H18V20Z\" fill=\"currentColor\"\/>\n\t\t\t\t\t\t\t\t\t<\/svg>\n\t\t\t\t\t\t\t\t\t<span class=\"field-file__name\" data-wp-text=\"context.file.name\"><\/span>\n\t\t\t\t\t\t\t\t\t<span class=\"field-file__size\" data-wp-text=\"context.file.size\"><\/span>\n\t\t\t\t\t\t\t\t<\/div>\n\t\t\t\t\t\t\t<\/template>\n\t\t\t\t\t\t<\/div>\n\t\t\t\t\t<\/div>\n\t\t\t\t<\/template><\/div><form action='https:\/\/galicia.wordcamp.org\/2021\/wordcamp-galicia-2021\/'\n\t\t\t\tid='jp-form-e23499fd6f8fb665cf217208befbdc22ffd2346d'\n\t\t\t\tmethod='post'\n\t\t\t\tclass='contact-form commentsblock wp-block-jetpack-contact-form' aria-label=\"Wordcamp Galicia 2021\"\n\t\t\t\tdata-wp-on--submit=\"actions.onFormSubmit\"\n\t\t\t\tdata-wp-on--reset=\"actions.onFormReset\"\n\t\t\t\tdata-wp-class--submission-success=\"context.submissionSuccess\"\n\t\t\t\tdata-wp-class--is-first-step=\"state.isFirstStep\"\n\t\t\t\tdata-wp-class--is-last-step=\"state.isLastStep\"\n\t\t\t\tdata-wp-class--is-ajax-form=\"context.useAjax\"\n\t\t\t\tnovalidate >\n<input type='hidden' name='jetpack_contact_form_jwt' value='eyJ0eXAiOiJKV1QiLCJhbGciOiJIUzI1NiJ9.eyJlbmNyeXB0ZWRfYXR0cmlidXRlcyI6IlFVZkdjYzlUNXRxaDRwTVhLd2ZMazg5NTZKcS82YVZvdXNvbnFBQzBKNW9MZlFYajQ2dmllM3RBRmFBZkxGcFhHV2ZjMjg2QVdOdzQ4b1VGajVPSE96c2lNbVlrKytoKzdqOUd1SHFlVzZuRmMyT0FmS3Aza2ZvbGVXTWlzbDB4R0UyNjF3VVBDVVRTM1ZEK0NRaWYvZjk3VkhUSEdCYjUwZU93V3I0b0x6S1Y1QTFsbmpDY3pUV3NFSnhYSHA1K1o5ZFgvZE5yTXFRVmtBQ09OSFhtY0VrWGVpMW5IMDZZWStVby9QNG5idUdnTUlJSjl1KzdxNWtuRHJlMEt1clZqeVc3TGdVR01MYzdlQSt5U0tTOEpCMklpNm9jTnNtNkd3WGFCSExqR3dSUll4QkpjZnQwdFNYSFVwRjh6YzRWMFBpSFJkaU9VcExwdFB0UDkzNWg3MGZwS0UrakFYTytHSDRwNVJxNlVxQ2tIVHlHQk9ac2pFejJFZGgvL04rSWdpTlIrTWIySDhOSDlzQmVWRDR1SzhldHNUTXZxVjl5T01EaURBT2Rxa2VEQmtJdWtKazI5U2xBbXBucG5mUUl3NUJ2TEhXblFsSnQ2YjhPZTRZbDFleFp3VW50ZCs0aFpGVmlHRFc0RFNpbzMwdDc3Y1FCNXA2VzBQMFVFa3JLVXZzb0RUQ21ybTRYcnBSYXY1eHF3OUViMGtmR25GOVllbTlObytXOFJ5ZVVKSzJ3UnpHOGM3K1E3QjFKbmI0MXpmSXRpUHBKbjd6THdJbHJxZUtoYnFlRFVsaTIzcHM0U0ZBV1JKRGMwOHo5aTgzNXhGeHVjTkNmRHNnRlRjT2FUMCtYYjlmdFdFY2FRWkEyUzl5eHNYMGVqMzJUOXRuK0h0WlpzK0ZHVWEySHhyQlh3bjRVR3QzU3laUXVlWUFCV2c3Q3owTEJESlFSL0VwL0VEVDJnS2pVdU9oQURET083WG9JOUdzaEE5aDRuS01nQ2RYMmJ3QUtZa2xGc2lCQVlBS1hBc1JuVXRZVmQ0S1dGTnBLNHB1KzdPaDVQcmsxamFMUUsyUUZRQlZrcnUrSkF0b25ZbkZlZndHUk1hSHB3WVpGT1I2dUdBWkpNWlpRKzNoZnhjMTJWNndkeGgzM0dScFIxbk1rQU5uWHVkWnp2aFRkUnFoVGYzeXdlWWxsMUFBcUhFTkplTmJUS28vSUVXY3Vodz09IiwiY29udGVudCI6IlxuXG48aDIgY2xhc3M9XCJoYXMtbWVkaXVtLWZvbnQtc2l6ZSB3cC1ibG9jay1oZWFkaW5nXCI-Q29udGFjdGEgY29zIG9yZ2FuaXphZG9yZXM8L2gyPlxuXG5cbltjb250YWN0LWZpZWxkIGxhYmVsPVwiTm9tZVwiIHJlcXVpcmVkPVwiMVwiIHR5cGU9XCJuYW1lXCIvXVxuXG5bY29udGFjdC1maWVsZCBsYWJlbD1cIkNvcnJlbyBlbGVjdHJcdTAwZjNuaWNvXCIgcmVxdWlyZWQ9XCIxXCIgdHlwZT1cImVtYWlsXCIvXVxuXG5bY29udGFjdC1maWVsZCBsYWJlbD1cIk1lbnNheGVcIiB0eXBlPVwidGV4dGFyZWFcIi9dXG5cbjxkaXYgY2xhc3M9XCJ3cC1ibG9jay1qZXRwYWNrLWJ1dHRvbiB3cC1ibG9jay1idXR0b25cIiBzdHlsZT1cIlwiPjxidXR0b24gY2xhc3M9XCJ3cC1ibG9jay1idXR0b25fX2xpbmtcIiBzdHlsZT1cIlwiIGRhdGEtaWQtYXR0cj1cInBsYWNlaG9sZGVyXCIgdHlwZT1cInN1Ym1pdFwiIGRhdGEtd3AtY2xhc3MtLWlzLXN1Ym1pdHRpbmc9XCJzdGF0ZS5pc1N1Ym1pdHRpbmdcIiBkYXRhLXdwLWJpbmQtLWFyaWEtZGlzYWJsZWQ9XCJzdGF0ZS5pc0FyaWFEaXNhYmxlZFwiPkNvbnRhY3RhIGNvbm5vc2NvPHNwYW4gY2xhc3M9XCJzcGlubmVyXCIgYXJpYS1oaWRkZW49XCJ0cnVlXCI-PHN2ZyB3aWR0aD1cIjI0XCIgaGVpZ2h0PVwiMjRcIiB2aWV3Qm94PVwiMCAwIDI0IDI0XCIgeG1sbnM9XCJodHRwOi8vd3d3LnczLm9yZy8yMDAwL3N2Z1wiPjxwYXRoIGQ9XCJNMTIsMUExMSwxMSwwLDEsMCwyMywxMiwxMSwxMSwwLDAsMCwxMiwxWm0wLDE5YTgsOCwwLDEsMSw4LThBOCw4LDAsMCwxLDEyLDIwWlwiIG9wYWNpdHk9XCIuMjVcIi8-PHBhdGggZD1cIk0xMC4xNCwxLjE2YTExLDExLDAsMCwwLTksOC45MkExLjU5LDEuNTksMCwwLDAsMi40NiwxMiwxLjUyLDEuNTIsMCwwLDAsNC4xMSwxMC43YTgsOCwwLDAsMSw2LjY2LTYuNjFBMS40MiwxLjQyLDAsMCwwLDEyLDIuNjloMEExLjU3LDEuNTcsMCwwLDAsMTAuMTQsMS4xNlpcIj48YW5pbWF0ZVRyYW5zZm9ybSBhdHRyaWJ1dGVOYW1lPVwidHJhbnNmb3JtXCIgdHlwZT1cInJvdGF0ZVwiIGR1cj1cIjAuNzVzXCIgdmFsdWVzPVwiMCAxMiAxMjszNjAgMTIgMTJcIiByZXBlYXRDb3VudD1cImluZGVmaW5pdGVcIi8-PC9wYXRoPjwvc3ZnPjxzcGFuIGNsYXNzPVwiaXMtdmlzdWFsbHktaGlkZGVuXCI-U3VibWl0dGluZyBmb3JtPC9zcGFuPjwvc3Bhbj48L2J1dHRvbj48L2Rpdj5cbiIsImhhc2giOiJlMjM0OTlmZDZmOGZiNjY1Y2YyMTcyMDhiZWZiZGMyMmZmZDIzNDZkIiwic291cmNlIjp7ImVudHJ5X3RpdGxlIjoiV29yZGNhbXAgR2FsaWNpYSAyMDIxIiwiZW50cnlfcGFnZSI6MSwic291cmNlX2lkIjoyNDQsInNvdXJjZV90eXBlIjoic2luZ2xlIiwicmVxdWVzdF91cmwiOiJodHRwczovL2dhbGljaWEud29yZGNhbXAub3JnLzIwMjEvd3AtanNvbi93cC92Mi9wYWdlcy8yNDQifSwidmVyc2lvbiI6MiwiY2lwaGVyIjoiYWVzLTI1Ni1nY20ifQ.xFfz4OZpjvCEqtM0_bHdUyVFmW_cuGD4vbZRk4o9aJw' \/>\n\n\n<h2 class=\"has-medium-font-size wp-block-heading\">Contacta cos organizadores<\/h2>\n\n\n\n<div style=\"\"  data-wp-interactive=\"jetpack\/form\" data-wp-context='{\"fieldId\":\"g244-nome\",\"fieldType\":\"name\",\"fieldLabel\":\"Nome\",\"fieldValue\":\"\",\"fieldPlaceholder\":\"\",\"fieldIsRequired\":\"1\",\"fieldErrorMessage\":\"\",\"fieldExtra\":[],\"formHash\":\"e23499fd6f8fb665cf217208befbdc22ffd2346d\"}'  class='grunion-field-name-wrap grunion-field-wrap'  data-wp-init='callbacks.initializeField' data-wp-on--jetpack-form-reset='callbacks.initializeField' >\n<label\n\t\t\t\tfor='g244-nome' class=\"grunion-field-label name\" >Nome<span class=\"grunion-label-required\" aria-hidden=\"true\">(obrigatorio)<\/span><\/label>\n<input\n\t\t\t\t\ttype='text'\n\t\t\t\t\tname='g244-nome'\n\t\t\t\t\tid='g244-nome'\n\t\t\t\t\tvalue=''\n\n\t\t\t\t\tdata-wp-bind--aria-invalid='state.fieldAriaInvalid'\n\t\t\t\t\tdata-wp-bind--value='state.getFieldValue'\n\t\t\t\t\taria-describedby='g244-nome-text-error-message'\n\t\t\t\t\tdata-wp-on--input='actions.onFieldChange'\n\t\t\t\t\tdata-wp-on--blur='actions.onFieldBlur'\n\t\t\t\t\tdata-wp-class--has-value='state.hasFieldValue'\n\n\t\t\t\t\tclass='name  grunion-field' \n\t\t\t\t\trequired='true' aria-required='true'  \/>\n \n\t\t\t<div id=\"g244-nome-text-error\" class=\"contact-form__input-error\" data-wp-class--has-errors=\"state.fieldHasErrors\">\n\t\t\t\t<span class=\"contact-form__warning-icon\" aria-hidden=\"true\">\n\t\t\t\t\t<svg width=\"16\" height=\"16\" viewBox=\"0 0 16 16\" fill=\"none\" xmlns=\"http:\/\/www.w3.org\/2000\/svg\">\n\t\t\t\t\t\t<path d=\"M8.50015 11.6402H7.50015V10.6402H8.50015V11.6402Z\" \/>\n\t\t\t\t\t\t<path d=\"M7.50015 9.64018H8.50015V6.30684H7.50015V9.64018Z\" \/>\n\t\t\t\t\t\t<path fill-rule=\"evenodd\" clip-rule=\"evenodd\" d=\"M6.98331 3.0947C7.42933 2.30177 8.57096 2.30177 9.01698 3.09469L13.8771 11.7349C14.3145 12.5126 13.7525 13.4735 12.8602 13.4735H3.14004C2.24774 13.4735 1.68575 12.5126 2.12321 11.7349L6.98331 3.0947ZM8.14541 3.58496C8.08169 3.47168 7.9186 3.47168 7.85488 3.58496L2.99478 12.2251C2.93229 12.3362 3.01257 12.4735 3.14004 12.4735H12.8602C12.9877 12.4735 13.068 12.3362 13.0055 12.2251L8.14541 3.58496Z\" \/>\n\t\t\t\t\t<\/svg>\n\t\t\t\t<\/span>\n\t\t\t\t<span data-wp-text=\"state.errorMessage\" id=\"g244-nome-text-error-message\"><\/span>\n\t\t\t<\/div> \n\t<\/div>\n\n\n\n<div style=\"\"  data-wp-interactive=\"jetpack\/form\" data-wp-context='{\"fieldId\":\"g244-correoelectrnico\",\"fieldType\":\"email\",\"fieldLabel\":\"Correo electr\\u00f3nico\",\"fieldValue\":\"\",\"fieldPlaceholder\":\"\",\"fieldIsRequired\":\"1\",\"fieldErrorMessage\":\"\",\"fieldExtra\":[],\"formHash\":\"e23499fd6f8fb665cf217208befbdc22ffd2346d\"}'  class='grunion-field-email-wrap grunion-field-wrap'  data-wp-init='callbacks.initializeField' data-wp-on--jetpack-form-reset='callbacks.initializeField' >\n<label\n\t\t\t\tfor='g244-correoelectrnico' class=\"grunion-field-label email\" >Correo electr\u00f3nico<span class=\"grunion-label-required\" aria-hidden=\"true\">(obrigatorio)<\/span><\/label>\n<input\n\t\t\t\t\ttype='email'\n\t\t\t\t\tname='g244-correoelectrnico'\n\t\t\t\t\tid='g244-correoelectrnico'\n\t\t\t\t\tvalue=''\n\n\t\t\t\t\tdata-wp-bind--aria-invalid='state.fieldAriaInvalid'\n\t\t\t\t\tdata-wp-bind--value='state.getFieldValue'\n\t\t\t\t\taria-describedby='g244-correoelectrnico-email-error-message'\n\t\t\t\t\tdata-wp-on--input='actions.onFieldChange'\n\t\t\t\t\tdata-wp-on--blur='actions.onFieldBlur'\n\t\t\t\t\tdata-wp-class--has-value='state.hasFieldValue'\n\n\t\t\t\t\tclass='email  grunion-field' \n\t\t\t\t\trequired='true' aria-required='true'  \/>\n \n\t\t\t<div id=\"g244-correoelectrnico-email-error\" class=\"contact-form__input-error\" data-wp-class--has-errors=\"state.fieldHasErrors\">\n\t\t\t\t<span class=\"contact-form__warning-icon\" aria-hidden=\"true\">\n\t\t\t\t\t<svg width=\"16\" height=\"16\" viewBox=\"0 0 16 16\" fill=\"none\" xmlns=\"http:\/\/www.w3.org\/2000\/svg\">\n\t\t\t\t\t\t<path d=\"M8.50015 11.6402H7.50015V10.6402H8.50015V11.6402Z\" \/>\n\t\t\t\t\t\t<path d=\"M7.50015 9.64018H8.50015V6.30684H7.50015V9.64018Z\" \/>\n\t\t\t\t\t\t<path fill-rule=\"evenodd\" clip-rule=\"evenodd\" d=\"M6.98331 3.0947C7.42933 2.30177 8.57096 2.30177 9.01698 3.09469L13.8771 11.7349C14.3145 12.5126 13.7525 13.4735 12.8602 13.4735H3.14004C2.24774 13.4735 1.68575 12.5126 2.12321 11.7349L6.98331 3.0947ZM8.14541 3.58496C8.08169 3.47168 7.9186 3.47168 7.85488 3.58496L2.99478 12.2251C2.93229 12.3362 3.01257 12.4735 3.14004 12.4735H12.8602C12.9877 12.4735 13.068 12.3362 13.0055 12.2251L8.14541 3.58496Z\" \/>\n\t\t\t\t\t<\/svg>\n\t\t\t\t<\/span>\n\t\t\t\t<span data-wp-text=\"state.errorMessage\" id=\"g244-correoelectrnico-email-error-message\"><\/span>\n\t\t\t<\/div> \n\t<\/div>\n\n\n\n<div style=\"\"  data-wp-interactive=\"jetpack\/form\" data-wp-context='{\"fieldId\":\"g244-mensaxe\",\"fieldType\":\"textarea\",\"fieldLabel\":\"Mensaxe\",\"fieldValue\":\"\",\"fieldPlaceholder\":\"\",\"fieldIsRequired\":\"\",\"fieldErrorMessage\":\"\",\"fieldExtra\":[],\"formHash\":\"e23499fd6f8fb665cf217208befbdc22ffd2346d\"}'  class='grunion-field-textarea-wrap grunion-field-wrap'  data-wp-init='callbacks.initializeField' data-wp-on--jetpack-form-reset='callbacks.initializeField' >\n<label\n\t\t\t\tfor='contact-form-comment-g244-mensaxe' class=\"grunion-field-label textarea\" >Mensaxe<\/label>\n<textarea\n\t\t                style=''\n\t\t                name='g244-mensaxe'\n\t\t                id='contact-form-comment-g244-mensaxe'\n\t\t                rows='20'\n\t\t\t\t\t\tdata-wp-text='state.getFieldValue'\n\t\t\t\t\t\tdata-wp-on--input='actions.onFieldChange'\n\t\t\t\t\t\tdata-wp-on--blur='actions.onFieldBlur'\n\t\t\t\t\t\tdata-wp-class--has-value='state.hasFieldValue'\n\t\t\t\t\t\taria-describedby='g244-mensaxe-textarea-error-message'\n\t\t\t\t\t\tdata-wp-bind--aria-invalid='state.fieldAriaInvalid'\n\t\t\t\t\t\tclass='textarea  grunion-field'  ><\/textarea>\n \n\t\t\t<div id=\"g244-mensaxe-textarea-error\" class=\"contact-form__input-error\" data-wp-class--has-errors=\"state.fieldHasErrors\">\n\t\t\t\t<span class=\"contact-form__warning-icon\" aria-hidden=\"true\">\n\t\t\t\t\t<svg width=\"16\" height=\"16\" viewBox=\"0 0 16 16\" fill=\"none\" xmlns=\"http:\/\/www.w3.org\/2000\/svg\">\n\t\t\t\t\t\t<path d=\"M8.50015 11.6402H7.50015V10.6402H8.50015V11.6402Z\" \/>\n\t\t\t\t\t\t<path d=\"M7.50015 9.64018H8.50015V6.30684H7.50015V9.64018Z\" \/>\n\t\t\t\t\t\t<path fill-rule=\"evenodd\" clip-rule=\"evenodd\" d=\"M6.98331 3.0947C7.42933 2.30177 8.57096 2.30177 9.01698 3.09469L13.8771 11.7349C14.3145 12.5126 13.7525 13.4735 12.8602 13.4735H3.14004C2.24774 13.4735 1.68575 12.5126 2.12321 11.7349L6.98331 3.0947ZM8.14541 3.58496C8.08169 3.47168 7.9186 3.47168 7.85488 3.58496L2.99478 12.2251C2.93229 12.3362 3.01257 12.4735 3.14004 12.4735H12.8602C12.9877 12.4735 13.068 12.3362 13.0055 12.2251L8.14541 3.58496Z\" \/>\n\t\t\t\t\t<\/svg>\n\t\t\t\t<\/span>\n\t\t\t\t<span data-wp-text=\"state.errorMessage\" id=\"g244-mensaxe-textarea-error-message\"><\/span>\n\t\t\t<\/div>\n\t<\/div>\n\n\n<div class=\"contact-form__error\" data-wp-class--show-errors=\"state.showFormErrors\"><span class=\"contact-form__warning-icon\" aria-hidden=\"true\"><i><\/i><\/span><span class=\"contact-form__error-message\" tabindex=\"-1\" data-wp-watch=\"callbacks.focusOnValidationError\" data-wp-text=\"state.getFormErrorMessage\"><\/span><ul aria-label=\"Form errors\">\n\t\t\t\t<template data-wp-each=\"state.getErrorList\" data-wp-key=\"context.item.id\">\n\t\t\t\t\t<li><a data-wp-bind--href=\"context.item.anchor\" data-wp-on--click=\"actions.scrollIntoView\" data-wp-text=\"context.item.label\"><\/a><\/li>\n\t\t\t\t<\/template>\n\t\t\t\t<\/ul><\/div><div class=\"contact-form__error\" data-wp-class--show-errors=\"state.showSubmissionError\" data-wp-text=\"context.submissionError\" tabindex=\"-1\" data-wp-watch=\"callbacks.focusOnSubmissionError\"><\/div> <div class=\"wp-block-jetpack-button wp-block-button\" style=\"\"><button data-wp-bind--disabled=\"state.isAriaDisabled\" class=\"wp-block-button__link\" style=\"\" data-id-attr=\"placeholder\" type=\"submit\" data-wp-class--is-submitting=\"state.isSubmitting\" data-wp-bind--aria-disabled=\"state.isAriaDisabled\">Contacta connosco<span class=\"spinner\" aria-hidden=\"true\"><svg width=\"24\" height=\"24\" viewBox=\"0 0 24 24\" xmlns=\"http:\/\/www.w3.org\/2000\/svg\"><path d=\"M12,1A11,11,0,1,0,23,12,11,11,0,0,0,12,1Zm0,19a8,8,0,1,1,8-8A8,8,0,0,1,12,20Z\" opacity=\".25\"\/><path d=\"M10.14,1.16a11,11,0,0,0-9,8.92A1.59,1.59,0,0,0,2.46,12,1.52,1.52,0,0,0,4.11,10.7a8,8,0,0,1,6.66-6.61A1.42,1.42,0,0,0,12,2.69h0A1.57,1.57,0,0,0,10.14,1.16Z\"><animateTransform attributeName=\"transform\" type=\"rotate\" dur=\"0.75s\" values=\"0 12 12;360 12 12\" repeatCount=\"indefinite\"\/><\/path><\/svg><span class=\"is-visually-hidden\">Submitting form<\/span><\/span><\/button><\/div>\n\t\t<input type='hidden' name='contact-form-id' value='244' \/>\n\t\t<input type='hidden' name='action' value='grunion-contact-form' \/>\n\t\t<input type='hidden' name='contact-form-hash' value='e23499fd6f8fb665cf217208befbdc22ffd2346d' \/>\n<p style=\"display: none !important;\" class=\"akismet-fields-container\" data-prefix=\"ak_\"><label>&#916;<textarea name=\"ak_hp_textarea\" cols=\"45\" rows=\"8\" maxlength=\"100\"><\/textarea><\/label><input type=\"hidden\" id=\"ak_js_1\" name=\"ak_js\" value=\"190\"\/><script type=\"text\/javascript\">\n\/* <![CDATA[ *\/\ndocument.getElementById( \"ak_js_1\" ).setAttribute( \"value\", ( new Date() ).getTime() );\n\/* ]]> *\/\n<\/script>\n<\/p><\/form>\n<\/div>","protected":false},"excerpt":{"rendered":"<p>A WordCamp de Galicia, Espa\u00f1a, est\u00e1 nas primeiras etapas de planificaci\u00f3n. Mentres tanto podes subscribirte \u00e1s actualizaci\u00f3ns ou contactar cos organizadores dende o formulario de contacto. La WordCamp de Galicia, Espa\u00f1a, est\u00e1 en las primeras etapas de planificaci\u00f3n. Mientras tanto puedes subscribirte a las actualizaciones o contactar con los organizadores desde el formulario de contacto. &hellip; <a href=\"https:\/\/galicia.wordcamp.org\/2021\/wordcamp-galicia-2021\/\" class=\"more-link\">Segue lendo<span class=\"screen-reader-text\"> \u00abWordcamp Galicia 2021\u00bb<\/span><\/a><\/p>\n","protected":false},"author":12032620,"featured_media":232,"parent":0,"menu_order":0,"comment_status":"closed","ping_status":"closed","template":"","meta":{"jetpack_post_was_ever_published":false,"footnotes":""},"class_list":["post-244","page","type-page","status-publish","has-post-thumbnail","hentry"],"jetpack_sharing_enabled":true,"_links":{"self":[{"href":"https:\/\/galicia.wordcamp.org\/2021\/wp-json\/wp\/v2\/pages\/244","targetHints":{"allow":["GET"]}}],"collection":[{"href":"https:\/\/galicia.wordcamp.org\/2021\/wp-json\/wp\/v2\/pages"}],"about":[{"href":"https:\/\/galicia.wordcamp.org\/2021\/wp-json\/wp\/v2\/types\/page"}],"author":[{"embeddable":true,"href":"https:\/\/galicia.wordcamp.org\/2021\/wp-json\/wp\/v2\/users\/12032620"}],"replies":[{"embeddable":true,"href":"https:\/\/galicia.wordcamp.org\/2021\/wp-json\/wp\/v2\/comments?post=244"}],"version-history":[{"count":16,"href":"https:\/\/galicia.wordcamp.org\/2021\/wp-json\/wp\/v2\/pages\/244\/revisions"}],"predecessor-version":[{"id":288,"href":"https:\/\/galicia.wordcamp.org\/2021\/wp-json\/wp\/v2\/pages\/244\/revisions\/288"}],"wp:featuredmedia":[{"embeddable":true,"href":"https:\/\/galicia.wordcamp.org\/2021\/wp-json\/wp\/v2\/media\/232"}],"wp:attachment":[{"href":"https:\/\/galicia.wordcamp.org\/2021\/wp-json\/wp\/v2\/media?parent=244"}],"curies":[{"name":"wp","href":"https:\/\/api.w.org\/{rel}","templated":true}]}}