{"id":21,"date":"2021-05-24T13:29:07","date_gmt":"2021-05-24T11:29:07","guid":{"rendered":"https:\/\/galicia.wordcamp.org\/2021\/code-of-conduct\/"},"modified":"2021-07-23T14:52:05","modified_gmt":"2021-07-23T12:52:05","slug":"codigo-de-conduta","status":"publish","type":"page","link":"https:\/\/galicia.wordcamp.org\/2021\/codigo-de-conduta\/","title":{"rendered":"C\u00d3DIGO DE CONDUTA"},"content":{"rendered":"\n<div class=\"wp-block-columns alignwide dos-idiomas is-layout-flex wp-container-core-columns-is-layout-9d6595d7 wp-block-columns-is-layout-flex\">\n<div class=\"wp-block-column is-layout-flow wp-block-column-is-layout-flow\">\n<div class=\"wp-block-buttons is-layout-flex wp-block-buttons-is-layout-flex\">\n<div class=\"wp-block-button solo-movil\"><a class=\"wp-block-button__link\" href=\"#espanol\"><em>Ver en espa\u00f1ol<\/em><\/a><\/div>\n<\/div>\n\n\n\n<h3 class=\"wp-block-heading\" id=\"galego\">1. Prop\u00f3sito<\/h3>\n\n\n\n<p><span style=\"color: red;text-decoration: underline\"><span class=\"has-inline-color has-black-color\">WordCamp Galicia<\/span><\/span> cre que a nosa <strong>comunidade<\/strong> deber\u00eda atoparse verdadeiramente <strong>aberta<\/strong> todo o mundo. As\u00ed \u00e9 que nos comprometemos a proporcionar un <strong>ambiente amigable, seguro e acolledor para todos<\/strong> con independencia do x\u00e9nero, orientaci\u00f3n sexual, discapacidade, etnia, relixi\u00f3n, sistema operativo preferido, linguaxe de programaci\u00f3n ou editor de texto.<\/p>\n\n\n\n<p>Este c\u00f3digo de conduta resume as nosas expectativas sobre o comportamento dos participantes, as\u00ed como as consecuencias dun comportamento inaceptable.<\/p>\n\n\n\n<p>Invitamos a todos os patrocinadores, voluntarios, relatores, asistentes e demais participantes a que nos axuden a acadar unha experiencia de conferencia segura e positiva para todos.<\/p>\n\n\n\n<h3 class=\"wp-block-heading\">2. Cidadan\u00eda <em>Open Source<\/em><\/h3>\n\n\n\n<p>Un obxectivo complementario deste c\u00f3digo de conduta \u00e9 <strong>incrementar a cidadan\u00eda de c\u00f3digo aberto<\/strong> animando aos participantes a reco\u00f1ecer e fortalecer as relaci\u00f3ns entre o que facemos e  <strong>comunidade<\/strong> en xeral.<\/p>\n\n\n\n<p>Ao servizo deste obxectivo, os organizadores da <strong>WordCamp Galicia<\/strong> tomar\u00e1n candidaturas de cidad\u00e1ns exemplares ao longo do evento e daranlle reco\u00f1ecemento no sitio web a participantes selectos trala conferencia.<\/p>\n\n\n\n<p>Se ves a algu\u00e9n que est\u00e1 a facer un esforzo extra para garantir que a nosa comunidade sexa acolledora e amigable e que anima a todos os participantes a contribu\u00edr na maior medida posible, queremos sabelo. Podes nomear a algu\u00e9n na mesa de rexistro ou dicirllo aos organizadores<\/p>\n\n\n\n<h3 class=\"wp-block-heading\">3. Comportamiento esperado<\/h3>\n\n\n\n<ul class=\"wp-block-list\"><li>S\u00e9 considerado, respectuoso e colaborativo.<\/li><li>Abstente dun comportamento ou discurso degradante, discriminatorio ou acosador.<\/li><li>Ten consciencia da t\u00faa contorna e dos teus compa\u00f1eiros participantes. Alerta os organizadores da conferencia se observas unha situaci\u00f3n de perigo ou a algu\u00e9n nun aperto.<\/li><li>Participa de xeito aut\u00e9ntico e activo. Ao facelo, axudas a crear <strong>WordCamp Galicia<\/strong> e a facela t\u00faa.<\/li><\/ul>\n\n\n\n<h3 class=\"wp-block-heading\">4. Comportamiento inaceptable<\/h3>\n\n\n\n<p>Como comportamentos inaceptables incl\u00faense: una conduta intimidatoria, acosadora, abusiva, discriminatoria, despectiva ou degradante por parte de calquera dos asistentes da <strong>WordCamp Galicia<\/strong> e eventos relacionados. Todos os lugares da <strong>WordCamp Galicia<\/strong> p\u00f3dense compartir con membros da sociedade; por favor, s\u00e9 respectuoso con todos os usuarios destas localizaci\u00f3ns.<\/p>\n\n\n\n<p>O acoso incl\u00fae: comentarios verbais ofensivos relacionados co x\u00e9nero, a orientaci\u00f3n sexual, a raza, a relixi\u00f3n, a discapacidade; uso inadecuado da nudez e\/ou imaxes sexuais en espazos p\u00fablicos (inclu\u00edndo diapositivas da presentaci\u00f3n); intimidaci\u00f3n deliberada, abesullares ou seguires a algu\u00e9n; acosares cunha fotograf\u00eda ou gravaci\u00f3n; interrupci\u00f3n sostida de charlas e outros eventos; contacto f\u00edsico desapropiado e atenci\u00f3n sexual non desexada.<\/p>\n\n\n\n<h3 class=\"wp-block-heading\">5. Consecuencias dun comportamento inaceptable<\/h3>\n\n\n\n<p>Non se tolerar\u00e1 comportamento inaceptable, ve\u00f1a doutros asistentes, organizadores, persoal do local, patrocinadores ou outros usuarios dos lugares da <strong>WordCamp Galicia<\/strong>.<\/p>\n\n\n\n<p>Esp\u00e9rase que calquera obedeza ao momento se lle solicitan que dete\u00f1a un comportamento inaceptable.<\/p>\n\n\n\n<p>Se un participante interv\u00e9n nunha conduta inaceptable, os organizadores da conferencia poder\u00e1n tomar calquera medida que consideren axeitada, ata e inclu\u00edda a expulsi\u00f3n da conferencia sen previo aviso ou reembolso.<\/p>\n\n\n\n<h3 class=\"wp-block-heading\">6. Que facer se es testemu\u00f1a ou obxecto dun comportamento inaceptable?<\/h3>\n\n\n\n<p>Se est\u00e1s suxeito a un comportamento inaceptable, te decatas de que outra persoa est\u00e1 suxeita a un comportamento inaceptable ou tes outras inquedanzas, por favor, notif\u00edcallo ao organizador da conferencia o antes posible.<\/p>\n\n\n\n<p>O equipo da <strong>WordCamp Galicia<\/strong> estar\u00e1 dispo\u00f1ible para axudar aos participantes a contactar coa seguridade do local ou coas forzas de seguridade local, para proporcionar escolta ou axudar a quen experimente un comportamento inaceptable para que se sinta seguro mentres dure a conferencia. Os voluntarios levar\u00e1n posta unha cor diferente. Calquera voluntario pode porte en contacto cun organizador da conferencia. Tam\u00e9n podes achegarte \u00e1 mesa especial de inscrici\u00f3n no vest\u00edbulo e solicitar a presenza dos organizadores.<\/p>\n\n\n\n<h3 class=\"wp-block-heading\">7. Alcance<\/h3>\n\n\n\n<p>Esperamos que todos os participantes da conferencia (patrocinadores, voluntarios, relatores, asistentes e outros convidados) obedezan este c\u00f3digo de conduta en todas as salas de conferencia e eventos sociais relacionados coa conferencia.<\/p>\n\n\n\n<h3 class=\"wp-block-heading\">8. Informaci\u00f3n de contacto<\/h3>\n\n\n\n<p>Se precisas contactar connosco, <a href=\"https:\/\/galicia.wordcamp.org\/2021\/contacto\/\">na p\u00e1xina de contacto<\/a> tes toda a informaci\u00f3n sobre como facelo.<\/p>\n\n\n\n<h3 class=\"wp-block-heading\">9. Licencia e atribuci\u00f3n<\/h3>\n\n\n\n<p>Este C\u00f3digo de Conduta \u00e9 unha copia directa do impresionante traballo da Open Source Bridge, pero substitu\u00edndo a informaci\u00f3n coa do noso evento. O orixinal, publicado en http:\/\/opensourcebridge.org\/about\/code-of-conduct\/, pode verse <a href=\"https:\/\/web.archive.org\/web\/20191024152904\/opensourcebridge.org\/about\/code-of-conduct\/\" data-type=\"URL\" data-id=\"https:\/\/web.archive.org\/web\/20191024152904\/opensourcebridge.org\/about\/code-of-conduct\/\">nesta imaxe de arquivo<\/a>, e foi liberado baixo unha licenza <strong><a href=\"https:\/\/creativecommons.org\/licenses\/by-sa\/3.0\/deed.gl\" data-type=\"URL\" data-id=\"https:\/\/creativecommons.org\/licenses\/by-sa\/3.0\/deed.gl\">Creative Commons Attribution-ShareAlike<\/a><\/strong>.<\/p>\n<\/div>\n\n\n\n<div class=\"wp-block-column columna-espanol is-layout-flow wp-block-column-is-layout-flow\" id=\"espanol\">\n<h3 class=\"wp-block-heading\"><strong> <\/strong>1. Prop\u00f3sito <\/h3>\n\n\n\n<p><strong>WordCamp Galicia <\/strong>cree que nuestra <strong>comunidad<\/strong> deber\u00eda estar realmente <strong>abierta<\/strong> a todo el mundo. Como tal, estamos comprometidos a proporcionar un <strong>ambiente amigable, seguro y acogedor para todos<\/strong> independientemente de su g\u00e9nero, orientaci\u00f3n sexual, discapacidad, etnia, religi\u00f3n, sistema operativo preferido, lenguaje de programaci\u00f3n o editor de texto.<\/p>\n\n\n\n<p>Este c\u00f3digo de conducta resume nuestras expectativas para el comportamiento de los participantes, as\u00ed como las consecuencias para el comportamiento inaceptable.<\/p>\n\n\n\n<p>Instamos a todos los patrocinadores, voluntarios, ponentes, asistentes y otros participantes a que nos ayuden a hacer realidad una experiencia de evento segura y positiva para todos.<\/p>\n\n\n\n<h3 class=\"wp-block-heading\">2. Ciudadan\u00eda <em>Open Source<\/em><\/h3>\n\n\n\n<p>Un objetivo adicional de este c\u00f3digo de conducta es <strong>incrementar la ciudadan\u00eda de c\u00f3digo abierto<\/strong> alentando a los participantes a reconocer y fortalecer las relaciones entre lo que hacemos y <strong>la comunidad<\/strong> en general.<\/p>\n\n\n\n<p>En el servicio de este objetivo, los organizadores de la <strong>WordCamp Galicia<\/strong> recoger\u00e1n candidaturas de ciudadanos ejemplares durante el evento y le dar\u00e1n reconocimiento en el sitio web despu\u00e9s de la conferencia.<\/p>\n\n\n\n<p>Si ves a alguien que est\u00e1 haciendo un esfuerzo extra para asegurar que nuestra comunidad resulte acogedora y amigable y que anima a todos los participantes a contribuir en la mayor medida posible lo queremos saber. Puedes nominar a alguien en la mesa de registro o dici\u00e9ndoselo a los organizadores.<\/p>\n\n\n\n<h3 class=\"wp-block-heading\">3. Comportamiento esperado<\/h3>\n\n\n\n<ul class=\"wp-block-list\"><li>S\u00e9 considerado, respetuoso y colaborativo.<\/li><li>Abstente de comportamientos y discursos degradantes, discriminatorios o de acoso.<\/li><li>S\u00e9 consciente del entorno y de tus compa\u00f1eros participantes. Alerta a los organizadores de la conferencia si observas una situaci\u00f3n peligrosa o a alguien en apuros.<\/li><li>Participa de una manera aut\u00e9ntica y activa. De este modo, est\u00e1s ayudando a crear la <strong>WordCamp Galicia<\/strong> y a hacerla propia.<\/li><\/ul>\n\n\n\n<h3 class=\"wp-block-heading\">4. Comportamiento inaceptable<\/h3>\n\n\n\n<p>Como comportamientos inaceptables se incluyen: una conducta intimidatoria, acosadora, abusiva, discriminatoria, despectiva o degradante por parte de cualquier asistente de la <strong>WordCamp Galicia<\/strong> y eventos relacionados. Todos los lugares de la <strong>WordCamp Galicia<\/strong> pueden ser compartidos con otros miembros de la sociedad; por favor, s\u00e9 respetuoso con todos los usuarios de estos sitios.<\/p>\n\n\n\n<p>El acoso incluye: comentarios verbales ofensivos relacionados con el g\u00e9nero, la orientaci\u00f3n sexual, la raza, la religi\u00f3n, la discapacidad; uso inadecuado de desnudez y\/o im\u00e1genes sexuales en espacios p\u00fablicos (incluyendo diapositivas de la presentaci\u00f3n); intimidaci\u00f3n deliberada, acecho o seguimiento; acoso con fotograf\u00eda o grabaci\u00f3n; interrupci\u00f3n sostenida de charlas y otros eventos; contacto f\u00edsico inapropiado y atenci\u00f3n sexual no deseada.<\/p>\n\n\n\n<h3 class=\"wp-block-heading\">5. Consecuencias de un comportamento inaceptable<\/h3>\n\n\n\n<p>El comportamiento inaceptable no ser\u00e1 tolerado, ya sea por parte de otros asistentes, organizadores, personal del local, patrocinadores u otros usuarios de los locales de la <strong>WordCamp Galicia<\/strong>.<\/p>\n\n\n\n<p>Se espera que cualquiera cumpla inmediatamente en caso de que se le pida que cese un comportamiento inaceptable.<\/p>\n\n\n\n<p>Si un participante se involucra en un comportamiento inaceptable, los organizadores de la conferencia pueden tomar cualquier acci\u00f3n que consideren apropiada, hasta e incluso la expulsi\u00f3n de la conferencia sin previo aviso o reembolso.<\/p>\n\n\n\n<h3 class=\"wp-block-heading\">6. \u00bfQu\u00e9 hacer si eres testigo u objeto de un comportamiento inaceptable?<\/h3>\n\n\n\n<p>Si eres objeto de un comportamiento inaceptable, eres testigo de que otra persona est\u00e1 siendo objeto de comportamiento inaceptable o tienes otras preocupaciones, por favor notif\u00edcalo a un organizador de la conferencia tan pronto como sea posible.<\/p>\n\n\n\n<p>El equipo de <strong>WordCamp Galicia<\/strong> estar\u00e1 disponible para ayudar a los participantes a contactar con la seguridad del local o las fuerzas locales de seguridad para ofrecer acompa\u00f1amiento o ayudar a aquellos que sufran un comportamiento inaceptable para que se sientan seguros mientras dure la conferencia. Los voluntarios vestir\u00e1n con un color diferente. Cualquier voluntario puede ponerte en contacto con un organizador de la conferencia. Tambi\u00e9n puedes acercarte a la mesa especial de inscripci\u00f3n en el vest\u00edbulo y preguntar por los organizadores.<\/p>\n\n\n\n<h3 class=\"wp-block-heading\">7. \u00c1mbito de aplicaci\u00f3n<\/h3>\n\n\n\n<p>Esperamos que todos los participantes de la conferencia (patrocinadores, voluntarios, ponentes, asistentes y otros invitados) cumplan con este c\u00f3digo de conducta en todas las salas de conferencia y eventos sociales relacionados con la conferencia.<\/p>\n\n\n\n<h3 class=\"wp-block-heading\">8. Informaci\u00f3n de contacto<\/h3>\n\n\n\n<p>Si te ves en la necesidad de contactar con nosotros, <a href=\"https:\/\/galicia.wordcamp.org\/2021\/contacto\/\">en la p\u00e1gina de contacto<\/a> tiene toda la informaci\u00f3n sobre como hacerlo.<\/p>\n\n\n\n<h3 class=\"wp-block-heading\">9. Licencia y atribuci\u00f3n<\/h3>\n\n\n\n<p>Este C\u00f3digo de Conducta es una copia directa del impresionante trabajo de la Open Source Bridge, pero reemplazando la informaci\u00f3n con la de nuestro evento. El original, publicado en http:\/\/opensourcebridge.org\/about\/code-of-conduct\/, puede verse <a href=\"https:\/\/web.archive.org\/web\/20191024152904\/opensourcebridge.org\/about\/code-of-conduct\/\">en esta imagen de archivo<\/a>, y fue liberado bajo una licencia de <strong><a href=\"https:\/\/creativecommons.org\/licenses\/by-sa\/3.0\/deed.es\" data-type=\"URL\" data-id=\"https:\/\/creativecommons.org\/licenses\/by-sa\/3.0\/deed.es\">Creative Commons Attribution-ShareAlike<\/a><\/strong>.<\/p>\n<\/div>\n<\/div>\n","protected":false},"excerpt":{"rendered":"<p>1. Prop\u00f3sito WordCamp Galicia cre que a nosa comunidade deber\u00eda atoparse verdadeiramente aberta todo o mundo. As\u00ed \u00e9 que nos comprometemos a proporcionar un ambiente amigable, seguro e acolledor para todos con independencia do x\u00e9nero, orientaci\u00f3n sexual, discapacidade, etnia, relixi\u00f3n, sistema operativo preferido, linguaxe de programaci\u00f3n ou editor de texto. Este c\u00f3digo de conduta resume &hellip; <a href=\"https:\/\/galicia.wordcamp.org\/2021\/codigo-de-conduta\/\" class=\"more-link\">Segue lendo<span class=\"screen-reader-text\"> \u00abC\u00d3DIGO DE CONDUTA\u00bb<\/span><\/a><\/p>\n","protected":false},"author":15689130,"featured_media":0,"parent":0,"menu_order":0,"comment_status":"closed","ping_status":"closed","template":"","meta":{"jetpack_post_was_ever_published":false,"footnotes":""},"class_list":["post-21","page","type-page","status-publish","hentry"],"jetpack_sharing_enabled":true,"_links":{"self":[{"href":"https:\/\/galicia.wordcamp.org\/2021\/wp-json\/wp\/v2\/pages\/21","targetHints":{"allow":["GET"]}}],"collection":[{"href":"https:\/\/galicia.wordcamp.org\/2021\/wp-json\/wp\/v2\/pages"}],"about":[{"href":"https:\/\/galicia.wordcamp.org\/2021\/wp-json\/wp\/v2\/types\/page"}],"author":[{"embeddable":true,"href":"https:\/\/galicia.wordcamp.org\/2021\/wp-json\/wp\/v2\/users\/15689130"}],"replies":[{"embeddable":true,"href":"https:\/\/galicia.wordcamp.org\/2021\/wp-json\/wp\/v2\/comments?post=21"}],"version-history":[{"count":10,"href":"https:\/\/galicia.wordcamp.org\/2021\/wp-json\/wp\/v2\/pages\/21\/revisions"}],"predecessor-version":[{"id":2273,"href":"https:\/\/galicia.wordcamp.org\/2021\/wp-json\/wp\/v2\/pages\/21\/revisions\/2273"}],"wp:attachment":[{"href":"https:\/\/galicia.wordcamp.org\/2021\/wp-json\/wp\/v2\/media?parent=21"}],"curies":[{"name":"wp","href":"https:\/\/api.w.org\/{rel}","templated":true}]}}