{"id":13,"date":"2021-05-24T13:29:07","date_gmt":"2021-05-24T11:29:07","guid":{"rendered":"https:\/\/galicia.wordcamp.org\/2021\/?page_id=13"},"modified":"2021-09-30T15:14:54","modified_gmt":"2021-09-30T13:14:54","slug":"entradas","status":"publish","type":"page","link":"https:\/\/galicia.wordcamp.org\/2021\/entradas\/","title":{"rendered":"ENTRADAS GRATU\u00cdTAS"},"content":{"rendered":"\n<div class=\"wp-block-columns is-layout-flex wp-container-core-columns-is-layout-9d6595d7 wp-block-columns-is-layout-flex\">\n<div class=\"wp-block-column is-layout-flow wp-block-column-is-layout-flow\">\n<div class=\"wp-block-buttons is-layout-flex wp-block-buttons-is-layout-flex\">\n<div class=\"wp-block-button solo-movil\"><a class=\"wp-block-button__link\" href=\"#espanol\"><em>Ver en espa\u00f1ol<\/em><\/a><\/div>\n<\/div>\n\n\n\n<p>Queres formar parte de primeira WordCamp Galicia <em>Online<\/em>?<\/p>\n\n\n\n<p>WordCamp Galicia 2021 ser\u00e1 un evento en li\u00f1a pero queremos que sexa unha experiencia diferente, un punto de encontro entre usuarios onde co\u00f1ecerse, intercambiar ideas e crear sinerxias. Podes ver as charlas desde YouTube, pero se te rexistras ter\u00e1s estas vantaxes:<\/p>\n\n\n\n<ul class=\"wp-block-list\"><li>Comunicaci\u00f3ns exclusivas para os usuarios rexistrados<\/li><li>Agasallos dixitais, sorteos e promoci\u00f3ns exclusivas dos nosos patrocinadores<\/li><li>Acceso a salas de networking privadas con relatores, organizadores e outros asistentes e \u00e1s actividades do \u00faltimo d\u00eda<\/li><\/ul>\n<\/div>\n\n\n\n<div class=\"wp-block-column columna-espanol is-layout-flow wp-block-column-is-layout-flow\" id=\"espanol\">\n<p>\u00bfQui\u00e9res formar parte de la primera WordCamp Galicia Online?<\/p>\n\n\n\n<p>WordCamp Galicia 2021 ser\u00e1 un evento en l\u00ednea pero queremos que sea una experiencia diferente, un punto de encuentro entre usuarios donde conocerse, intercambiar ideas y crear sin\u00e9rgias. Puedes ver las charlas desde YouTube, pero si te registras tendr\u00e1s estas ventajas:<\/p>\n\n\n\n<ul class=\"wp-block-list\"><li>Comunicaciones exclusivas para los usuarios registrados<\/li><li>Obsequios digitales, sorteos y promociones exclusivas de nuestros patrocinadores<\/li><li>Acceso a salas de networking privadas con ponentes, organizadores y otros asistentes y a las actividades del \u00faltimo d\u00eda<\/li><\/ul>\n<\/div>\n<\/div>\n\n\n<a href=\"https:\/\/galicia.wordcamp.org\/2021\/entradas\/\">Please view this page in a browser to purchase or manage tickets.<\/a>\n","protected":false},"excerpt":{"rendered":"<p>Queres formar parte de primeira WordCamp Galicia Online? WordCamp Galicia 2021 ser\u00e1 un evento en li\u00f1a pero queremos que sexa unha experiencia diferente, un punto de encontro entre usuarios onde co\u00f1ecerse, intercambiar ideas e crear sinerxias. Podes ver as charlas desde YouTube, pero se te rexistras ter\u00e1s estas vantaxes: Comunicaci\u00f3ns exclusivas para os usuarios rexistrados &hellip; <a href=\"https:\/\/galicia.wordcamp.org\/2021\/entradas\/\" class=\"more-link\">Segue lendo<span class=\"screen-reader-text\"> \u00abENTRADAS GRATU\u00cdTAS\u00bb<\/span><\/a><\/p>\n","protected":false},"author":15689130,"featured_media":0,"parent":0,"menu_order":0,"comment_status":"closed","ping_status":"closed","template":"","meta":{"jetpack_post_was_ever_published":false,"footnotes":""},"class_list":["post-13","page","type-page","status-publish","hentry"],"jetpack_sharing_enabled":true,"_links":{"self":[{"href":"https:\/\/galicia.wordcamp.org\/2021\/wp-json\/wp\/v2\/pages\/13","targetHints":{"allow":["GET"]}}],"collection":[{"href":"https:\/\/galicia.wordcamp.org\/2021\/wp-json\/wp\/v2\/pages"}],"about":[{"href":"https:\/\/galicia.wordcamp.org\/2021\/wp-json\/wp\/v2\/types\/page"}],"author":[{"embeddable":true,"href":"https:\/\/galicia.wordcamp.org\/2021\/wp-json\/wp\/v2\/users\/15689130"}],"replies":[{"embeddable":true,"href":"https:\/\/galicia.wordcamp.org\/2021\/wp-json\/wp\/v2\/comments?post=13"}],"version-history":[{"count":4,"href":"https:\/\/galicia.wordcamp.org\/2021\/wp-json\/wp\/v2\/pages\/13\/revisions"}],"predecessor-version":[{"id":2296,"href":"https:\/\/galicia.wordcamp.org\/2021\/wp-json\/wp\/v2\/pages\/13\/revisions\/2296"}],"wp:attachment":[{"href":"https:\/\/galicia.wordcamp.org\/2021\/wp-json\/wp\/v2\/media?parent=13"}],"curies":[{"name":"wp","href":"https:\/\/api.w.org\/{rel}","templated":true}]}}